{"id":322,"date":"2017-07-04T14:21:44","date_gmt":"2017-07-04T18:21:44","guid":{"rendered":"http:\/\/braultdemenagement.com\/?page_id=322\/"},"modified":"2024-11-04T11:20:42","modified_gmt":"2024-11-04T16:20:42","slug":"home","status":"publish","type":"page","link":"https:\/\/braultdemenagement.com\/en\/","title":{"rendered":"Home"},"content":{"rendered":"<div class=\"wpb-content-wrapper\">[mk_page_section bg_image=&#8221;https:\/\/braultdemenagement.com\/wp-content\/uploads\/2020\/08\/transport-demenagement.jpg&#8221; bg_color=&#8221;#ffffff&#8221; bg_position=&#8221;center center&#8221; bg_repeat=&#8221;no-repeat&#8221; bg_stretch=&#8221;true&#8221; enable_3d=&#8221;true&#8221; bg_video=&#8221;yes&#8221; mp4=&#8221;https:\/\/embed-ssl.wistia.com\/deliveries\/7dbbd8026c5fd6eb73a1c348d382bae3ee837f66.bin&#8221; webm=&#8221;https:\/\/embed-ssl.wistia.com\/deliveries\/7dbbd8026c5fd6eb73a1c348d382bae3ee837f66.bin&#8221; ogv=&#8221;https:\/\/embed-ssl.wistia.com\/deliveries\/7dbbd8026c5fd6eb73a1c348d382bae3ee837f66.bin&#8221; video_color_mask=&#8221;#000000&#8243; video_opacity=&#8221;0.25&#8243; min_height=&#8221;650&#8243; full_width=&#8221;true&#8221; visibility=&#8221;visible-sm&#8221; el_class=&#8221;bjm-estimate-form&#8221; sidebar=&#8221;sidebar-1&#8243;][vc_column width=&#8221;1\/12&#8243;][\/vc_column][vc_column width=&#8221;7\/12&#8243;][mk_padding_divider size=&#8221;90&#8243; visibility=&#8221;hidden-sm&#8221;][mk_padding_divider size=&#8221;60&#8243;][vc_column_text el_class=&#8221;bjm-h2-title&#8221; css=&#8221;.vc_custom_1700755629875{margin-bottom: 0px !important;}&#8221;]\n<h2 style=\"color: #fff;\">EFFECTIVE,<br \/>\nFAST AND<br \/>\nSAFE MOVING<\/h2>\n[\/vc_column_text][mk_button dimension=&#8221;flat&#8221; size=&#8221;large&#8221; url=&#8221;\/en\/residential-commercial-moving-services-laval-contact-us\/&#8221; el_class=&#8221;bjm-gold&#8221; bg_color=&#8221;#bc955a&#8221; btn_hover_bg=&#8221;#0a0a0a&#8221; btn_hover_txt_color=&#8221;#ffffff&#8221;]Contact us[\/mk_button][mk_padding_divider size=&#8221;60&#8243;][\/vc_column][vc_column width=&#8221;1\/3&#8243;]\n<div class=\"wpcf7 no-js\" id=\"wpcf7-f1663-o1\" lang=\"fr-FR\" dir=\"ltr\" data-wpcf7-id=\"1663\">\n<div class=\"screen-reader-response\"><p role=\"status\" aria-live=\"polite\" aria-atomic=\"true\"><\/p> <ul><\/ul><\/div>\n<form action=\"\/en\/wp-json\/wp\/v2\/pages\/322#wpcf7-f1663-o1\" method=\"post\" class=\"wpcf7-form init\" aria-label=\"Formulaire de contact\" novalidate=\"novalidate\" data-status=\"init\">\n<fieldset class=\"hidden-fields-container\"><input type=\"hidden\" name=\"_wpcf7\" value=\"1663\" \/><input type=\"hidden\" name=\"_wpcf7_version\" value=\"6.1.5\" \/><input type=\"hidden\" name=\"_wpcf7_locale\" value=\"fr_FR\" \/><input type=\"hidden\" name=\"_wpcf7_unit_tag\" value=\"wpcf7-f1663-o1\" \/><input type=\"hidden\" name=\"_wpcf7_container_post\" value=\"0\" \/><input type=\"hidden\" name=\"_wpcf7_posted_data_hash\" value=\"\" \/><input type=\"hidden\" name=\"_wpcf7_recaptcha_response\" value=\"\" \/>\n<\/fieldset>\n<div class=\"bjm-estimation-form\">\n\t<h3>Information request\n\t<\/h3>\n\t<p><span class=\"wpcf7-form-control-wrap\" data-name=\"your-name\"><input size=\"40\" maxlength=\"400\" class=\"wpcf7-form-control wpcf7-text wpcf7-validates-as-required\" autocomplete=\"off\" aria-required=\"true\" aria-invalid=\"false\" placeholder=\"Full name*\" value=\"\" type=\"text\" name=\"your-name\" \/><\/span><br \/>\n<span class=\"wpcf7-form-control-wrap\" data-name=\"your-tel\"><input size=\"40\" maxlength=\"400\" class=\"wpcf7-form-control wpcf7-tel wpcf7-validates-as-required wpcf7-text wpcf7-validates-as-tel\" autocomplete=\"off\" aria-required=\"true\" aria-invalid=\"false\" placeholder=\"Phone*\" value=\"\" type=\"tel\" name=\"your-tel\" \/><\/span><br \/>\n<span class=\"wpcf7-form-control-wrap\" data-name=\"your-email\"><input size=\"40\" maxlength=\"400\" class=\"wpcf7-form-control wpcf7-email wpcf7-validates-as-required wpcf7-text wpcf7-validates-as-email\" autocomplete=\"off\" aria-required=\"true\" aria-invalid=\"false\" placeholder=\"Email*\" value=\"\" type=\"email\" name=\"your-email\" \/><\/span><br \/>\n<span class=\"wpcf7-form-control-wrap\" data-name=\"your-res-com\"><span class=\"wpcf7-form-control wpcf7-radio\"><span class=\"wpcf7-list-item first\"><label><input type=\"radio\" name=\"your-res-com\" value=\"Residential\" checked=\"checked\" \/><span class=\"wpcf7-list-item-label\">Residential<\/span><\/label><\/span><span class=\"wpcf7-list-item last\"><label><input type=\"radio\" name=\"your-res-com\" value=\"Commercial\" \/><span class=\"wpcf7-list-item-label\">Commercial<\/span><\/label><\/span><\/span><\/span>\n\t<\/p>\n\t<div style=\"height:5px\">\n\t<\/div>\n\t<p><span class=\"bjm-slider-form-field\">Moving date*<\/span><br \/>\n<span class=\"wpcf7-form-control-wrap\" data-name=\"your-date\"><input size=\"40\" maxlength=\"400\" class=\"wpcf7-form-control wpcf7-text wpcf7-validates-as-required\" autocomplete=\"off\" aria-required=\"true\" aria-invalid=\"false\" placeholder=\"dd\/mm\/yyyy\" value=\"\" type=\"text\" name=\"your-date\" \/><\/span><br \/>\n<span class=\"wpcf7-form-control-wrap\" data-name=\"city-start\"><input size=\"40\" maxlength=\"400\" class=\"wpcf7-form-control wpcf7-text wpcf7-validates-as-required\" autocomplete=\"off\" aria-required=\"true\" aria-invalid=\"false\" placeholder=\"From (city)*\" value=\"\" type=\"text\" name=\"city-start\" \/><\/span><br \/>\n<span class=\"wpcf7-form-control-wrap\" data-name=\"city-end\"><input size=\"40\" maxlength=\"400\" class=\"wpcf7-form-control wpcf7-text wpcf7-validates-as-required\" autocomplete=\"off\" aria-required=\"true\" aria-invalid=\"false\" placeholder=\"To (city)*\" value=\"\" type=\"text\" name=\"city-end\" \/><\/span><br \/>\n<input class=\"wpcf7-form-control wpcf7-submit has-spinner\" type=\"submit\" value=\"Send\" \/><br \/>\n<script>\ndocument.addEventListener( 'wpcf7mailsent', function( event ) {\n location = 'https:\/\/braultdemenagement.com\/en\/thank-you\/';\n}, false );\n<\/script>\n\t<\/p>\n<\/div><div class=\"wpcf7-response-output\" aria-hidden=\"true\"><\/div>\n<\/form>\n<\/div>\n[\/vc_column][\/mk_page_section][mk_page_section bg_image=&#8221;https:\/\/braultdemenagement.com\/wp-content\/uploads\/2020\/08\/transport-demenagement.jpg&#8221; bg_color=&#8221;#ffffff&#8221; bg_position=&#8221;center center&#8221; bg_repeat=&#8221;no-repeat&#8221; bg_stretch=&#8221;true&#8221; enable_3d=&#8221;true&#8221; bg_video=&#8221;yes&#8221; mp4=&#8221;https:\/\/embed-ssl.wistia.com\/deliveries\/7c7c4777e102b42bb93cef74bd94e907aee6c9c8.bin&#8221; webm=&#8221;https:\/\/embed-ssl.wistia.com\/deliveries\/7c7c4777e102b42bb93cef74bd94e907aee6c9c8.bin&#8221; ogv=&#8221;https:\/\/embed-ssl.wistia.com\/deliveries\/7c7c4777e102b42bb93cef74bd94e907aee6c9c8.bin&#8221; video_color_mask=&#8221;#000000&#8243; video_opacity=&#8221;0.25&#8243; min_height=&#8221;650&#8243; full_width=&#8221;true&#8221; visibility=&#8221;hidden-sm&#8221; el_class=&#8221;bjm-estimate-form&#8221; sidebar=&#8221;sidebar-1&#8243;][vc_column width=&#8221;1\/12&#8243;][\/vc_column][vc_column width=&#8221;7\/12&#8243;][mk_padding_divider size=&#8221;90&#8243; visibility=&#8221;hidden-sm&#8221;][mk_padding_divider size=&#8221;60&#8243;][vc_column_text el_class=&#8221;bjm-h2-title&#8221; css=&#8221;.vc_custom_1700755644280{margin-bottom: 0px !important;}&#8221;]\n<h2 style=\"color: #fff;\">EFFECTIVE,<br \/>\nFAST AND<br \/>\nSAFE MOVING<\/h2>\n[\/vc_column_text][mk_button dimension=&#8221;flat&#8221; size=&#8221;large&#8221; url=&#8221;\/en\/residential-commercial-moving-services-laval-contact-us\/&#8221; el_class=&#8221;bjm-gold&#8221; bg_color=&#8221;#bc955a&#8221; btn_hover_bg=&#8221;#095595&#8243; btn_hover_txt_color=&#8221;#ffffff&#8221;]Contact us[\/mk_button][mk_padding_divider size=&#8221;60&#8243;][\/vc_column][vc_column width=&#8221;1\/3&#8243;]\n<div class=\"wpcf7 no-js\" id=\"wpcf7-f1663-o2\" lang=\"fr-FR\" dir=\"ltr\" data-wpcf7-id=\"1663\">\n<div class=\"screen-reader-response\"><p role=\"status\" aria-live=\"polite\" aria-atomic=\"true\"><\/p> <ul><\/ul><\/div>\n<form action=\"\/en\/wp-json\/wp\/v2\/pages\/322#wpcf7-f1663-o2\" method=\"post\" class=\"wpcf7-form init\" aria-label=\"Formulaire de contact\" novalidate=\"novalidate\" data-status=\"init\">\n<fieldset class=\"hidden-fields-container\"><input type=\"hidden\" name=\"_wpcf7\" value=\"1663\" \/><input type=\"hidden\" name=\"_wpcf7_version\" value=\"6.1.5\" \/><input type=\"hidden\" name=\"_wpcf7_locale\" value=\"fr_FR\" \/><input type=\"hidden\" name=\"_wpcf7_unit_tag\" value=\"wpcf7-f1663-o2\" \/><input type=\"hidden\" name=\"_wpcf7_container_post\" value=\"0\" \/><input type=\"hidden\" name=\"_wpcf7_posted_data_hash\" value=\"\" \/><input type=\"hidden\" name=\"_wpcf7_recaptcha_response\" value=\"\" \/>\n<\/fieldset>\n<div class=\"bjm-estimation-form\">\n\t<h3>Information request\n\t<\/h3>\n\t<p><span class=\"wpcf7-form-control-wrap\" data-name=\"your-name\"><input size=\"40\" maxlength=\"400\" class=\"wpcf7-form-control wpcf7-text wpcf7-validates-as-required\" autocomplete=\"off\" aria-required=\"true\" aria-invalid=\"false\" placeholder=\"Full name*\" value=\"\" type=\"text\" name=\"your-name\" \/><\/span><br \/>\n<span class=\"wpcf7-form-control-wrap\" data-name=\"your-tel\"><input size=\"40\" maxlength=\"400\" class=\"wpcf7-form-control wpcf7-tel wpcf7-validates-as-required wpcf7-text wpcf7-validates-as-tel\" autocomplete=\"off\" aria-required=\"true\" aria-invalid=\"false\" placeholder=\"Phone*\" value=\"\" type=\"tel\" name=\"your-tel\" \/><\/span><br \/>\n<span class=\"wpcf7-form-control-wrap\" data-name=\"your-email\"><input size=\"40\" maxlength=\"400\" class=\"wpcf7-form-control wpcf7-email wpcf7-validates-as-required wpcf7-text wpcf7-validates-as-email\" autocomplete=\"off\" aria-required=\"true\" aria-invalid=\"false\" placeholder=\"Email*\" value=\"\" type=\"email\" name=\"your-email\" \/><\/span><br \/>\n<span class=\"wpcf7-form-control-wrap\" data-name=\"your-res-com\"><span class=\"wpcf7-form-control wpcf7-radio\"><span class=\"wpcf7-list-item first\"><label><input type=\"radio\" name=\"your-res-com\" value=\"Residential\" checked=\"checked\" \/><span class=\"wpcf7-list-item-label\">Residential<\/span><\/label><\/span><span class=\"wpcf7-list-item last\"><label><input type=\"radio\" name=\"your-res-com\" value=\"Commercial\" \/><span class=\"wpcf7-list-item-label\">Commercial<\/span><\/label><\/span><\/span><\/span>\n\t<\/p>\n\t<div style=\"height:5px\">\n\t<\/div>\n\t<p><span class=\"bjm-slider-form-field\">Moving date*<\/span><br \/>\n<span class=\"wpcf7-form-control-wrap\" data-name=\"your-date\"><input size=\"40\" maxlength=\"400\" class=\"wpcf7-form-control wpcf7-text wpcf7-validates-as-required\" autocomplete=\"off\" aria-required=\"true\" aria-invalid=\"false\" placeholder=\"dd\/mm\/yyyy\" value=\"\" type=\"text\" name=\"your-date\" \/><\/span><br \/>\n<span class=\"wpcf7-form-control-wrap\" data-name=\"city-start\"><input size=\"40\" maxlength=\"400\" class=\"wpcf7-form-control wpcf7-text wpcf7-validates-as-required\" autocomplete=\"off\" aria-required=\"true\" aria-invalid=\"false\" placeholder=\"From (city)*\" value=\"\" type=\"text\" name=\"city-start\" \/><\/span><br \/>\n<span class=\"wpcf7-form-control-wrap\" data-name=\"city-end\"><input size=\"40\" maxlength=\"400\" class=\"wpcf7-form-control wpcf7-text wpcf7-validates-as-required\" autocomplete=\"off\" aria-required=\"true\" aria-invalid=\"false\" placeholder=\"To (city)*\" value=\"\" type=\"text\" name=\"city-end\" \/><\/span><br \/>\n<input class=\"wpcf7-form-control wpcf7-submit has-spinner\" type=\"submit\" value=\"Send\" \/><br \/>\n<script>\ndocument.addEventListener( 'wpcf7mailsent', function( event ) {\n location = 'https:\/\/braultdemenagement.com\/en\/thank-you\/';\n}, false );\n<\/script>\n\t<\/p>\n<\/div><div class=\"wpcf7-response-output\" aria-hidden=\"true\"><\/div>\n<\/form>\n<\/div>\n[\/vc_column][\/mk_page_section][mk_page_section bg_color=&#8221;#f1f1f1&#8243; min_height=&#8221;10&#8243; padding_top=&#8221;45&#8243; padding_bottom=&#8221;45&#8243; sidebar=&#8221;sidebar-1&#8243;][vc_column][vc_column_text align=&#8221;center&#8221; css=&#8221;.vc_custom_1726168686665{margin-bottom: 0px !important;}&#8221;]\n<h3 style=\"text-align: center; text-transform: none; font-size: 28px; margin-bottom: 0;\">#1 moving company in Laval since 1956<\/h3>\n[\/vc_column_text][\/vc_column][\/mk_page_section][mk_page_section el_class=&#8221;bjm-white-text&#8221; sidebar=&#8221;sidebar-1&#8243;][vc_column][mk_padding_divider size=&#8221;20&#8243; visibility=&#8221;visible-sm&#8221;][mk_animated_columns column_height=&#8221;520&#8243; order=&#8221;ASC&#8221; bg_color=&#8221;#ffffff&#8221; bg_hover_color=&#8221;#ffffff&#8221; icon_size=&#8221;64&#8243; btn_color=&#8221;#ffffff&#8221; btn_hover_color=&#8221;#092f57&#8243; btn_hover_txt_color=&#8221;#ffffff&#8221;][mk_padding_divider size=&#8221;20&#8243; visibility=&#8221;visible-sm&#8221;][\/vc_column][\/mk_page_section][mk_page_section sidebar=&#8221;sidebar-1&#8243;][vc_column][vc_row_inner css=&#8221;.vc_custom_1531941287435{padding-top: 90px !important;padding-bottom: 90px !important;background-image: url(https:\/\/braultdemenagement.com\/wp-content\/uploads\/2018\/07\/slider-4_opt2.jpg?id=921) !important;background-position: center !important;background-repeat: no-repeat !important;background-size: cover !important;}&#8221;][vc_column_inner][mk_padding_divider size=&#8221;240&#8243; visibility=&#8221;hidden-sm&#8221;][\/vc_column_inner][\/vc_row_inner][mk_padding_divider size=&#8221;90&#8243;][vc_row_inner][vc_column_inner][vc_column_text align=&#8221;center&#8221; css=&#8221;.vc_custom_1726168759434{margin-bottom: 0px !important;}&#8221;]\n<h1>Brault D\u00e9m\u00e9nagement, your dedicated movers in Laval and Greater Montr\u00e9al<\/h1>\n<p>Jean-Guy Brault D\u00e9m\u00e9nagement is a family business and has been based in Laval for over 65 years. With the know-how and considerable expertise at our disposal, we are able to offer our customers a rapid, efficient and secure <strong>moving service<\/strong>.<\/p>\n<p>Our commitment as professional <strong>movers<\/strong>: to provide a smooth, problem-free moving service for you seven days a week![\/vc_column_text][\/vc_column_inner][\/vc_row_inner][mk_padding_divider size=&#8221;90&#8243;][vc_row_inner][vc_column_inner width=&#8221;1\/2&#8243;][mk_custom_box padding_vertical=&#8221;40&#8243; padding_horizental=&#8221;40&#8243; min_height=&#8221;660&#8243; bg_color=&#8221;#f1f1f1&#8243;][vc_column_text css=&#8221;.vc_custom_1726168788937{margin-bottom: 0px !important;}&#8221;]\n<h2 style=\"font-size: 2.8em; line-height: 1.5em;\">A successful move guaranteed<\/h2>\n<p>You can count on our meticulous and courteous\u00a0<em>movers<\/em>\u00a0to ensure the success of your residential and\u00a0<a href=\"http:\/\/braultdemenagement.com\/en\/commercial-moving\/\">commercial moving<\/a>. The entire team at Jean-Guy Brault D\u00e9m\u00e9nagement works together to organize and plan every stage of your\u00a0<strong>move<\/strong>\u00a0and ensure the work is carried out to a high standard.[\/vc_column_text][mk_button dimension=&#8221;flat&#8221; size=&#8221;medium&#8221; url=&#8221;\/en\/residential-moving\/&#8221; margin_top=&#8221;10&#8243; margin_bottom=&#8221;20&#8243; margin_right=&#8221;0&#8243; el_class=&#8221;bjm-white-button&#8221; bg_color=&#8221;#ffffff&#8221; btn_hover_bg=&#8221;rgba(255,255,255,0.85)&#8221; btn_hover_txt_color=&#8221;#ffffff&#8221;]Learn more about our warranty and insurance[\/mk_button][vc_separator align=&#8221;align_left&#8221; el_width=&#8221;50&#8243; css=&#8221;.vc_custom_1494588544082{padding-top: 15px !important;padding-bottom: 15px !important;}&#8221;][vc_column_text css=&#8221;.vc_custom_1700755913923{margin-bottom: 0px !important;}&#8221;]\n<h2 style=\"font-size: 2em;\">Experts in long distance and local moves<\/h2>\n<p><img decoding=\"async\" src=\"http:\/\/braultdemenagement.com\/wp-content\/uploads\/drapeaux.png\" alt=\"D\u00e9m\u00e9nagement local et longue distance\" \/>[\/vc_column_text][\/mk_custom_box][\/vc_column_inner][vc_column_inner width=&#8221;1\/2&#8243;][vc_separator align=&#8221;align_right&#8221; el_width=&#8221;50&#8243; css=&#8221;.vc_custom_1494588549157{padding-top: 15px !important;padding-bottom: 15px !important;}&#8221;][vc_column_text align=&#8221;right&#8221; css=&#8221;.vc_custom_1726168802297{margin-bottom: 0px !important;}&#8221;]\n<h2>Mobile moving company<\/h2>\n<p>As a <strong>moving company<\/strong>, be it for a move in Laval, in Montreal or abroad, we will follow you! For long distances, we set up a joint organization to ensure a smooth running of your long distance move. Our <em>moving company <\/em>suits your needs and your schedule.[\/vc_column_text][vc_video link=&#8221;https:\/\/youtu.be\/1v5HFb30wpA&#8221;][\/vc_column_inner][\/vc_row_inner][mk_padding_divider size=&#8221;90&#8243;][vc_column_text css=&#8221;.vc_custom_1729080212623{margin-bottom: 0px !important;}&#8221;]Our <strong>professional movers<\/strong> are experienced in large-scale operations and offer you the reliability and speed of a professional service: from packaging to transport, to unpacking cartons and positioning furniture, our moving firm guarantees you a job well done that will meet your expectations. Contact us to get a quote for your project!<\/p>\n<p>For the packaging of your valuables and delicate items, trust our meticulous <em>movers<\/em>: Brault D\u00e9m\u00e9nagement offers an efficient and fast service, and prides itself on its professional handling of the goods in its care. Once moved, leave us the task of placing your items, according to your tastes, in your new home. No mountain of boxes to unpack, Brault D\u00e9m\u00e9nagement offers you an unpacking service for a cozy welcome to your new home from the first day. Leaving you time to discover your new neighborhood![\/vc_column_text][mk_padding_divider size=&#8221;60&#8243;][\/vc_column][\/mk_page_section][mk_page_section bg_color=&#8221;#1b5270&#8243; padding_top=&#8221;90&#8243; padding_bottom=&#8221;90&#8243; el_class=&#8221;bjm-allgrey&#8221; sidebar=&#8221;sidebar-1&#8243;][vc_column][vc_column_text css=&#8221;.vc_custom_1708706254551{margin-bottom: 0px !important;}&#8221;]\n<h2 style=\"text-align: center;\">Areas served by our moving company<\/h2>\n<p style=\"text-align: center;\">Although Brault D\u00e9m\u00e9nagement is located in Laval, our movers also travel to all surrounding cities on the North Shore and in Montreal, in addition to offering a <a href=\"\/en\/residential-moving\/long-distance-move\/\">long-distance moving<\/a> service.<\/p>\n<p style=\"text-align: center;\">Here is an overview of the cities our moving company serves:<\/p>\n[\/vc_column_text][vc_row_inner][vc_column_inner width=&#8221;1\/6&#8243;][\/vc_column_inner][vc_column_inner width=&#8221;1\/3&#8243;][vc_column_text css=&#8221;.vc_custom_1708706279417{margin-bottom: 0px !important;}&#8221;]\n<ul>\n<li style=\"text-align: left;\"><a href=\"\/en\/residential-moving\/laval\/\">Laval Moving<\/a><\/li>\n<li style=\"text-align: left;\"><a href=\"\/en\/residential-moving\/montreal\/\">Montreal Moving<\/a><\/li>\n<li style=\"text-align: left;\"><a href=\"https:\/\/braultdemenagement.com\/en\/residential-moving\/north-shore-moving\/\">North Shore Moving<\/a><\/li>\n<li style=\"text-align: left;\"><a href=\"\/en\/residential-moving\/laurentians\/\">Moving in the Laurentians<\/a><\/li>\n<li style=\"text-align: left;\"><a href=\"https:\/\/braultdemenagement.com\/en\/residential-moving\/lanaudiere\/\">Lanaudiere Moving <\/a><\/li>\n<li style=\"text-align: left;\"><a href=\"\/en\/residential-moving\/blainville\/\">Blainville Moving<\/a><\/li>\n<li style=\"text-align: left;\"><a href=\"https:\/\/braultdemenagement.com\/en\/residential-moving\/boisbriand\/\">Boisbriand Moving<\/a><\/li>\n<li style=\"text-align: left;\"><a href=\"https:\/\/braultdemenagement.com\/en\/residential-moving\/mascouche\/\">Mascouche Moving<\/a><\/li>\n<li style=\"text-align: left;\"><a href=\"\/en\/residential-moving\/mirabel\/\">Mirabel Moving<\/a><\/li>\n<\/ul>\n[\/vc_column_text][\/vc_column_inner][vc_column_inner width=&#8221;1\/3&#8243;][vc_column_text css=&#8221;.vc_custom_1708706290417{margin-bottom: 0px !important;}&#8221;]\n<ul>\n<li style=\"text-align: left;\"><a href=\"\/en\/residential-moving\/laurentians\/\">Mont-Tremblant Moving<\/a><\/li>\n<li style=\"text-align: left;\"><a href=\"https:\/\/braultdemenagement.com\/en\/residential-moving\/montreal-east-pointe-aux-trembles-moving\/\">Montreal East Moving<\/a><\/li>\n<li style=\"text-align: left;\"><a href=\"https:\/\/braultdemenagement.com\/en\/residential-moving\/montreal-east-pointe-aux-trembles-moving\/\">Pointe-aux-Trembles Moving<\/a><\/li>\n<li style=\"text-align: left;\"><a href=\"https:\/\/braultdemenagement.com\/en\/residential-moving\/repentigny\/\"> Repentigny Moving<\/a><\/li>\n<li style=\"text-align: left;\"><a href=\"\/en\/residential-moving\/rosemere\/\">Rosem\u00e8re Moving<\/a><\/li>\n<li style=\"text-align: left;\"><a href=\"https:\/\/braultdemenagement.com\/en\/residential-moving\/st-eustache\/\">St-Eustache Moving<\/a><\/li>\n<li style=\"text-align: left;\"><a href=\"https:\/\/braultdemenagement.com\/en\/residential-moving\/st-jerome\/\">St-J\u00e9r\u00f4me Moving<\/a><\/li>\n<li style=\"text-align: left;\"><a href=\"\/en\/residential-moving\/ste-therese\/\">Ste-Th\u00e9r\u00e8se Moving<\/a><\/li>\n<li style=\"text-align: left;\"><a href=\"\/en\/residential-moving\/terrebonne\/\">Terrebonne Moving<\/a><\/li>\n<\/ul>\n[\/vc_column_text][\/vc_column_inner][vc_column_inner width=&#8221;1\/6&#8243;][\/vc_column_inner][\/vc_row_inner][mk_button dimension=&#8221;flat&#8221; size=&#8221;x-large&#8221; url=&#8221;\/en\/residential-commercial-moving-services-laval-contact-us\/&#8221; align=&#8221;center&#8221; margin_top=&#8221;15&#8243; margin_bottom=&#8221;0&#8243; margin_right=&#8221;0&#8243; bg_color=&#8221;#a39161&#8243; btn_hover_bg=&#8221;#ba9a51&#8243;]Book your move[\/mk_button][\/vc_column][\/mk_page_section][mk_page_section bg_image=&#8221;https:\/\/braultdemenagement.com\/wp-content\/uploads\/2020\/07\/istock-1140961203-opta.jpg&#8221; bg_position=&#8221;center center&#8221; bg_repeat=&#8221;no-repeat&#8221; bg_stretch=&#8221;true&#8221; video_color_mask=&#8221;#1b5270&#8243; video_opacity=&#8221;0.75&#8243; padding_top=&#8221;90&#8243; padding_bottom=&#8221;90&#8243; el_class=&#8221;bjm-top-quarters bjm-allwhite&#8221; sidebar=&#8221;sidebar-1&#8243;][vc_column][vc_column_text align=&#8221;center&#8221; css=&#8221;.vc_custom_1545334209264{margin-bottom: 0px !important;padding-bottom: 60px !important;}&#8221;]\n<h2>What our customers have to say\u2026<\/h2>\n[\/vc_column_text][vc_row_inner css=&#8221;.vc_custom_1545334985929{padding-top: 0px !important;padding-right: 0px !important;padding-bottom: 0px !important;padding-left: 0px !important;}&#8221;][vc_column_inner][mk_testimonials skin=&#8221;light&#8221; count=&#8221;-1&#8243; categories=&#8221;home&#8221;][\/vc_column_inner][\/vc_row_inner][\/vc_column][\/mk_page_section]\n<\/div>","protected":false},"excerpt":{"rendered":"<p>[mk_page_section bg_image=&#8221;https:\/\/braultdemenagement.com\/wp-content\/uploads\/2020\/08\/transport-demenagement.jpg&#8221; bg_color=&#8221;#ffffff&#8221; bg_position=&#8221;center center&#8221; bg_repeat=&#8221;no-repeat&#8221; bg_stretch=&#8221;true&#8221; enable_3d=&#8221;true&#8221; bg_video=&#8221;yes&#8221; mp4=&#8221;https:\/\/embed-ssl.wistia.com\/deliveries\/7dbbd8026c5fd6eb73a1c348d382bae3ee837f66.bin&#8221; webm=&#8221;https:\/\/embed-ssl.wistia.com\/deliveries\/7dbbd8026c5fd6eb73a1c348d382bae3ee837f66.bin&#8221; ogv=&#8221;https:\/\/embed-ssl.wistia.com\/deliveries\/7dbbd8026c5fd6eb73a1c348d382bae3ee837f66.bin&#8221; video_color_mask=&#8221;#000000&#8243; video_opacity=&#8221;0.25&#8243; min_height=&#8221;650&#8243; full_width=&#8221;true&#8221; visibility=&#8221;visible-sm&#8221; el_class=&#8221;bjm-estimate-form&#8221; sidebar=&#8221;sidebar-1&#8243;][vc_column width=&#8221;1\/12&#8243;][\/vc_column][vc_column width=&#8221;7\/12&#8243;][mk_padding_divider size=&#8221;90&#8243; visibility=&#8221;hidden-sm&#8221;][mk_padding_divider size=&#8221;60&#8243;][vc_column_text el_class=&#8221;bjm-h2-title&#8221; css=&#8221;.vc_custom_1700755629875{margin-bottom: 0px !important;}&#8221;] EFFECTIVE, FAST AND SAFE MOVING [\/vc_column_text][mk_button dimension=&#8221;flat&#8221; size=&#8221;large&#8221; url=&#8221;\/en\/residential-commercial-moving-services-laval-contact-us\/&#8221; el_class=&#8221;bjm-gold&#8221; bg_color=&#8221;#bc955a&#8221; btn_hover_bg=&#8221;#0a0a0a&#8221; btn_hover_txt_color=&#8221;#ffffff&#8221;]Contact us[\/mk_button][mk_padding_divider size=&#8221;60&#8243;][\/vc_column][vc_column width=&#8221;1\/3&#8243;][\/vc_column][\/mk_page_section][mk_page_section bg_image=&#8221;https:\/\/braultdemenagement.com\/wp-content\/uploads\/2020\/08\/transport-demenagement.jpg&#8221; bg_color=&#8221;#ffffff&#8221; bg_position=&#8221;center center&#8221; bg_repeat=&#8221;no-repeat&#8221; bg_stretch=&#8221;true&#8221; enable_3d=&#8221;true&#8221; bg_video=&#8221;yes&#8221; mp4=&#8221;https:\/\/embed-ssl.wistia.com\/deliveries\/7c7c4777e102b42bb93cef74bd94e907aee6c9c8.bin&#8221; webm=&#8221;https:\/\/embed-ssl.wistia.com\/deliveries\/7c7c4777e102b42bb93cef74bd94e907aee6c9c8.bin&#8221; ogv=&#8221;https:\/\/embed-ssl.wistia.com\/deliveries\/7c7c4777e102b42bb93cef74bd94e907aee6c9c8.bin&#8221; [&hellip;]<\/p>\n","protected":false},"author":2,"featured_media":3019,"parent":0,"menu_order":0,"comment_status":"closed","ping_status":"closed","template":"","meta":{"footnotes":""},"class_list":["post-322","page","type-page","status-publish","has-post-thumbnail","hentry"],"_links":{"self":[{"href":"https:\/\/braultdemenagement.com\/en\/wp-json\/wp\/v2\/pages\/322","targetHints":{"allow":["GET"]}}],"collection":[{"href":"https:\/\/braultdemenagement.com\/en\/wp-json\/wp\/v2\/pages"}],"about":[{"href":"https:\/\/braultdemenagement.com\/en\/wp-json\/wp\/v2\/types\/page"}],"author":[{"embeddable":true,"href":"https:\/\/braultdemenagement.com\/en\/wp-json\/wp\/v2\/users\/2"}],"replies":[{"embeddable":true,"href":"https:\/\/braultdemenagement.com\/en\/wp-json\/wp\/v2\/comments?post=322"}],"version-history":[{"count":34,"href":"https:\/\/braultdemenagement.com\/en\/wp-json\/wp\/v2\/pages\/322\/revisions"}],"predecessor-version":[{"id":7705,"href":"https:\/\/braultdemenagement.com\/en\/wp-json\/wp\/v2\/pages\/322\/revisions\/7705"}],"wp:featuredmedia":[{"embeddable":true,"href":"https:\/\/braultdemenagement.com\/en\/wp-json\/wp\/v2\/media\/3019"}],"wp:attachment":[{"href":"https:\/\/braultdemenagement.com\/en\/wp-json\/wp\/v2\/media?parent=322"}],"curies":[{"name":"wp","href":"https:\/\/api.w.org\/{rel}","templated":true}]}}