{"id":3737,"date":"2021-04-14T08:26:51","date_gmt":"2021-04-14T12:26:51","guid":{"rendered":"https:\/\/braultdemenagement.com\/?page_id=3737"},"modified":"2024-11-04T11:21:10","modified_gmt":"2024-11-04T16:21:10","slug":"laval","status":"publish","type":"page","link":"https:\/\/braultdemenagement.com\/en\/residential-moving\/laval\/","title":{"rendered":"Laval moving"},"content":{"rendered":"<div class=\"wpb-content-wrapper\">[vc_row fullwidth=&#8221;true&#8221; fullwidth_content=&#8221;false&#8221; css=&#8221;.vc_custom_1651605059429{background-color: #f7f7f7 !important;}&#8221; el_class=&#8221;bjm-bc&#8221;][vc_column css=&#8221;.vc_custom_1651601447636{padding-top: 18px !important;padding-bottom: 9px !important;}&#8221;][vc_column_text css=&#8221;.vc_custom_1651600806659{margin-bottom: 0px !important;}&#8221;]<span><span><a href=\"https:\/\/braultdemenagement.com\/en\/\">Home<\/a><\/span><\/span>[\/vc_column_text][\/vc_column][\/vc_row][mk_page_section bg_image=&#8221;https:\/\/braultdemenagement.com\/wp-content\/uploads\/2021\/04\/demenagement-laval-opt.jpg&#8221; bg_color=&#8221;#ffffff&#8221; bg_position=&#8221;center center&#8221; bg_repeat=&#8221;no-repeat&#8221; bg_stretch=&#8221;true&#8221; enable_3d=&#8221;true&#8221; video_color_mask=&#8221;#000000&#8243; video_opacity=&#8221;0.25&#8243; min_height=&#8221;650&#8243; full_width=&#8221;true&#8221; js_vertical_centered=&#8221;true&#8221; sidebar=&#8221;sidebar-1&#8243;][vc_column width=&#8221;1\/12&#8243;][\/vc_column][vc_column width=&#8221;7\/12&#8243;][mk_padding_divider size=&#8221;120&#8243; visibility=&#8221;hidden-sm&#8221;][mk_padding_divider size=&#8221;60&#8243;][vc_column_text el_class=&#8221;bjm-h2-title&#8221; css=&#8221;.vc_custom_1618402727204{margin-bottom: 0px !important;}&#8221;]\n<h2>Brault D\u00e9m\u00e9nagement: Professional Movers in Laval since 1956<\/h2>\n[\/vc_column_text][mk_button dimension=&#8221;flat&#8221; size=&#8221;large&#8221; url=&#8221;\/en\/residential-commercial-moving-services-laval-contact-us\/&#8221;]Contact us[\/mk_button][mk_padding_divider size=&#8221;60&#8243;][\/vc_column][vc_column width=&#8221;1\/3&#8243; el_class=&#8221;bjm-estimate-form&#8221;]\n<div class=\"wpcf7 no-js\" id=\"wpcf7-f1663-o1\" lang=\"fr-FR\" dir=\"ltr\" data-wpcf7-id=\"1663\">\n<div class=\"screen-reader-response\"><p role=\"status\" aria-live=\"polite\" aria-atomic=\"true\"><\/p> <ul><\/ul><\/div>\n<form action=\"\/en\/wp-json\/wp\/v2\/pages\/3737#wpcf7-f1663-o1\" method=\"post\" class=\"wpcf7-form init\" aria-label=\"Formulaire de contact\" novalidate=\"novalidate\" data-status=\"init\">\n<fieldset class=\"hidden-fields-container\"><input type=\"hidden\" name=\"_wpcf7\" value=\"1663\" \/><input type=\"hidden\" name=\"_wpcf7_version\" value=\"6.1.5\" \/><input type=\"hidden\" name=\"_wpcf7_locale\" value=\"fr_FR\" \/><input type=\"hidden\" name=\"_wpcf7_unit_tag\" value=\"wpcf7-f1663-o1\" \/><input type=\"hidden\" name=\"_wpcf7_container_post\" value=\"0\" \/><input type=\"hidden\" name=\"_wpcf7_posted_data_hash\" value=\"\" \/><input type=\"hidden\" name=\"_wpcf7_recaptcha_response\" value=\"\" \/>\n<\/fieldset>\n<div class=\"bjm-estimation-form\">\n\t<h3>Information request\n\t<\/h3>\n\t<p><span class=\"wpcf7-form-control-wrap\" data-name=\"your-name\"><input size=\"40\" maxlength=\"400\" class=\"wpcf7-form-control wpcf7-text wpcf7-validates-as-required\" autocomplete=\"off\" aria-required=\"true\" aria-invalid=\"false\" placeholder=\"Full name*\" value=\"\" type=\"text\" name=\"your-name\" \/><\/span><br \/>\n<span class=\"wpcf7-form-control-wrap\" data-name=\"your-tel\"><input size=\"40\" maxlength=\"400\" class=\"wpcf7-form-control wpcf7-tel wpcf7-validates-as-required wpcf7-text wpcf7-validates-as-tel\" autocomplete=\"off\" aria-required=\"true\" aria-invalid=\"false\" placeholder=\"Phone*\" value=\"\" type=\"tel\" name=\"your-tel\" \/><\/span><br \/>\n<span class=\"wpcf7-form-control-wrap\" data-name=\"your-email\"><input size=\"40\" maxlength=\"400\" class=\"wpcf7-form-control wpcf7-email wpcf7-validates-as-required wpcf7-text wpcf7-validates-as-email\" autocomplete=\"off\" aria-required=\"true\" aria-invalid=\"false\" placeholder=\"Email*\" value=\"\" type=\"email\" name=\"your-email\" \/><\/span><br \/>\n<span class=\"wpcf7-form-control-wrap\" data-name=\"your-res-com\"><span class=\"wpcf7-form-control wpcf7-radio\"><span class=\"wpcf7-list-item first\"><label><input type=\"radio\" name=\"your-res-com\" value=\"Residential\" checked=\"checked\" \/><span class=\"wpcf7-list-item-label\">Residential<\/span><\/label><\/span><span class=\"wpcf7-list-item last\"><label><input type=\"radio\" name=\"your-res-com\" value=\"Commercial\" \/><span class=\"wpcf7-list-item-label\">Commercial<\/span><\/label><\/span><\/span><\/span>\n\t<\/p>\n\t<div style=\"height:5px\">\n\t<\/div>\n\t<p><span class=\"bjm-slider-form-field\">Moving date*<\/span><br \/>\n<span class=\"wpcf7-form-control-wrap\" data-name=\"your-date\"><input size=\"40\" maxlength=\"400\" class=\"wpcf7-form-control wpcf7-text wpcf7-validates-as-required\" autocomplete=\"off\" aria-required=\"true\" aria-invalid=\"false\" placeholder=\"dd\/mm\/yyyy\" value=\"\" type=\"text\" name=\"your-date\" \/><\/span><br \/>\n<span class=\"wpcf7-form-control-wrap\" data-name=\"city-start\"><input size=\"40\" maxlength=\"400\" class=\"wpcf7-form-control wpcf7-text wpcf7-validates-as-required\" autocomplete=\"off\" aria-required=\"true\" aria-invalid=\"false\" placeholder=\"From (city)*\" value=\"\" type=\"text\" name=\"city-start\" \/><\/span><br \/>\n<span class=\"wpcf7-form-control-wrap\" data-name=\"city-end\"><input size=\"40\" maxlength=\"400\" class=\"wpcf7-form-control wpcf7-text wpcf7-validates-as-required\" autocomplete=\"off\" aria-required=\"true\" aria-invalid=\"false\" placeholder=\"To (city)*\" value=\"\" type=\"text\" name=\"city-end\" \/><\/span><br \/>\n<input class=\"wpcf7-form-control wpcf7-submit has-spinner\" type=\"submit\" value=\"Send\" \/><br \/>\n<script>\ndocument.addEventListener( 'wpcf7mailsent', function( event ) {\n location = 'https:\/\/braultdemenagement.com\/en\/thank-you\/';\n}, false );\n<\/script>\n\t<\/p>\n<\/div><div class=\"wpcf7-response-output\" aria-hidden=\"true\"><\/div>\n<\/form>\n<\/div>\n[\/vc_column][\/mk_page_section][mk_page_section sidebar=&#8221;sidebar-1&#8243;][vc_column][mk_padding_divider size=&#8221;90&#8243;][vc_row_inner][vc_column_inner][vc_column_text align=&#8221;center&#8221; css=&#8221;.vc_custom_1618503342228{margin-bottom: 0px !important;}&#8221;]\n<h1>Hiring a Laval moving company<\/h1>\n<p>Moving in Laval can introduce a substantial challenge for people out on the market. Anyone new to the community will want to identify the best overall Laval moving company. Brault D\u00e9m\u00e9nagement movers will be ready to manage all aspects of the project, helping people link up with the resources that they need along the way. It may be helpful for people to review some of the steps that are involved with moving. Thanks to our experience as <em>Laval moving company<\/em>, our movers will be able to streamline this process and help people get on their way.[\/vc_column_text][\/vc_column_inner][\/vc_row_inner][mk_padding_divider size=&#8221;90&#8243;][vc_row_inner][vc_column_inner width=&#8221;1\/12&#8243; css=&#8221;.vc_custom_1494593645880{padding-right: 60px !important;}&#8221;][\/vc_column_inner][vc_column_inner width=&#8221;10\/12&#8243;][vc_column_text align=&#8221;center&#8221; css=&#8221;.vc_custom_1618503450274{margin-bottom: 0px !important;}&#8221;]\n<h2 style=\"font-size: 2em;\">Professional Movers in Laval: the key to a successful move!<\/h2>\n<p>When searching for the right movers, choosing the best overall vendor will be an important point to consider. A moving company should ideally have the ability to get people to any destination. These <em>Laval<\/em> <em>movers <\/em>should be ready to help people get to their location quickly as well. Owners should hire on a North-Shore moving company that will also have experience keeping track of everything during the move. This will ensure that owners don\u2019t lose possessions during the move that they are undertaking.<\/p>\n<p>Our professional movers will also be ready to <a href=\"\/en\/packing-unpacking\/\">pack and unpack your belongings<\/a>. This could help the moving process unfold much more quickly. When loading belongings into a truck, the moving team can prevent stacks from shifting. This will help keep everything stable and prevent breakages along the way. This will help keep everything safe and make sure that people keep their trip going as they should.[\/vc_column_text][mk_padding_divider size=&#8221;90&#8243;][vc_separator el_width=&#8221;50&#8243; css=&#8221;.vc_custom_1494593680800{padding-top: 15px !important;padding-bottom: 15px !important;}&#8221;][mk_padding_divider size=&#8221;60&#8243;][vc_column_text align=&#8221;center&#8221; css=&#8221;.vc_custom_1651776081319{margin-bottom: 0px !important;}&#8221;]\n<h2 style=\"font-size: 2em;\">Complete moving services<\/h2>\n<p>Most owners will appreciate getting a breakdown of how the moving process should work over time. This could be a major test for owners who need to deal with these different types of problems over time. Anyone moving likely understands that they need to stick to a strict timeline during the course of the process. They should work with the team to manage these issues on a step by step basis.<\/p>\n<p>No matter what kind of experience people have with moving, this could add to the utility they could expect when they try out Brault D\u00e9m\u00e9nagement! Contact our professional movers today for a free estimate.<\/p>\n<p>If you\u2019re out of Laval area, please consider our services as <a href=\"\/en\/residential-moving\/montreal\/\">Montreal moving company<\/a>, <a href=\"\/en\/residential-moving\/laurentians\/\">moving company in the Laurentians<\/a>\u00a0or <a href=\"\/en\/residential-moving\/blainville\/\">Blainville movers<\/a>.[\/vc_column_text][mk_padding_divider size=&#8221;90&#8243;][\/vc_column_inner][vc_column_inner width=&#8221;1\/12&#8243;][\/vc_column_inner][\/vc_row_inner][\/vc_column][\/mk_page_section][mk_page_section bg_color=&#8221;#ffffff&#8221; sidebar=&#8221;sidebar-1&#8243;][vc_column][mk_padding_divider size=&#8221;90&#8243;][vc_row_inner][vc_column_inner width=&#8221;2\/3&#8243;][vc_column_text align=&#8221;center&#8221; css=&#8221;.vc_custom_1629166727705{margin-bottom: 0px !important;}&#8221;]\n<h2 style=\"color: #404040;\">About Laval<\/h2>\n<p style=\"color: #808080;\">With 437,000 residents, Laval is the third most important city in Quebec, after Montreal and Quebec City. Bordered by two rivers, the Rivi\u00e8re des Mille \u00celes on the north and the Rivi\u00e8re des Prairies on the south, Laval occupies a total area of 267 km\u00b2, 246 km\u00b2 of which are land. It is adjacent to Montreal to the south and the regions of Lanaudi\u00e8re and the Laurentians to the north.<\/p>\n<p style=\"color: #808080;\">Laval benefits from easy access via a great number of national highways (Autoroutes 13, 15, 19, 25 and 440) and provincial highways (Routes 125, 148, 335 and 117), as well as mass transit, including three metro stations and several train stations.<\/p>\n<p style=\"color: #808080;\">The city of Laval offers diversity and pleasant living conditions with numerous parks and green spaces, business districts, and sports and recreation centers, as well as a diversity of educational and healthcare facilities.<\/p>\n[\/vc_column_text][\/vc_column_inner][vc_column_inner width=&#8221;1\/3&#8243;][vc_single_image image=&#8221;3836&#8243; img_size=&#8221;full&#8221;][\/vc_column_inner][\/vc_row_inner][mk_padding_divider size=&#8221;90&#8243;][\/vc_column][\/mk_page_section][mk_page_section bg_color=&#8221;#1b5270&#8243; padding_top=&#8221;90&#8243; padding_bottom=&#8221;90&#8243; el_class=&#8221;bjm-allgrey&#8221; sidebar=&#8221;sidebar-1&#8243;][vc_column el_class=&#8221;bjm-allgrey&#8221;][mk_button dimension=&#8221;flat&#8221; size=&#8221;x-large&#8221; url=&#8221;\/en\/residential-commercial-moving-services-laval-contact-us\/&#8221; align=&#8221;center&#8221; margin_top=&#8221;15&#8243; margin_bottom=&#8221;0&#8243; margin_right=&#8221;0&#8243; bg_color=&#8221;#a39161&#8243; btn_hover_bg=&#8221;#ba9a51&#8243;]Ask for a free estimate[\/mk_button][\/vc_column][\/mk_page_section]\n<\/div>","protected":false},"excerpt":{"rendered":"<p>[vc_row fullwidth=&#8221;true&#8221; fullwidth_content=&#8221;false&#8221; css=&#8221;.vc_custom_1651605059429{background-color: #f7f7f7 !important;}&#8221; el_class=&#8221;bjm-bc&#8221;][vc_column css=&#8221;.vc_custom_1651601447636{padding-top: 18px !important;padding-bottom: 9px !important;}&#8221;][vc_column_text css=&#8221;.vc_custom_1651600806659{margin-bottom: 0px !important;}&#8221;][\/vc_column_text][\/vc_column][\/vc_row][mk_page_section bg_image=&#8221;https:\/\/braultdemenagement.com\/wp-content\/uploads\/2021\/04\/demenagement-laval-opt.jpg&#8221; bg_color=&#8221;#ffffff&#8221; bg_position=&#8221;center center&#8221; bg_repeat=&#8221;no-repeat&#8221; bg_stretch=&#8221;true&#8221; enable_3d=&#8221;true&#8221; video_color_mask=&#8221;#000000&#8243; video_opacity=&#8221;0.25&#8243; min_height=&#8221;650&#8243; full_width=&#8221;true&#8221; js_vertical_centered=&#8221;true&#8221; sidebar=&#8221;sidebar-1&#8243;][vc_column width=&#8221;1\/12&#8243;][\/vc_column][vc_column width=&#8221;7\/12&#8243;][mk_padding_divider size=&#8221;120&#8243; visibility=&#8221;hidden-sm&#8221;][mk_padding_divider size=&#8221;60&#8243;][vc_column_text el_class=&#8221;bjm-h2-title&#8221; css=&#8221;.vc_custom_1618402727204{margin-bottom: 0px !important;}&#8221;] Brault D\u00e9m\u00e9nagement: Professional Movers in Laval since 1956 [\/vc_column_text][mk_button dimension=&#8221;flat&#8221; size=&#8221;large&#8221; url=&#8221;\/en\/residential-commercial-moving-services-laval-contact-us\/&#8221;]Contact us[\/mk_button][mk_padding_divider size=&#8221;60&#8243;][\/vc_column][vc_column width=&#8221;1\/3&#8243; el_class=&#8221;bjm-estimate-form&#8221;][\/vc_column][\/mk_page_section][mk_page_section sidebar=&#8221;sidebar-1&#8243;][vc_column][mk_padding_divider size=&#8221;90&#8243;][vc_row_inner][vc_column_inner][vc_column_text [&hellip;]<\/p>\n","protected":false},"author":2,"featured_media":3836,"parent":332,"menu_order":0,"comment_status":"closed","ping_status":"closed","template":"","meta":{"footnotes":""},"class_list":["post-3737","page","type-page","status-publish","has-post-thumbnail","hentry"],"_links":{"self":[{"href":"https:\/\/braultdemenagement.com\/en\/wp-json\/wp\/v2\/pages\/3737","targetHints":{"allow":["GET"]}}],"collection":[{"href":"https:\/\/braultdemenagement.com\/en\/wp-json\/wp\/v2\/pages"}],"about":[{"href":"https:\/\/braultdemenagement.com\/en\/wp-json\/wp\/v2\/types\/page"}],"author":[{"embeddable":true,"href":"https:\/\/braultdemenagement.com\/en\/wp-json\/wp\/v2\/users\/2"}],"replies":[{"embeddable":true,"href":"https:\/\/braultdemenagement.com\/en\/wp-json\/wp\/v2\/comments?post=3737"}],"version-history":[{"count":12,"href":"https:\/\/braultdemenagement.com\/en\/wp-json\/wp\/v2\/pages\/3737\/revisions"}],"predecessor-version":[{"id":7706,"href":"https:\/\/braultdemenagement.com\/en\/wp-json\/wp\/v2\/pages\/3737\/revisions\/7706"}],"up":[{"embeddable":true,"href":"https:\/\/braultdemenagement.com\/en\/wp-json\/wp\/v2\/pages\/332"}],"wp:featuredmedia":[{"embeddable":true,"href":"https:\/\/braultdemenagement.com\/en\/wp-json\/wp\/v2\/media\/3836"}],"wp:attachment":[{"href":"https:\/\/braultdemenagement.com\/en\/wp-json\/wp\/v2\/media?parent=3737"}],"curies":[{"name":"wp","href":"https:\/\/api.w.org\/{rel}","templated":true}]}}