{"id":3897,"date":"2021-05-20T08:36:29","date_gmt":"2021-05-20T12:36:29","guid":{"rendered":"https:\/\/braultdemenagement.com\/?page_id=3897"},"modified":"2024-11-04T11:29:29","modified_gmt":"2024-11-04T16:29:29","slug":"mirabel","status":"publish","type":"page","link":"https:\/\/braultdemenagement.com\/en\/residential-moving\/mirabel\/","title":{"rendered":"Mirabel Moving"},"content":{"rendered":"<div class=\"wpb-content-wrapper\">[vc_row fullwidth=&#8221;true&#8221; fullwidth_content=&#8221;false&#8221; css=&#8221;.vc_custom_1651605192781{background-color: #f7f7f7 !important;}&#8221; el_class=&#8221;bjm-bc&#8221;][vc_column css=&#8221;.vc_custom_1651601447636{padding-top: 18px !important;padding-bottom: 9px !important;}&#8221;][vc_column_text css=&#8221;.vc_custom_1651600806659{margin-bottom: 0px !important;}&#8221;]<span><span><a href=\"https:\/\/braultdemenagement.com\/en\/\">Home<\/a><\/span><\/span>[\/vc_column_text][\/vc_column][\/vc_row][mk_page_section bg_image=&#8221;https:\/\/braultdemenagement.com\/wp-content\/uploads\/2021\/05\/foret-mirabel.jpg&#8221; bg_color=&#8221;#ffffff&#8221; bg_position=&#8221;center center&#8221; bg_repeat=&#8221;no-repeat&#8221; bg_stretch=&#8221;true&#8221; enable_3d=&#8221;true&#8221; video_color_mask=&#8221;#000000&#8243; video_opacity=&#8221;0.3&#8243; min_height=&#8221;650&#8243; full_width=&#8221;true&#8221; el_class=&#8221;bjm-estimate-form&#8221; sidebar=&#8221;sidebar-1&#8243;][vc_column width=&#8221;1\/12&#8243;][\/vc_column][vc_column width=&#8221;7\/12&#8243;][mk_padding_divider size=&#8221;120&#8243; visibility=&#8221;hidden-sm&#8221;][mk_padding_divider size=&#8221;60&#8243;][vc_column_text el_class=&#8221;bjm-h2-title&#8221; css=&#8221;.vc_custom_1621513529641{margin-bottom: 0px !important;}&#8221;]\n<h2><b>Are you moving to or from Mirabel or the surrounding areas?<\/b><\/h2>\n[\/vc_column_text][mk_button dimension=&#8221;flat&#8221; size=&#8221;large&#8221; url=&#8221;\/en\/residential-commercial-moving-services-laval-contact-us\/&#8221;]Information request[\/mk_button][mk_padding_divider size=&#8221;60&#8243;][\/vc_column][vc_column width=&#8221;1\/3&#8243;]\n<div class=\"wpcf7 no-js\" id=\"wpcf7-f1663-o1\" lang=\"fr-FR\" dir=\"ltr\" data-wpcf7-id=\"1663\">\n<div class=\"screen-reader-response\"><p role=\"status\" aria-live=\"polite\" aria-atomic=\"true\"><\/p> <ul><\/ul><\/div>\n<form action=\"\/en\/wp-json\/wp\/v2\/pages\/3897#wpcf7-f1663-o1\" method=\"post\" class=\"wpcf7-form init\" aria-label=\"Formulaire de contact\" novalidate=\"novalidate\" data-status=\"init\">\n<fieldset class=\"hidden-fields-container\"><input type=\"hidden\" name=\"_wpcf7\" value=\"1663\" \/><input type=\"hidden\" name=\"_wpcf7_version\" value=\"6.1.5\" \/><input type=\"hidden\" name=\"_wpcf7_locale\" value=\"fr_FR\" \/><input type=\"hidden\" name=\"_wpcf7_unit_tag\" value=\"wpcf7-f1663-o1\" \/><input type=\"hidden\" name=\"_wpcf7_container_post\" value=\"0\" \/><input type=\"hidden\" name=\"_wpcf7_posted_data_hash\" value=\"\" \/><input type=\"hidden\" name=\"_wpcf7_recaptcha_response\" value=\"\" \/>\n<\/fieldset>\n<div class=\"bjm-estimation-form\">\n\t<h3>Information request\n\t<\/h3>\n\t<p><span class=\"wpcf7-form-control-wrap\" data-name=\"your-name\"><input size=\"40\" maxlength=\"400\" class=\"wpcf7-form-control wpcf7-text wpcf7-validates-as-required\" autocomplete=\"off\" aria-required=\"true\" aria-invalid=\"false\" placeholder=\"Full name*\" value=\"\" type=\"text\" name=\"your-name\" \/><\/span><br \/>\n<span class=\"wpcf7-form-control-wrap\" data-name=\"your-tel\"><input size=\"40\" maxlength=\"400\" class=\"wpcf7-form-control wpcf7-tel wpcf7-validates-as-required wpcf7-text wpcf7-validates-as-tel\" autocomplete=\"off\" aria-required=\"true\" aria-invalid=\"false\" placeholder=\"Phone*\" value=\"\" type=\"tel\" name=\"your-tel\" \/><\/span><br \/>\n<span class=\"wpcf7-form-control-wrap\" data-name=\"your-email\"><input size=\"40\" maxlength=\"400\" class=\"wpcf7-form-control wpcf7-email wpcf7-validates-as-required wpcf7-text wpcf7-validates-as-email\" autocomplete=\"off\" aria-required=\"true\" aria-invalid=\"false\" placeholder=\"Email*\" value=\"\" type=\"email\" name=\"your-email\" \/><\/span><br \/>\n<span class=\"wpcf7-form-control-wrap\" data-name=\"your-res-com\"><span class=\"wpcf7-form-control wpcf7-radio\"><span class=\"wpcf7-list-item first\"><label><input type=\"radio\" name=\"your-res-com\" value=\"Residential\" checked=\"checked\" \/><span class=\"wpcf7-list-item-label\">Residential<\/span><\/label><\/span><span class=\"wpcf7-list-item last\"><label><input type=\"radio\" name=\"your-res-com\" value=\"Commercial\" \/><span class=\"wpcf7-list-item-label\">Commercial<\/span><\/label><\/span><\/span><\/span>\n\t<\/p>\n\t<div style=\"height:5px\">\n\t<\/div>\n\t<p><span class=\"bjm-slider-form-field\">Moving date*<\/span><br \/>\n<span class=\"wpcf7-form-control-wrap\" data-name=\"your-date\"><input size=\"40\" maxlength=\"400\" class=\"wpcf7-form-control wpcf7-text wpcf7-validates-as-required\" autocomplete=\"off\" aria-required=\"true\" aria-invalid=\"false\" placeholder=\"dd\/mm\/yyyy\" value=\"\" type=\"text\" name=\"your-date\" \/><\/span><br \/>\n<span class=\"wpcf7-form-control-wrap\" data-name=\"city-start\"><input size=\"40\" maxlength=\"400\" class=\"wpcf7-form-control wpcf7-text wpcf7-validates-as-required\" autocomplete=\"off\" aria-required=\"true\" aria-invalid=\"false\" placeholder=\"From (city)*\" value=\"\" type=\"text\" name=\"city-start\" \/><\/span><br \/>\n<span class=\"wpcf7-form-control-wrap\" data-name=\"city-end\"><input size=\"40\" maxlength=\"400\" class=\"wpcf7-form-control wpcf7-text wpcf7-validates-as-required\" autocomplete=\"off\" aria-required=\"true\" aria-invalid=\"false\" placeholder=\"To (city)*\" value=\"\" type=\"text\" name=\"city-end\" \/><\/span><br \/>\n<input class=\"wpcf7-form-control wpcf7-submit has-spinner\" type=\"submit\" value=\"Send\" \/><br \/>\n<script>\ndocument.addEventListener( 'wpcf7mailsent', function( event ) {\n location = 'https:\/\/braultdemenagement.com\/en\/thank-you\/';\n}, false );\n<\/script>\n\t<\/p>\n<\/div><div class=\"wpcf7-response-output\" aria-hidden=\"true\"><\/div>\n<\/form>\n<\/div>\n[\/vc_column][\/mk_page_section][mk_page_section sidebar=&#8221;sidebar-1&#8243;][vc_column][mk_padding_divider size=&#8221;90&#8243;][vc_row_inner][vc_column_inner][vc_column_text align=&#8221;center&#8221; css=&#8221;.vc_custom_1621513683569{margin-bottom: 0px !important;}&#8221;]\n<h1>Moving services in Mirabel<\/h1>\n<p>Are you planning to come live in Mirabel or to leave the area and move somewhere else? Call on the professional team at <strong>Brault D\u00e9m\u00e9nagement<\/strong> to transport your belongings. We serve not only Mirabel but also the Greater Montreal area, Laval, the North Shore and the Laurentians.<\/p>\n<p>A <a href=\"\/en\/residential-moving\/\">residential move doesn\u2019t have to be a hassle<\/a> or a source of stress. Entrust your move to our seasoned movers and you\u2019ll avoid all of the inconveniences moving can entail! We\u2019ll pack, move, unpack and arrange your furniture and your personal effects with utmost care. The professionals at Brault D\u00e9m\u00e9nagement guarantee you outstanding service at affordable prices.[\/vc_column_text][\/vc_column_inner][\/vc_row_inner][mk_padding_divider size=&#8221;90&#8243;][\/vc_column][\/mk_page_section][mk_page_section bg_image=&#8221;https:\/\/braultdemenagement.com\/wp-content\/uploads\/2020\/08\/transport-demenagement.jpg&#8221; bg_color=&#8221;#1b5270&#8243; video_color_mask=&#8221;#1b5270&#8243; video_opacity=&#8221;0.7&#8243; padding_top=&#8221;90&#8243; padding_bottom=&#8221;90&#8243; el_class=&#8221;bjm-allwhite&#8221; sidebar=&#8221;sidebar-1&#8243;][vc_column][vc_row_inner][vc_column_inner width=&#8221;1\/12&#8243; css=&#8221;.vc_custom_1494593645880{padding-right: 60px !important;}&#8221;][\/vc_column_inner][vc_column_inner width=&#8221;10\/12&#8243;][vc_column_text align=&#8221;center&#8221; css=&#8221;.vc_custom_1676653508719{margin-bottom: 0px !important;}&#8221;]\n<h2 style=\"font-size: 2em;\">Expert moving service in Mirabel<\/h2>\n<p><strong>Brault D\u00e9m\u00e9nagement is your moving service in Mirabel and the surrounding areas.<\/strong> We\u2019ll manage your residential move as promptly as possible, all while offering you incomparably professional, courteous and efficient service, thanks to our more than 65 years of experience in the moving industry. At Brault D\u00e9m\u00e9nagement, we have the knowledge and skill it takes to transport even your most prized possessions!<\/p>\n<p>In fact, when you entrust your move to our teams of movers, you won\u2019t have to worry about a thing. We\u2019ll pack, transport and unpack your furnishings and belongings with utmost attention to detail, regardless of their size or weight. We\u2019ll take particular care with your most fragile items in order to transport them safely and securely with no risk of breakage or damage. What\u2019s more, we can offer you high-quality <a href=\"\/en\/storage-laval\/\">short- or long-term storage<\/a> for your belongings in our secure storage units, which are heated, clean and easy to access at any time.[\/vc_column_text][mk_padding_divider size=&#8221;90&#8243;][vc_separator el_width=&#8221;50&#8243; css=&#8221;.vc_custom_1494593680800{padding-top: 15px !important;padding-bottom: 15px !important;}&#8221;][mk_padding_divider size=&#8221;60&#8243;][vc_column_text align=&#8221;center&#8221; css=&#8221;.vc_custom_1730737757866{margin-bottom: 0px !important;}&#8221;]\n<h2 style=\"font-size: 1.9em;\">Our insurance, your guarantee<\/h2>\n<p>The team at Brault D\u00e9m\u00e9nagement will take every precaution to avoid damaging your property, whether in the home you\u2019re moving out of or the one you\u2019re moving into. This includes using protective mats on your floors and wrapping your furniture and mattresses in clean protective covers. You can also take advantage of our <a href=\"\/en\/packing-unpacking\/\">packing service<\/a> to ensure the optimal protection of your belongings during transport.<\/p>\n<p>You\u2019ll be happy to know that we offer you an insurance certificate that covers your property during moving and transport. Our coverage includes the following:<\/p>\n<ul>\n<li>$5 million in civil liability insurance<\/li>\n<li>$1 million in shipping insurance<\/li>\n<\/ul>\n<p>There\u2019s a 48-hour deadline to submit a claim, which will be subject to a deductible of $125 plus tax. With Brault D\u00e9m\u00e9nagement, you can rest assured that your move will come off without a hitch.<\/p>\n<p><strong><a href=\"\/en\/residential-commercial-moving-services-laval-contact-us\/\">Contact us for more information<\/a><\/strong>[\/vc_column_text][mk_padding_divider size=&#8221;45&#8243;][\/vc_column_inner][vc_column_inner width=&#8221;1\/12&#8243;][\/vc_column_inner][\/vc_row_inner][\/vc_column][\/mk_page_section][mk_page_section bg_color=&#8221;#ffffff&#8221; sidebar=&#8221;sidebar-1&#8243;][vc_column][mk_padding_divider size=&#8221;90&#8243;][vc_row_inner][vc_column_inner width=&#8221;2\/3&#8243;][vc_column_text align=&#8221;center&#8221; css=&#8221;.vc_custom_1629166660311{margin-bottom: 0px !important;}&#8221;]\n<h2 style=\"color: #404040;\">About Mirabel<\/h2>\n<p style=\"color: #808080;\">Located in the Laurentians, about twenty kilometers to the north of Montreal, the <a href=\"https:\/\/mirabel.ca\/\" target=\"_blank\" rel=\"noopener\">city of Mirabel<\/a> is the largest municipality in the Montreal Metropolitan Area, covering an area of 486.8 square kilometers. As such, 87 percent of the territory is reserved for agricultural activities.<\/p>\n<p style=\"color: #808080;\">Mirabel has a relatively young population (with an average age of 35) and strong growth with more than 59,600 residents.<\/p>\n<p style=\"color: #808080;\">If offers a pleasant, high-quality living environment with numerous parks and green spaces (including two regional parks: Parc r\u00e9gional \u00e9ducatif du Bois-de-Belle-Rivi\u00e8re and Parc du Domaine Vert), large-scale events (Snow Festival, Maple Sugaring Season, exhibitions, etc.) and various sporting activities (riding schools, snowmobile and ATV trails, three arenas, ten golf courses, 133 km of bicycle lanes, etc.).<\/p>\n<p style=\"color: #808080;\">Mirabel includes a highway industrial park with commercial zones (including the M\u00e9gacentre Premium Outlets Montr\u00e9al) and industrial zones, as well as a world-class aviation hub, including the Montr\u00e9al\u2013Mirabel International Airport, which has been strictly devoted to the transport of merchandise since November of 2004.<\/p>\n[\/vc_column_text][\/vc_column_inner][vc_column_inner width=&#8221;1\/3&#8243;][vc_single_image image=&#8221;3900&#8243; img_size=&#8221;full&#8221;][\/vc_column_inner][\/vc_row_inner][mk_padding_divider size=&#8221;90&#8243;][\/vc_column][\/mk_page_section][mk_page_section bg_color=&#8221;#e1e1e1&#8243; padding_top=&#8221;90&#8243; padding_bottom=&#8221;90&#8243; sidebar=&#8221;sidebar-1&#8243;][vc_column][vc_column_text align=&#8221;center&#8221; css=&#8221;.vc_custom_1651776229987{margin-bottom: 0px !important;}&#8221;]We also offer <a href=\"\/en\/residential-moving\/laval\/\">moving services in Laval<\/a>, <a href=\"\/en\/residential-moving\/laurentians\/\">moving services in the Laurentians<\/a> and <a href=\"\/en\/residential-moving\/blainville\/\">moving services in Blainville<\/a>.[\/vc_column_text][mk_button dimension=&#8221;flat&#8221; size=&#8221;x-large&#8221; url=&#8221;\/en\/residential-commercial-moving-services-laval-contact-us\/&#8221; align=&#8221;center&#8221; margin_top=&#8221;15&#8243; margin_bottom=&#8221;0&#8243; margin_right=&#8221;0&#8243; bg_color=&#8221;#a39161&#8243; btn_hover_bg=&#8221;#ba9a51&#8243;]Contact us[\/mk_button][\/vc_column][\/mk_page_section]\n<\/div>","protected":false},"excerpt":{"rendered":"<p>[vc_row fullwidth=&#8221;true&#8221; fullwidth_content=&#8221;false&#8221; css=&#8221;.vc_custom_1651605192781{background-color: #f7f7f7 !important;}&#8221; el_class=&#8221;bjm-bc&#8221;][vc_column css=&#8221;.vc_custom_1651601447636{padding-top: 18px !important;padding-bottom: 9px !important;}&#8221;][vc_column_text css=&#8221;.vc_custom_1651600806659{margin-bottom: 0px !important;}&#8221;][\/vc_column_text][\/vc_column][\/vc_row][mk_page_section bg_image=&#8221;https:\/\/braultdemenagement.com\/wp-content\/uploads\/2021\/05\/foret-mirabel.jpg&#8221; bg_color=&#8221;#ffffff&#8221; bg_position=&#8221;center center&#8221; bg_repeat=&#8221;no-repeat&#8221; bg_stretch=&#8221;true&#8221; enable_3d=&#8221;true&#8221; video_color_mask=&#8221;#000000&#8243; video_opacity=&#8221;0.3&#8243; min_height=&#8221;650&#8243; full_width=&#8221;true&#8221; el_class=&#8221;bjm-estimate-form&#8221; sidebar=&#8221;sidebar-1&#8243;][vc_column width=&#8221;1\/12&#8243;][\/vc_column][vc_column width=&#8221;7\/12&#8243;][mk_padding_divider size=&#8221;120&#8243; visibility=&#8221;hidden-sm&#8221;][mk_padding_divider size=&#8221;60&#8243;][vc_column_text el_class=&#8221;bjm-h2-title&#8221; css=&#8221;.vc_custom_1621513529641{margin-bottom: 0px !important;}&#8221;] Are you moving to or from Mirabel or the surrounding areas? [\/vc_column_text][mk_button dimension=&#8221;flat&#8221; size=&#8221;large&#8221; url=&#8221;\/en\/residential-commercial-moving-services-laval-contact-us\/&#8221;]Information request[\/mk_button][mk_padding_divider size=&#8221;60&#8243;][\/vc_column][vc_column width=&#8221;1\/3&#8243;][\/vc_column][\/mk_page_section][mk_page_section [&hellip;]<\/p>\n","protected":false},"author":4,"featured_media":6073,"parent":332,"menu_order":0,"comment_status":"closed","ping_status":"closed","template":"","meta":{"footnotes":""},"class_list":["post-3897","page","type-page","status-publish","has-post-thumbnail","hentry"],"_links":{"self":[{"href":"https:\/\/braultdemenagement.com\/en\/wp-json\/wp\/v2\/pages\/3897","targetHints":{"allow":["GET"]}}],"collection":[{"href":"https:\/\/braultdemenagement.com\/en\/wp-json\/wp\/v2\/pages"}],"about":[{"href":"https:\/\/braultdemenagement.com\/en\/wp-json\/wp\/v2\/types\/page"}],"author":[{"embeddable":true,"href":"https:\/\/braultdemenagement.com\/en\/wp-json\/wp\/v2\/users\/4"}],"replies":[{"embeddable":true,"href":"https:\/\/braultdemenagement.com\/en\/wp-json\/wp\/v2\/comments?post=3897"}],"version-history":[{"count":14,"href":"https:\/\/braultdemenagement.com\/en\/wp-json\/wp\/v2\/pages\/3897\/revisions"}],"predecessor-version":[{"id":7719,"href":"https:\/\/braultdemenagement.com\/en\/wp-json\/wp\/v2\/pages\/3897\/revisions\/7719"}],"up":[{"embeddable":true,"href":"https:\/\/braultdemenagement.com\/en\/wp-json\/wp\/v2\/pages\/332"}],"wp:featuredmedia":[{"embeddable":true,"href":"https:\/\/braultdemenagement.com\/en\/wp-json\/wp\/v2\/media\/6073"}],"wp:attachment":[{"href":"https:\/\/braultdemenagement.com\/en\/wp-json\/wp\/v2\/media?parent=3897"}],"curies":[{"name":"wp","href":"https:\/\/api.w.org\/{rel}","templated":true}]}}