{"id":4880,"date":"2022-05-30T23:24:15","date_gmt":"2022-05-31T03:24:15","guid":{"rendered":"https:\/\/braultdemenagement.com\/?page_id=4880"},"modified":"2024-11-04T11:30:12","modified_gmt":"2024-11-04T16:30:12","slug":"st-eustache","status":"publish","type":"page","link":"https:\/\/braultdemenagement.com\/en\/residential-moving\/st-eustache\/","title":{"rendered":"St-Eustache Moving"},"content":{"rendered":"<div class=\"wpb-content-wrapper\">[vc_row fullwidth=&#8221;true&#8221; fullwidth_content=&#8221;false&#8221; css=&#8221;.vc_custom_1651606059069{background-color: #f7f7f7 !important;}&#8221; el_class=&#8221;bjm-bc&#8221;][vc_column css=&#8221;.vc_custom_1651601447636{padding-top: 18px !important;padding-bottom: 9px !important;}&#8221;][vc_column_text css=&#8221;.vc_custom_1651600806659{margin-bottom: 0px !important;}&#8221;]<span><span><a href=\"https:\/\/braultdemenagement.com\/en\/\">Home<\/a><\/span><\/span>[\/vc_column_text][\/vc_column][\/vc_row][mk_page_section bg_image=&#8221;https:\/\/braultdemenagement.com\/wp-content\/uploads\/2018\/01\/pourquoi-recourir-a-une-entreprise-de-demenagement-scaled.jpg&#8221; bg_color=&#8221;#ffffff&#8221; bg_position=&#8221;center center&#8221; bg_repeat=&#8221;no-repeat&#8221; bg_stretch=&#8221;true&#8221; enable_3d=&#8221;true&#8221; video_color_mask=&#8221;#000000&#8243; video_opacity=&#8221;0.3&#8243; min_height=&#8221;650&#8243; full_width=&#8221;true&#8221; el_class=&#8221;bjm-estimate-form&#8221; sidebar=&#8221;sidebar-1&#8243;][vc_column width=&#8221;1\/12&#8243;][\/vc_column][vc_column width=&#8221;7\/12&#8243;][mk_padding_divider size=&#8221;120&#8243; visibility=&#8221;hidden-sm&#8221;][mk_padding_divider size=&#8221;60&#8243;][vc_column_text el_class=&#8221;bjm-h2-title&#8221; css=&#8221;.vc_custom_1653966809251{margin-bottom: 0px !important;}&#8221;]\n<h2><b>For your move to Saint-Eustache, contact Brault D\u00e9m\u00e9nagement!<\/b><\/h2>\n[\/vc_column_text][mk_button dimension=&#8221;flat&#8221; size=&#8221;large&#8221; url=&#8221;\/en\/residential-commercial-moving-services-laval-contact-us\/&#8221;]Request an estimate[\/mk_button][mk_padding_divider size=&#8221;60&#8243;][\/vc_column][vc_column width=&#8221;1\/3&#8243;]\n<div class=\"wpcf7 no-js\" id=\"wpcf7-f1663-o1\" lang=\"fr-FR\" dir=\"ltr\" data-wpcf7-id=\"1663\">\n<div class=\"screen-reader-response\"><p role=\"status\" aria-live=\"polite\" aria-atomic=\"true\"><\/p> <ul><\/ul><\/div>\n<form action=\"\/en\/wp-json\/wp\/v2\/pages\/4880#wpcf7-f1663-o1\" method=\"post\" class=\"wpcf7-form init\" aria-label=\"Formulaire de contact\" novalidate=\"novalidate\" data-status=\"init\">\n<fieldset class=\"hidden-fields-container\"><input type=\"hidden\" name=\"_wpcf7\" value=\"1663\" \/><input type=\"hidden\" name=\"_wpcf7_version\" value=\"6.1.5\" \/><input type=\"hidden\" name=\"_wpcf7_locale\" value=\"fr_FR\" \/><input type=\"hidden\" name=\"_wpcf7_unit_tag\" value=\"wpcf7-f1663-o1\" \/><input type=\"hidden\" name=\"_wpcf7_container_post\" value=\"0\" \/><input type=\"hidden\" name=\"_wpcf7_posted_data_hash\" value=\"\" \/><input type=\"hidden\" name=\"_wpcf7_recaptcha_response\" value=\"\" \/>\n<\/fieldset>\n<div class=\"bjm-estimation-form\">\n\t<h3>Information request\n\t<\/h3>\n\t<p><span class=\"wpcf7-form-control-wrap\" data-name=\"your-name\"><input size=\"40\" maxlength=\"400\" class=\"wpcf7-form-control wpcf7-text wpcf7-validates-as-required\" autocomplete=\"off\" aria-required=\"true\" aria-invalid=\"false\" placeholder=\"Full name*\" value=\"\" type=\"text\" name=\"your-name\" \/><\/span><br \/>\n<span class=\"wpcf7-form-control-wrap\" data-name=\"your-tel\"><input size=\"40\" maxlength=\"400\" class=\"wpcf7-form-control wpcf7-tel wpcf7-validates-as-required wpcf7-text wpcf7-validates-as-tel\" autocomplete=\"off\" aria-required=\"true\" aria-invalid=\"false\" placeholder=\"Phone*\" value=\"\" type=\"tel\" name=\"your-tel\" \/><\/span><br \/>\n<span class=\"wpcf7-form-control-wrap\" data-name=\"your-email\"><input size=\"40\" maxlength=\"400\" class=\"wpcf7-form-control wpcf7-email wpcf7-validates-as-required wpcf7-text wpcf7-validates-as-email\" autocomplete=\"off\" aria-required=\"true\" aria-invalid=\"false\" placeholder=\"Email*\" value=\"\" type=\"email\" name=\"your-email\" \/><\/span><br \/>\n<span class=\"wpcf7-form-control-wrap\" data-name=\"your-res-com\"><span class=\"wpcf7-form-control wpcf7-radio\"><span class=\"wpcf7-list-item first\"><label><input type=\"radio\" name=\"your-res-com\" value=\"Residential\" checked=\"checked\" \/><span class=\"wpcf7-list-item-label\">Residential<\/span><\/label><\/span><span class=\"wpcf7-list-item last\"><label><input type=\"radio\" name=\"your-res-com\" value=\"Commercial\" \/><span class=\"wpcf7-list-item-label\">Commercial<\/span><\/label><\/span><\/span><\/span>\n\t<\/p>\n\t<div style=\"height:5px\">\n\t<\/div>\n\t<p><span class=\"bjm-slider-form-field\">Moving date*<\/span><br \/>\n<span class=\"wpcf7-form-control-wrap\" data-name=\"your-date\"><input size=\"40\" maxlength=\"400\" class=\"wpcf7-form-control wpcf7-text wpcf7-validates-as-required\" autocomplete=\"off\" aria-required=\"true\" aria-invalid=\"false\" placeholder=\"dd\/mm\/yyyy\" value=\"\" type=\"text\" name=\"your-date\" \/><\/span><br \/>\n<span class=\"wpcf7-form-control-wrap\" data-name=\"city-start\"><input size=\"40\" maxlength=\"400\" class=\"wpcf7-form-control wpcf7-text wpcf7-validates-as-required\" autocomplete=\"off\" aria-required=\"true\" aria-invalid=\"false\" placeholder=\"From (city)*\" value=\"\" type=\"text\" name=\"city-start\" \/><\/span><br \/>\n<span class=\"wpcf7-form-control-wrap\" data-name=\"city-end\"><input size=\"40\" maxlength=\"400\" class=\"wpcf7-form-control wpcf7-text wpcf7-validates-as-required\" autocomplete=\"off\" aria-required=\"true\" aria-invalid=\"false\" placeholder=\"To (city)*\" value=\"\" type=\"text\" name=\"city-end\" \/><\/span><br \/>\n<input class=\"wpcf7-form-control wpcf7-submit has-spinner\" type=\"submit\" value=\"Send\" \/><br \/>\n<script>\ndocument.addEventListener( 'wpcf7mailsent', function( event ) {\n location = 'https:\/\/braultdemenagement.com\/en\/thank-you\/';\n}, false );\n<\/script>\n\t<\/p>\n<\/div><div class=\"wpcf7-response-output\" aria-hidden=\"true\"><\/div>\n<\/form>\n<\/div>\n[\/vc_column][\/mk_page_section][mk_page_section sidebar=&#8221;sidebar-1&#8243;][vc_column][mk_padding_divider size=&#8221;90&#8243;][vc_row_inner][vc_column_inner][vc_column_text align=&#8221;center&#8221; css=&#8221;.vc_custom_1653966995256{margin-bottom: 0px !important;}&#8221;]\n<h1>The best moving company in Saint-Eustache<\/h1>\n<p>At Brault D\u00e9m\u00e9nagement, our professional movers will put their experience and expertise to work for you in order to meet all your needs. Our courteous, detail-oriented experts will ensure that you receive <strong>exceptional service at a competitive price for your move to Saint-Eustache<\/strong>. Thanks to their reliability and efficiency, our movers can offer you high-quality <a href=\"\/en\/residential-moving\/\">residential<\/a> or <a href=\"\/en\/commercial-moving\/\">commercial moving service<\/a>, regardless of whether you\u2019re embarking on a minor move, a major move or even <a href=\"\/en\/residential-moving\/long-distance-move\/\">long-distance relocation<\/a>.<\/p>\n<p>For your peace of mind, we also offer storage services in Laval, just a stone\u2019s throw from Saint-Eustache. Secure <a href=\"\/en\/storage-laval\/\">storage of your belongings during your move<\/a> is available on either a short- or long-term basis. You can store some or all of your possessions in our storage units, which are monitored by surveillance camera, heated, clean and easy to access at all times. To suit your specific needs, we offer storage spaces in a wide range of different sizes.[\/vc_column_text][\/vc_column_inner][\/vc_row_inner][mk_padding_divider size=&#8221;90&#8243;][\/vc_column][\/mk_page_section][mk_page_section bg_image=&#8221;https:\/\/braultdemenagement.com\/wp-content\/uploads\/2020\/08\/transport-demenagement.jpg&#8221; bg_color=&#8221;#1b5270&#8243; video_color_mask=&#8221;#1b5270&#8243; video_opacity=&#8221;0.7&#8243; padding_top=&#8221;90&#8243; padding_bottom=&#8221;90&#8243; el_class=&#8221;bjm-allwhite&#8221; sidebar=&#8221;sidebar-1&#8243;][vc_column][vc_row_inner][vc_column_inner width=&#8221;1\/12&#8243; css=&#8221;.vc_custom_1494593645880{padding-right: 60px !important;}&#8221;][\/vc_column_inner][vc_column_inner width=&#8221;10\/12&#8243;][vc_column_text align=&#8221;center&#8221; css=&#8221;.vc_custom_1676653583555{margin-bottom: 0px !important;}&#8221;]\n<h2 style=\"font-size: 2em;\">All-inclusive moving service in Saint-Eustache<\/h2>\n<p>At Brault D\u00e9m\u00e9nagement, with more than 65 years of experience in the field, we\u2019ll take care of everything so that your move to Saint-Eustache or the surrounding areas is a complete success. We\u2019ll pack, transport and unpack all of your furnishings and belongings with utmost care, no matter how heavy or bulky they may be. What\u2019s more, in order to guarantee you a damage-free move, our movers in Saint-Eustache offer you a vast selection of specialized moving equipment and supplies, including protective mats, harnesses, cardboard boxes, wardrobes, bubble wrap and brown paper. As a result, we can ensure that we move your things\u2014even the most fragile items\u2014safely and securely.[\/vc_column_text][mk_padding_divider size=&#8221;90&#8243;][vc_separator el_width=&#8221;50&#8243; css=&#8221;.vc_custom_1494593680800{padding-top: 15px !important;padding-bottom: 15px !important;}&#8221;][mk_padding_divider size=&#8221;60&#8243;][vc_column_text align=&#8221;center&#8221; css=&#8221;.vc_custom_1730737802933{margin-bottom: 0px !important;}&#8221;]\n<h2 style=\"font-size: 2em;\">Our insurance is your guarantee<\/h2>\n<p>The movers at Brault D\u00e9m\u00e9nagement will take every possible precaution to avoid damaging your property, both in your old residence and your new one. We use mats to protect your floors and clean protective covers to safeguard your furniture, mattresses and fragile items. Additionally, you can take advantage of our <a href=\"\/en\/packing-unpacking\/\">packing service<\/a> to ensure that your belongings receive optimal protection during transport.<\/p>\n<p>You should be aware that we also offer you an insurance certificate that covers all of your property during the moving and transport process. Our coverage includes a $5 million in civil liability insurance and $1 million in shipping insurance.<\/p>\n<p>The deadline for submitting a claim is 48 hours after your move, and a deductible of $125 plus tax will apply. With Brault D\u00e9m\u00e9nagement, you can rest assured that your move will go off without a hitch.<\/p>\n<p><strong><a href=\"\/en\/residential-commercial-moving-services-laval-contact-us\/\">Contact us for more information<\/a><\/strong>[\/vc_column_text][mk_padding_divider size=&#8221;45&#8243;][\/vc_column_inner][vc_column_inner width=&#8221;1\/12&#8243;][\/vc_column_inner][\/vc_row_inner][\/vc_column][\/mk_page_section][mk_page_section bg_color=&#8221;#ffffff&#8221; sidebar=&#8221;sidebar-1&#8243;][vc_column][mk_padding_divider size=&#8221;90&#8243;][vc_row_inner][vc_column_inner width=&#8221;2\/3&#8243;][vc_column_text align=&#8221;center&#8221; css=&#8221;.vc_custom_1653967252750{margin-bottom: 0px !important;}&#8221;]\n<h2 style=\"color: #404040;\">Why move to Saint-Eustache?<\/h2>\n<p style=\"color: #808080;\">The city of Saint-Eustache is located twenty kilometers to the northwest of Montreal, on the north shore of the Rivi\u00e8re des Mille \u00celes at the mouth of the Rivi\u00e8re du Ch\u00eane (Oak River). It\u2019s the administrative seat of the Deux-Montagnes regional county municipality (RCM) in the Laurentians. The suburb is home to approximately 45,000 residents spread out over an area of 72.6 square kilometers. Established in the eighteenth century, it boasts a rich historical past, as it was the site of the Lower Canada Rebellion in 1837.<\/p>\n<p style=\"color: #808080;\">The city of Saint-Eustache borders Mirabel to the north, Boisbriand to the east, Laval to the south and Deux-Montagnes to the west. It\u2019s easily accessible via Autoroutes 640 and 13, as well as Routes 148 and 344. This rapidly growing city offers a perfect combination of urban life, with numerous restaurants, shops and an industrial park, and country life, with a nature park and other green spaces.<\/p>\n<p style=\"color: #808080;\">The city is renowned for the numerous historic buildings in Old Saint-Eustache, the Saint-Eustache Cathedral, whose acoustics are among the top three in North America, the Cin\u00e9-Parc drive-in theater and a sprawling indoor-outdoor flea market.<\/p>\n[\/vc_column_text][\/vc_column_inner][vc_column_inner width=&#8221;1\/3&#8243;][vc_single_image image=&#8221;4881&#8243; img_size=&#8221;full&#8221;][vc_single_image image=&#8221;4883&#8243; img_size=&#8221;full&#8221; css=&#8221;.vc_custom_1653966611519{margin-bottom: 0px !important;border-bottom-width: 0px !important;padding-bottom: 0px !important;}&#8221;][vc_column_text align=&#8221;center&#8221; css=&#8221;.vc_custom_1653967203406{margin-bottom: 0px !important;}&#8221;]\n<p style=\"color: #888888;\"><small>Photo by <a href=\"https:\/\/unsplash.com\/@zge07?utm_source=unsplash&amp;utm_medium=referral&amp;utm_content=creditCopyText\">Will Ge<\/a> on <a href=\"https:\/\/unsplash.com\/s\/photos\/saint-eustache?utm_source=unsplash&amp;utm_medium=referral&amp;utm_content=creditCopyText\">Unsplash<\/a><\/small><\/p>\n[\/vc_column_text][\/vc_column_inner][\/vc_row_inner][mk_padding_divider size=&#8221;90&#8243;][\/vc_column][\/mk_page_section][mk_page_section bg_color=&#8221;#e1e1e1&#8243; padding_top=&#8221;90&#8243; padding_bottom=&#8221;90&#8243; sidebar=&#8221;sidebar-1&#8243;][vc_column][vc_column_text align=&#8221;center&#8221; css=&#8221;.vc_custom_1653967352054{margin-bottom: 0px !important;}&#8221;]In addition to our <strong>moving service in Saint-Eustache<\/strong>, we also offer <a href=\"\/en\/residential-moving\/laval\/\">moving services in Laval<\/a>, <a href=\"\/en\/residential-moving\/laurentians\/\">moving services in the Laurentians<\/a>, <a href=\"\/en\/residential-moving\/mirabel\/\">moving services in Mirabel<\/a>, <a href=\"\/en\/residential-moving\/blainville\/\">moving services in Blainville<\/a> and <a href=\"\/en\/residential-moving\/terrebonne\/\">moving services in Terrebonne<\/a>.[\/vc_column_text][mk_button dimension=&#8221;flat&#8221; size=&#8221;x-large&#8221; url=&#8221;\/en\/residential-commercial-moving-services-laval-contact-us\/&#8221; align=&#8221;center&#8221; margin_top=&#8221;15&#8243; margin_bottom=&#8221;0&#8243; margin_right=&#8221;0&#8243; bg_color=&#8221;#a39161&#8243; btn_hover_bg=&#8221;#ba9a51&#8243;]Contact us[\/mk_button][\/vc_column][\/mk_page_section]\n<\/div>","protected":false},"excerpt":{"rendered":"<p>[vc_row fullwidth=&#8221;true&#8221; fullwidth_content=&#8221;false&#8221; css=&#8221;.vc_custom_1651606059069{background-color: #f7f7f7 !important;}&#8221; el_class=&#8221;bjm-bc&#8221;][vc_column css=&#8221;.vc_custom_1651601447636{padding-top: 18px !important;padding-bottom: 9px !important;}&#8221;][vc_column_text css=&#8221;.vc_custom_1651600806659{margin-bottom: 0px !important;}&#8221;][\/vc_column_text][\/vc_column][\/vc_row][mk_page_section bg_image=&#8221;https:\/\/braultdemenagement.com\/wp-content\/uploads\/2018\/01\/pourquoi-recourir-a-une-entreprise-de-demenagement-scaled.jpg&#8221; bg_color=&#8221;#ffffff&#8221; bg_position=&#8221;center center&#8221; bg_repeat=&#8221;no-repeat&#8221; bg_stretch=&#8221;true&#8221; enable_3d=&#8221;true&#8221; video_color_mask=&#8221;#000000&#8243; video_opacity=&#8221;0.3&#8243; min_height=&#8221;650&#8243; full_width=&#8221;true&#8221; el_class=&#8221;bjm-estimate-form&#8221; sidebar=&#8221;sidebar-1&#8243;][vc_column width=&#8221;1\/12&#8243;][\/vc_column][vc_column width=&#8221;7\/12&#8243;][mk_padding_divider size=&#8221;120&#8243; visibility=&#8221;hidden-sm&#8221;][mk_padding_divider size=&#8221;60&#8243;][vc_column_text el_class=&#8221;bjm-h2-title&#8221; css=&#8221;.vc_custom_1653966809251{margin-bottom: 0px !important;}&#8221;] For your move to Saint-Eustache, contact Brault D\u00e9m\u00e9nagement! [\/vc_column_text][mk_button dimension=&#8221;flat&#8221; size=&#8221;large&#8221; url=&#8221;\/en\/residential-commercial-moving-services-laval-contact-us\/&#8221;]Request an estimate[\/mk_button][mk_padding_divider size=&#8221;60&#8243;][\/vc_column][vc_column width=&#8221;1\/3&#8243;][\/vc_column][\/mk_page_section][mk_page_section sidebar=&#8221;sidebar-1&#8243;][vc_column][mk_padding_divider size=&#8221;90&#8243;][vc_row_inner][vc_column_inner][vc_column_text [&hellip;]<\/p>\n","protected":false},"author":4,"featured_media":2948,"parent":332,"menu_order":0,"comment_status":"closed","ping_status":"closed","template":"","meta":{"footnotes":""},"class_list":["post-4880","page","type-page","status-publish","has-post-thumbnail","hentry"],"_links":{"self":[{"href":"https:\/\/braultdemenagement.com\/en\/wp-json\/wp\/v2\/pages\/4880","targetHints":{"allow":["GET"]}}],"collection":[{"href":"https:\/\/braultdemenagement.com\/en\/wp-json\/wp\/v2\/pages"}],"about":[{"href":"https:\/\/braultdemenagement.com\/en\/wp-json\/wp\/v2\/types\/page"}],"author":[{"embeddable":true,"href":"https:\/\/braultdemenagement.com\/en\/wp-json\/wp\/v2\/users\/4"}],"replies":[{"embeddable":true,"href":"https:\/\/braultdemenagement.com\/en\/wp-json\/wp\/v2\/comments?post=4880"}],"version-history":[{"count":6,"href":"https:\/\/braultdemenagement.com\/en\/wp-json\/wp\/v2\/pages\/4880\/revisions"}],"predecessor-version":[{"id":7720,"href":"https:\/\/braultdemenagement.com\/en\/wp-json\/wp\/v2\/pages\/4880\/revisions\/7720"}],"up":[{"embeddable":true,"href":"https:\/\/braultdemenagement.com\/en\/wp-json\/wp\/v2\/pages\/332"}],"wp:featuredmedia":[{"embeddable":true,"href":"https:\/\/braultdemenagement.com\/en\/wp-json\/wp\/v2\/media\/2948"}],"wp:attachment":[{"href":"https:\/\/braultdemenagement.com\/en\/wp-json\/wp\/v2\/media?parent=4880"}],"curies":[{"name":"wp","href":"https:\/\/api.w.org\/{rel}","templated":true}]}}