{"id":5976,"date":"2023-07-19T14:42:57","date_gmt":"2023-07-19T18:42:57","guid":{"rendered":"https:\/\/braultdemenagement.com\/?page_id=5976"},"modified":"2024-11-04T11:34:32","modified_gmt":"2024-11-04T16:34:32","slug":"montreal-east-pointe-aux-trembles-moving","status":"publish","type":"page","link":"https:\/\/braultdemenagement.com\/en\/residential-moving\/montreal-east-pointe-aux-trembles-moving\/","title":{"rendered":"Montreal-Est \/ Pointe-aux-Trembles Moving"},"content":{"rendered":"<div class=\"wpb-content-wrapper\">[vc_row fullwidth=&#8221;true&#8221; fullwidth_content=&#8221;false&#8221; css=&#8221;.vc_custom_1651605885189{background-color: #f7f7f7 !important;}&#8221; el_class=&#8221;bjm-bc&#8221;][vc_column css=&#8221;.vc_custom_1651601447636{padding-top: 18px !important;padding-bottom: 9px !important;}&#8221;][vc_column_text css=&#8221;.vc_custom_1651600806659{margin-bottom: 0px !important;}&#8221;]<span><span><a href=\"https:\/\/braultdemenagement.com\/en\/\">Home<\/a><\/span><\/span>[\/vc_column_text][\/vc_column][\/vc_row][mk_page_section bg_image=&#8221;https:\/\/braultdemenagement.com\/wp-content\/uploads\/2023\/06\/montreal_est_carriere_demix_aerial.jpg&#8221; bg_color=&#8221;#ffffff&#8221; bg_position=&#8221;center center&#8221; bg_repeat=&#8221;no-repeat&#8221; bg_stretch=&#8221;true&#8221; enable_3d=&#8221;true&#8221; video_color_mask=&#8221;#000000&#8243; video_opacity=&#8221;0.3&#8243; min_height=&#8221;650&#8243; full_width=&#8221;true&#8221; el_class=&#8221;bjm-estimate-form&#8221; sidebar=&#8221;sidebar-1&#8243;][vc_column width=&#8221;1\/12&#8243;][\/vc_column][vc_column width=&#8221;7\/12&#8243;][mk_padding_divider size=&#8221;60&#8243; visibility=&#8221;hidden-sm&#8221;][mk_padding_divider size=&#8221;60&#8243;][vc_column_text el_class=&#8221;bjm-h2-title&#8221; css=&#8221;.vc_custom_1700756120926{margin-bottom: 0px !important;}&#8221;]\n<h2>OUR MOVING SPECIALISTS IN <span style=\"display: inline-block;\">MONTREAL-EST<\/span> AND <span style=\"display: inline-block;\">POINTE-AUX-TREMBLES<\/span><\/h2>\n[\/vc_column_text][mk_button dimension=&#8221;flat&#8221; size=&#8221;large&#8221; url=&#8221;\/en\/residential-commercial-moving-services-laval-contact-us\/&#8221;]Get more information<br \/>\n[\/mk_button][mk_padding_divider size=&#8221;60&#8243;][\/vc_column][vc_column width=&#8221;1\/3&#8243;]\n<div class=\"wpcf7 no-js\" id=\"wpcf7-f1663-o1\" lang=\"fr-FR\" dir=\"ltr\" data-wpcf7-id=\"1663\">\n<div class=\"screen-reader-response\"><p role=\"status\" aria-live=\"polite\" aria-atomic=\"true\"><\/p> <ul><\/ul><\/div>\n<form action=\"\/en\/wp-json\/wp\/v2\/pages\/5976#wpcf7-f1663-o1\" method=\"post\" class=\"wpcf7-form init\" aria-label=\"Formulaire de contact\" novalidate=\"novalidate\" data-status=\"init\">\n<fieldset class=\"hidden-fields-container\"><input type=\"hidden\" name=\"_wpcf7\" value=\"1663\" \/><input type=\"hidden\" name=\"_wpcf7_version\" value=\"6.1.5\" \/><input type=\"hidden\" name=\"_wpcf7_locale\" value=\"fr_FR\" \/><input type=\"hidden\" name=\"_wpcf7_unit_tag\" value=\"wpcf7-f1663-o1\" \/><input type=\"hidden\" name=\"_wpcf7_container_post\" value=\"0\" \/><input type=\"hidden\" name=\"_wpcf7_posted_data_hash\" value=\"\" \/><input type=\"hidden\" name=\"_wpcf7_recaptcha_response\" value=\"\" \/>\n<\/fieldset>\n<div class=\"bjm-estimation-form\">\n\t<h3>Information request\n\t<\/h3>\n\t<p><span class=\"wpcf7-form-control-wrap\" data-name=\"your-name\"><input size=\"40\" maxlength=\"400\" class=\"wpcf7-form-control wpcf7-text wpcf7-validates-as-required\" autocomplete=\"off\" aria-required=\"true\" aria-invalid=\"false\" placeholder=\"Full name*\" value=\"\" type=\"text\" name=\"your-name\" \/><\/span><br \/>\n<span class=\"wpcf7-form-control-wrap\" data-name=\"your-tel\"><input size=\"40\" maxlength=\"400\" class=\"wpcf7-form-control wpcf7-tel wpcf7-validates-as-required wpcf7-text wpcf7-validates-as-tel\" autocomplete=\"off\" aria-required=\"true\" aria-invalid=\"false\" placeholder=\"Phone*\" value=\"\" type=\"tel\" name=\"your-tel\" \/><\/span><br \/>\n<span class=\"wpcf7-form-control-wrap\" data-name=\"your-email\"><input size=\"40\" maxlength=\"400\" class=\"wpcf7-form-control wpcf7-email wpcf7-validates-as-required wpcf7-text wpcf7-validates-as-email\" autocomplete=\"off\" aria-required=\"true\" aria-invalid=\"false\" placeholder=\"Email*\" value=\"\" type=\"email\" name=\"your-email\" \/><\/span><br \/>\n<span class=\"wpcf7-form-control-wrap\" data-name=\"your-res-com\"><span class=\"wpcf7-form-control wpcf7-radio\"><span class=\"wpcf7-list-item first\"><label><input type=\"radio\" name=\"your-res-com\" value=\"Residential\" checked=\"checked\" \/><span class=\"wpcf7-list-item-label\">Residential<\/span><\/label><\/span><span class=\"wpcf7-list-item last\"><label><input type=\"radio\" name=\"your-res-com\" value=\"Commercial\" \/><span class=\"wpcf7-list-item-label\">Commercial<\/span><\/label><\/span><\/span><\/span>\n\t<\/p>\n\t<div style=\"height:5px\">\n\t<\/div>\n\t<p><span class=\"bjm-slider-form-field\">Moving date*<\/span><br \/>\n<span class=\"wpcf7-form-control-wrap\" data-name=\"your-date\"><input size=\"40\" maxlength=\"400\" class=\"wpcf7-form-control wpcf7-text wpcf7-validates-as-required\" autocomplete=\"off\" aria-required=\"true\" aria-invalid=\"false\" placeholder=\"dd\/mm\/yyyy\" value=\"\" type=\"text\" name=\"your-date\" \/><\/span><br \/>\n<span class=\"wpcf7-form-control-wrap\" data-name=\"city-start\"><input size=\"40\" maxlength=\"400\" class=\"wpcf7-form-control wpcf7-text wpcf7-validates-as-required\" autocomplete=\"off\" aria-required=\"true\" aria-invalid=\"false\" placeholder=\"From (city)*\" value=\"\" type=\"text\" name=\"city-start\" \/><\/span><br \/>\n<span class=\"wpcf7-form-control-wrap\" data-name=\"city-end\"><input size=\"40\" maxlength=\"400\" class=\"wpcf7-form-control wpcf7-text wpcf7-validates-as-required\" autocomplete=\"off\" aria-required=\"true\" aria-invalid=\"false\" placeholder=\"To (city)*\" value=\"\" type=\"text\" name=\"city-end\" \/><\/span><br \/>\n<input class=\"wpcf7-form-control wpcf7-submit has-spinner\" type=\"submit\" value=\"Send\" \/><br \/>\n<script>\ndocument.addEventListener( 'wpcf7mailsent', function( event ) {\n location = 'https:\/\/braultdemenagement.com\/en\/thank-you\/';\n}, false );\n<\/script>\n\t<\/p>\n<\/div><div class=\"wpcf7-response-output\" aria-hidden=\"true\"><\/div>\n<\/form>\n<\/div>\n[\/vc_column][\/mk_page_section][mk_page_section sidebar=&#8221;sidebar-1&#8243;][vc_column][mk_padding_divider size=&#8221;90&#8243;][vc_row_inner][vc_column_inner][vc_column_text align=&#8221;center&#8221; css=&#8221;.vc_custom_1689937187075{margin-bottom: 0px !important;}&#8221;]\n<h1>THE BEST MOVING SERVICE IN POINTE-AUX-TREMBLES AND MONTREAL-EST<\/h1>\n<p>For a serious and professional moving service in Pointe-aux-Trembles \/ Montreal-Est, trust the experts at Brault D\u00e9m\u00e9nagement! Since 1956, the specialists at Brault D\u00e9m\u00e9nagement have offered you an efficient, fast and hassle-free residential and <a href=\"https:\/\/braultdemenagement.com\/en\/commercial-moving\/\">commercial moving service<\/a>. We guarantee you a short or long distance move, well planned and smoothly carried out.<\/p>\n<p>For your peace of mind and to avoid many concerns, entrust us with your move to Pointe-aux-Trembles or Montreal-Est, we adapt to your schedules and your needs to offer you personalized and fast service. We will professionally take care of the transport, handling and delivery of all your goods, whether they are heavy, fragile or bulky.[\/vc_column_text][\/vc_column_inner][\/vc_row_inner][mk_padding_divider size=&#8221;90&#8243;][\/vc_column][\/mk_page_section][mk_page_section bg_image=&#8221;https:\/\/braultdemenagement.com\/wp-content\/uploads\/2020\/08\/transport-demenagement.jpg&#8221; bg_color=&#8221;#1b5270&#8243; video_color_mask=&#8221;#1b5270&#8243; video_opacity=&#8221;0.7&#8243; padding_top=&#8221;90&#8243; padding_bottom=&#8221;90&#8243; el_class=&#8221;bjm-allwhite&#8221; sidebar=&#8221;sidebar-1&#8243;][vc_column][vc_row_inner][vc_column_inner width=&#8221;1\/12&#8243; css=&#8221;.vc_custom_1494593645880{padding-right: 60px !important;}&#8221;][\/vc_column_inner][vc_column_inner width=&#8221;10\/12&#8243;][vc_column_text align=&#8221;center&#8221; css=&#8221;.vc_custom_1689937228874{margin-bottom: 0px !important;}&#8221;]\n<h2 style=\"font-size: 2em;\">FOR A HASSLE-FREE MOVE TO MONTREAL-EST AND POINTE-AUX-TREMBLES<\/h2>\n<p>Our <a href=\"https:\/\/braultdemenagement.com\/en\/about-our-moving-company\/\">moving company<\/a> guarantees excellent service at a competitive price. Indeed, our teams of movers are experienced, courteous, meticulous, fast, punctual and professional in order to offer you unparalleled and efficient customer service. Thanks to our expertise and experience, we are able to carry out all types of moves over a long or short distance in the residential and commercial sectors without hassle and 7 days a week.[\/vc_column_text][mk_padding_divider size=&#8221;90&#8243;][vc_separator el_width=&#8221;50&#8243; css=&#8221;.vc_custom_1494593680800{padding-top: 15px !important;padding-bottom: 15px !important;}&#8221;][mk_padding_divider size=&#8221;60&#8243;][vc_column_text align=&#8221;center&#8221; css=&#8221;.vc_custom_1730738062566{margin-bottom: 0px !important;}&#8221;]\n<h2 style=\"font-size: 1.9em;\">COMPLETE MOVING SERVICE<\/h2>\n<p>At Brault D\u00e9m\u00e9nagement, thanks to our experience, we are able to offer you a complete moving service in the East of Montreal as well as in Pointe-aux-Trembles and the surrounding area. The service includes in particular:<\/p>\n<ul>\n<li style=\"list-style-type: none;\">\n<ul>\n<li style=\"text-align: left;\">A free estimate for your moving project.<\/li>\n<li style=\"text-align: left;\">An insurance guarantee that protects all of your goods during handling and transport. Our insurance covers 5 million in civil liability as well as 1 million for cargo. In the event of damage, you have 48 hours to file a claim. In addition, a deductible of $125 plus taxes will be applied to your request. <a href=\"\/en\/residential-commercial-moving-services-laval-contact-us\/\">You can contact us for more information<\/a> about our insurance coverage.<\/li>\n<li style=\"text-align: left;\">Our movers in the East of Montreal take many precautions to avoid damaging your places of residence. Thus, they use protective mats for floors and stair railings.<\/li>\n<li style=\"text-align: left;\">Disassembly, assembly and positioning of your furniture.<\/li>\n<li style=\"text-align: left;\">Careful packing and unpacking of your belongings with clean furniture covers and mattress covers, for example.<\/li>\n<li style=\"text-align: left;\">Courteous, punctual, fast and efficient movers<\/li>\n<li style=\"text-align: left;\">We provide you with all the <a href=\"\/en\/packing-unpacking\/#supplies\">necessary equipment for your move such as wardrobe boxes<\/a> for your clothes and others.<\/li>\n<li style=\"text-align: left;\">A <a href=\"\/en\/storage-laval\/\">storage service<\/a> for your goods for a short or long term in our easily accessible facilities at all times, 100% safe, heated and clean.<\/li>\n<\/ul>\n<\/li>\n<\/ul>\n[\/vc_column_text][mk_padding_divider size=&#8221;45&#8243;][\/vc_column_inner][vc_column_inner width=&#8221;1\/12&#8243;][\/vc_column_inner][\/vc_row_inner][\/vc_column][\/mk_page_section][mk_page_section bg_color=&#8221;#ffffff&#8221; sidebar=&#8221;sidebar-1&#8243;][vc_column][mk_padding_divider size=&#8221;90&#8243;][vc_row_inner][vc_column_inner width=&#8221;2\/3&#8243;][vc_column_text align=&#8221;center&#8221; css=&#8221;.vc_custom_1689936962744{margin-bottom: 0px !important;}&#8221;]\n<h2 style=\"color: #404040;\">ABOUT MONTREAL-EST AND POINTE-AUX-TREMBLES<\/h2>\n<p style=\"color: #808080;\">The <a href=\"https:\/\/ville.montreal-est.qc.ca\/\" target=\"_blank\" rel=\"noopener\">city of Montreal-Est<\/a> is included in the city of Montreal. It is part of the Montreal Metropolitan Community and the Montreal agglomeration. Montreal-Est has more than 4,400 inhabitants spread over 12.5 km2. Founded more than two centuries ago, the city of Montreal-Est is conducting a vast campaign of revitalization and economic development, including a project to revitalize municipal sectors and buildings. Montr\u00e9al-Est&#8217;s mission is to offer an excellent quality of life to its citizens while fully assuming its industrial vocation. Indeed, this highly industrialized city includes, among other things, vast oil refining facilities, chemical plants and a quarry.<\/p>\n<p style=\"color: #808080;\">Pointe-aux-Trembles, commonly known as PAT, is a territory of the <a href=\"https:\/\/montreal.ca\/riviere-des-prairies-pointe-aux-trembles\" target=\"_blank\" rel=\"noopener\">Rivi\u00e8re-des-Prairies\u2013Pointe-aux-Trembles borough<\/a> which occupies the entire eastern tip of the island of Montreal. Bordered by the Rivi\u00e8re des Prairies and the St. Lawrence River, this neighborhood offers a mix of urban and suburban life with access to several bodies of water and more than 60 parks, including the Parc-nature de la Pointe-aux-Prairies, one of the largest regional parks. Rivi\u00e8re-des-Prairies\u2013Pointe-aux-Trembles extends over 42.3 km\u00b2 and has a population of more than 106,700 inhabitants. This territory offers many sports and cultural activities including 95 km of cycle paths as well as a great historical heritage including several houses dating from the 18th century.<\/p>\n[\/vc_column_text][\/vc_column_inner][vc_column_inner width=&#8221;1\/3&#8243;][vc_single_image image=&#8221;5982&#8243; img_size=&#8221;full&#8221; add_caption=&#8221;yes&#8221;][vc_single_image image=&#8221;5985&#8243; img_size=&#8221;full&#8221; add_caption=&#8221;yes&#8221;][\/vc_column_inner][\/vc_row_inner][mk_padding_divider size=&#8221;90&#8243;][\/vc_column][\/mk_page_section][mk_page_section bg_color=&#8221;#f1f1f1&#8243; padding_top=&#8221;90&#8243; padding_bottom=&#8221;90&#8243; sidebar=&#8221;sidebar-1&#8243;][vc_column][vc_column_text align=&#8221;center&#8221; css=&#8221;.vc_custom_1689937152874{margin-bottom: 0px !important;}&#8221;]We offer our moving services in Montreal-Est and Pointe-aux-Trembles as well as in <a href=\"https:\/\/braultdemenagement.com\/en\/residential-moving\/montreal\/\">Montreal<\/a>\u00a0and on the North Shore,\u00a0<a href=\"https:\/\/braultdemenagement.com\/en\/residential-moving\/laurentians\/\">the Laurentians<\/a>\u00a0, Lanaudi\u00e8re including the cities of\u00a0<a href=\"https:\/\/braultdemenagement.com\/en\/residential-moving\/laval\/\">Laval<\/a>,\u00a0<a href=\"https:\/\/braultdemenagement.com\/en\/residential-moving\/mirabel\/\">Mirabel<\/a>,\u00a0<a href=\"https:\/\/braultdemenagement.com\/en\/residential-moving\/st-jerome\/\">Saint-J\u00e9r\u00f4me<\/a>,\u00a0<a href=\"https:\/\/braultdemenagement.com\/en\/residential-moving\/st-eustache\/\">Saint-Eustache<\/a>,\u00a0<a href=\"https:\/\/braultdemenagement.com\/en\/residential-moving\/blainville\/\">Blainville<\/a>,\u00a0<a href=\"https:\/\/braultdemenagement.com\/en\/residential-moving\/boisbriand\/\">Boisbriand<\/a>,\u00a0<a href=\"https:\/\/braultdemenagement.com\/en\/residential-moving\/repentigny\/\">Repentigny<\/a>,\u00a0<a href=\"https:\/\/braultdemenagement.com\/en\/residential-moving\/terrebonne\/\">Terrebonne<\/a> and\u00a0<a href=\"https:\/\/braultdemenagement.com\/en\/residential-moving\/mascouche\/\">Mascouche<\/a>.[\/vc_column_text][mk_button dimension=&#8221;flat&#8221; size=&#8221;x-large&#8221; url=&#8221;\/en\/residential-commercial-moving-services-laval-contact-us\/&#8221; align=&#8221;center&#8221; margin_top=&#8221;15&#8243; margin_bottom=&#8221;0&#8243; margin_right=&#8221;0&#8243; bg_color=&#8221;#a39161&#8243; btn_hover_bg=&#8221;#ba9a51&#8243;]Contact us[\/mk_button][\/vc_column][\/mk_page_section]\n<\/div>","protected":false},"excerpt":{"rendered":"<p>[vc_row fullwidth=&#8221;true&#8221; fullwidth_content=&#8221;false&#8221; css=&#8221;.vc_custom_1651605885189{background-color: #f7f7f7 !important;}&#8221; el_class=&#8221;bjm-bc&#8221;][vc_column css=&#8221;.vc_custom_1651601447636{padding-top: 18px !important;padding-bottom: 9px !important;}&#8221;][vc_column_text css=&#8221;.vc_custom_1651600806659{margin-bottom: 0px !important;}&#8221;][\/vc_column_text][\/vc_column][\/vc_row][mk_page_section bg_image=&#8221;https:\/\/braultdemenagement.com\/wp-content\/uploads\/2023\/06\/montreal_est_carriere_demix_aerial.jpg&#8221; bg_color=&#8221;#ffffff&#8221; bg_position=&#8221;center center&#8221; bg_repeat=&#8221;no-repeat&#8221; bg_stretch=&#8221;true&#8221; enable_3d=&#8221;true&#8221; video_color_mask=&#8221;#000000&#8243; video_opacity=&#8221;0.3&#8243; min_height=&#8221;650&#8243; full_width=&#8221;true&#8221; el_class=&#8221;bjm-estimate-form&#8221; sidebar=&#8221;sidebar-1&#8243;][vc_column width=&#8221;1\/12&#8243;][\/vc_column][vc_column width=&#8221;7\/12&#8243;][mk_padding_divider size=&#8221;60&#8243; visibility=&#8221;hidden-sm&#8221;][mk_padding_divider size=&#8221;60&#8243;][vc_column_text el_class=&#8221;bjm-h2-title&#8221; css=&#8221;.vc_custom_1700756120926{margin-bottom: 0px !important;}&#8221;] OUR MOVING SPECIALISTS IN MONTREAL-EST AND POINTE-AUX-TREMBLES [\/vc_column_text][mk_button dimension=&#8221;flat&#8221; size=&#8221;large&#8221; url=&#8221;\/en\/residential-commercial-moving-services-laval-contact-us\/&#8221;]Get more information [\/mk_button][mk_padding_divider size=&#8221;60&#8243;][\/vc_column][vc_column width=&#8221;1\/3&#8243;][\/vc_column][\/mk_page_section][mk_page_section sidebar=&#8221;sidebar-1&#8243;][vc_column][mk_padding_divider size=&#8221;90&#8243;][vc_row_inner][vc_column_inner][vc_column_text [&hellip;]<\/p>\n","protected":false},"author":4,"featured_media":5986,"parent":332,"menu_order":0,"comment_status":"closed","ping_status":"closed","template":"","meta":{"footnotes":""},"class_list":["post-5976","page","type-page","status-publish","has-post-thumbnail","hentry"],"_links":{"self":[{"href":"https:\/\/braultdemenagement.com\/en\/wp-json\/wp\/v2\/pages\/5976","targetHints":{"allow":["GET"]}}],"collection":[{"href":"https:\/\/braultdemenagement.com\/en\/wp-json\/wp\/v2\/pages"}],"about":[{"href":"https:\/\/braultdemenagement.com\/en\/wp-json\/wp\/v2\/types\/page"}],"author":[{"embeddable":true,"href":"https:\/\/braultdemenagement.com\/en\/wp-json\/wp\/v2\/users\/4"}],"replies":[{"embeddable":true,"href":"https:\/\/braultdemenagement.com\/en\/wp-json\/wp\/v2\/comments?post=5976"}],"version-history":[{"count":12,"href":"https:\/\/braultdemenagement.com\/en\/wp-json\/wp\/v2\/pages\/5976\/revisions"}],"predecessor-version":[{"id":7725,"href":"https:\/\/braultdemenagement.com\/en\/wp-json\/wp\/v2\/pages\/5976\/revisions\/7725"}],"up":[{"embeddable":true,"href":"https:\/\/braultdemenagement.com\/en\/wp-json\/wp\/v2\/pages\/332"}],"wp:featuredmedia":[{"embeddable":true,"href":"https:\/\/braultdemenagement.com\/en\/wp-json\/wp\/v2\/media\/5986"}],"wp:attachment":[{"href":"https:\/\/braultdemenagement.com\/en\/wp-json\/wp\/v2\/media?parent=5976"}],"curies":[{"name":"wp","href":"https:\/\/api.w.org\/{rel}","templated":true}]}}