{"id":5989,"date":"2023-07-19T15:34:45","date_gmt":"2023-07-19T19:34:45","guid":{"rendered":"https:\/\/braultdemenagement.com\/?page_id=5989"},"modified":"2024-11-04T11:32:17","modified_gmt":"2024-11-04T16:32:17","slug":"north-shore-moving","status":"publish","type":"page","link":"https:\/\/braultdemenagement.com\/en\/residential-moving\/north-shore-moving\/","title":{"rendered":"North Shore Moving"},"content":{"rendered":"<div class=\"wpb-content-wrapper\">[vc_row fullwidth=&#8221;true&#8221; fullwidth_content=&#8221;false&#8221; css=&#8221;.vc_custom_1651605885189{background-color: #f7f7f7 !important;}&#8221; el_class=&#8221;bjm-bc&#8221;][vc_column css=&#8221;.vc_custom_1651601447636{padding-top: 18px !important;padding-bottom: 9px !important;}&#8221;][vc_column_text css=&#8221;.vc_custom_1651600806659{margin-bottom: 0px !important;}&#8221;]<span><span><a href=\"https:\/\/braultdemenagement.com\/en\/\">Home<\/a><\/span><\/span>[\/vc_column_text][\/vc_column][\/vc_row][mk_page_section bg_image=&#8221;https:\/\/braultdemenagement.com\/wp-content\/uploads\/2022\/12\/demenager-a-repentigny.jpg&#8221; bg_color=&#8221;#ffffff&#8221; bg_position=&#8221;center center&#8221; bg_repeat=&#8221;no-repeat&#8221; bg_stretch=&#8221;true&#8221; enable_3d=&#8221;true&#8221; video_color_mask=&#8221;#000000&#8243; video_opacity=&#8221;0.3&#8243; min_height=&#8221;650&#8243; full_width=&#8221;true&#8221; el_class=&#8221;bjm-estimate-form&#8221; sidebar=&#8221;sidebar-1&#8243;][vc_column width=&#8221;1\/12&#8243;][\/vc_column][vc_column width=&#8221;7\/12&#8243;][mk_padding_divider size=&#8221;120&#8243; visibility=&#8221;hidden-sm&#8221;][mk_padding_divider size=&#8221;60&#8243;][vc_column_text el_class=&#8221;bjm-h2-title&#8221; css=&#8221;.vc_custom_1689794385962{margin-bottom: 0px !important;}&#8221;]\n<h2><b>MAKE YOUR MOVE TO THE NORTH SHORE A SUCCESS!<\/b><\/h2>\n[\/vc_column_text][mk_button dimension=&#8221;flat&#8221; size=&#8221;large&#8221; url=&#8221;\/en\/residential-commercial-moving-services-laval-contact-us\/&#8221;]Get more information<br \/>\n[\/mk_button][mk_padding_divider size=&#8221;60&#8243;][\/vc_column][vc_column width=&#8221;1\/3&#8243;]\n<div class=\"wpcf7 no-js\" id=\"wpcf7-f1663-o1\" lang=\"fr-FR\" dir=\"ltr\" data-wpcf7-id=\"1663\">\n<div class=\"screen-reader-response\"><p role=\"status\" aria-live=\"polite\" aria-atomic=\"true\"><\/p> <ul><\/ul><\/div>\n<form action=\"\/en\/wp-json\/wp\/v2\/pages\/5989#wpcf7-f1663-o1\" method=\"post\" class=\"wpcf7-form init\" aria-label=\"Formulaire de contact\" novalidate=\"novalidate\" data-status=\"init\">\n<fieldset class=\"hidden-fields-container\"><input type=\"hidden\" name=\"_wpcf7\" value=\"1663\" \/><input type=\"hidden\" name=\"_wpcf7_version\" value=\"6.1.5\" \/><input type=\"hidden\" name=\"_wpcf7_locale\" value=\"fr_FR\" \/><input type=\"hidden\" name=\"_wpcf7_unit_tag\" value=\"wpcf7-f1663-o1\" \/><input type=\"hidden\" name=\"_wpcf7_container_post\" value=\"0\" \/><input type=\"hidden\" name=\"_wpcf7_posted_data_hash\" value=\"\" \/><input type=\"hidden\" name=\"_wpcf7_recaptcha_response\" value=\"\" \/>\n<\/fieldset>\n<div class=\"bjm-estimation-form\">\n\t<h3>Information request\n\t<\/h3>\n\t<p><span class=\"wpcf7-form-control-wrap\" data-name=\"your-name\"><input size=\"40\" maxlength=\"400\" class=\"wpcf7-form-control wpcf7-text wpcf7-validates-as-required\" autocomplete=\"off\" aria-required=\"true\" aria-invalid=\"false\" placeholder=\"Full name*\" value=\"\" type=\"text\" name=\"your-name\" \/><\/span><br \/>\n<span class=\"wpcf7-form-control-wrap\" data-name=\"your-tel\"><input size=\"40\" maxlength=\"400\" class=\"wpcf7-form-control wpcf7-tel wpcf7-validates-as-required wpcf7-text wpcf7-validates-as-tel\" autocomplete=\"off\" aria-required=\"true\" aria-invalid=\"false\" placeholder=\"Phone*\" value=\"\" type=\"tel\" name=\"your-tel\" \/><\/span><br \/>\n<span class=\"wpcf7-form-control-wrap\" data-name=\"your-email\"><input size=\"40\" maxlength=\"400\" class=\"wpcf7-form-control wpcf7-email wpcf7-validates-as-required wpcf7-text wpcf7-validates-as-email\" autocomplete=\"off\" aria-required=\"true\" aria-invalid=\"false\" placeholder=\"Email*\" value=\"\" type=\"email\" name=\"your-email\" \/><\/span><br \/>\n<span class=\"wpcf7-form-control-wrap\" data-name=\"your-res-com\"><span class=\"wpcf7-form-control wpcf7-radio\"><span class=\"wpcf7-list-item first\"><label><input type=\"radio\" name=\"your-res-com\" value=\"Residential\" checked=\"checked\" \/><span class=\"wpcf7-list-item-label\">Residential<\/span><\/label><\/span><span class=\"wpcf7-list-item last\"><label><input type=\"radio\" name=\"your-res-com\" value=\"Commercial\" \/><span class=\"wpcf7-list-item-label\">Commercial<\/span><\/label><\/span><\/span><\/span>\n\t<\/p>\n\t<div style=\"height:5px\">\n\t<\/div>\n\t<p><span class=\"bjm-slider-form-field\">Moving date*<\/span><br \/>\n<span class=\"wpcf7-form-control-wrap\" data-name=\"your-date\"><input size=\"40\" maxlength=\"400\" class=\"wpcf7-form-control wpcf7-text wpcf7-validates-as-required\" autocomplete=\"off\" aria-required=\"true\" aria-invalid=\"false\" placeholder=\"dd\/mm\/yyyy\" value=\"\" type=\"text\" name=\"your-date\" \/><\/span><br \/>\n<span class=\"wpcf7-form-control-wrap\" data-name=\"city-start\"><input size=\"40\" maxlength=\"400\" class=\"wpcf7-form-control wpcf7-text wpcf7-validates-as-required\" autocomplete=\"off\" aria-required=\"true\" aria-invalid=\"false\" placeholder=\"From (city)*\" value=\"\" type=\"text\" name=\"city-start\" \/><\/span><br \/>\n<span class=\"wpcf7-form-control-wrap\" data-name=\"city-end\"><input size=\"40\" maxlength=\"400\" class=\"wpcf7-form-control wpcf7-text wpcf7-validates-as-required\" autocomplete=\"off\" aria-required=\"true\" aria-invalid=\"false\" placeholder=\"To (city)*\" value=\"\" type=\"text\" name=\"city-end\" \/><\/span><br \/>\n<input class=\"wpcf7-form-control wpcf7-submit has-spinner\" type=\"submit\" value=\"Send\" \/><br \/>\n<script>\ndocument.addEventListener( 'wpcf7mailsent', function( event ) {\n location = 'https:\/\/braultdemenagement.com\/en\/thank-you\/';\n}, false );\n<\/script>\n\t<\/p>\n<\/div><div class=\"wpcf7-response-output\" aria-hidden=\"true\"><\/div>\n<\/form>\n<\/div>\n[\/vc_column][\/mk_page_section][mk_page_section sidebar=&#8221;sidebar-1&#8243;][vc_column][mk_padding_divider size=&#8221;90&#8243;][vc_row_inner][vc_column_inner][vc_column_text align=&#8221;center&#8221; css=&#8221;.vc_custom_1689940154927{margin-bottom: 0px !important;}&#8221;]\n<h1>FOR A SAFE MOVE TO THE NORTH SHORE<\/h1>\n<p>Do you want to move to the North Shore, to another region of Quebec or to another province? No worries! You can trust Brault D\u00e9m\u00e9nagement&#8217;s professional team of North Shore movers to transport and deliver all of your belongings quickly and efficiently. Indeed, with more than 60 years of experience in the field, at Brault D\u00e9m\u00e9nagement, we guarantee that your <a href=\"https:\/\/braultdemenagement.com\/en\/residential-moving\/\">residential move<\/a> or your <a href=\"https:\/\/braultdemenagement.com\/en\/commercial-moving\/\">commercial move<\/a> to Laval and the North Shore will be a success.<\/p>\n<p>A move to the North Shore, whether short or long distance and regardless of the city, is an important event that can be a source of stress. For your peace of mind, trust the experienced movers at Brault D\u00e9m\u00e9nagement. We offer you an excellent complete <a href=\"https:\/\/braultdemenagement.com\/en\/residential-moving\/laval\/\">moving service in Laval<\/a> and the North Shore at an affordable price. Indeed, our experts take care of packing, moving, dismantling, transporting, unpacking, reassembling and placing your furniture as well as all of your belongings with care and efficiency.[\/vc_column_text][\/vc_column_inner][\/vc_row_inner][mk_padding_divider size=&#8221;90&#8243;][\/vc_column][\/mk_page_section][mk_page_section bg_image=&#8221;https:\/\/braultdemenagement.com\/wp-content\/uploads\/2020\/08\/transport-demenagement.jpg&#8221; bg_color=&#8221;#1b5270&#8243; video_color_mask=&#8221;#1b5270&#8243; video_opacity=&#8221;0.7&#8243; padding_top=&#8221;90&#8243; padding_bottom=&#8221;90&#8243; el_class=&#8221;bjm-allwhite&#8221; sidebar=&#8221;sidebar-1&#8243;][vc_column][vc_row_inner][vc_column_inner css=&#8221;.vc_custom_1494593645880{padding-right: 60px !important;}&#8221;][vc_column_text align=&#8221;center&#8221; css=&#8221;.vc_custom_1689940229261{margin-bottom: 0px !important;}&#8221;]\n<h2 style=\"font-size: 2em;\">YOUR SPECIALIST MOVERS ON THE NORTH SHORE<\/h2>\n<p>At Brault D\u00e9m\u00e9nagement, thanks to our expertise and experience, we are able to support you at all stages of your move to the North Shore. In fact, to adapt to your schedule, we are at your disposal 7 days a week, including holidays. Thus, we offer you a complete and totally personalized moving service that meets all your expectations. Our moving team on the North Shore offers you courteous, reliable, professional and fast service. In addition, our movers handle and transport all your belongings, whether fragile, bulky, heavy or bulky, with care and in complete safety. In addition, to guarantee you a damage-free move, we offer a large selection of <a href=\"https:\/\/braultdemenagement.com\/en\/packing-unpacking\/\">packing materials for your move such as cardboard boxes<\/a> for dishes or wardrobes, protective mats, harnesses, protective packaging and others.<\/p>\n<p>Because you could have an unforeseen event and need between two residences to store your belongings, at Brault D\u00e9m\u00e9nagement, we also offer you a <a href=\"https:\/\/braultdemenagement.com\/en\/storage-laval\/\">short or long-term storage service<\/a> . We offer a large choice of storage space to meet all your needs. In addition, our warehouses are secure, monitored by camera, heated, clean and easy to access at all times.[\/vc_column_text][mk_padding_divider size=&#8221;90&#8243;][vc_separator el_width=&#8221;50&#8243; css=&#8221;.vc_custom_1494593680800{padding-top: 15px !important;padding-bottom: 15px !important;}&#8221;][mk_padding_divider size=&#8221;60&#8243;][vc_column_text align=&#8221;center&#8221; css=&#8221;.vc_custom_1689794684301{margin-bottom: 0px !important;}&#8221;]\n<h2 style=\"font-size: 1.9em;\">OUR INSURANCE TO GUARANTEE YOU A WORRY-FREE MOVE<\/h2>\n<p>The North Shore movers at Brault D\u00e9m\u00e9nagement take every precaution not to damage your homes or offices, old or future. That&#8217;s why we always use rugs to protect floors and stair railings, clean blankets to wrap your furniture as well as your most fragile belongings like your TV or mirrors, and covers for mattresses.<\/p>\n<p>In addition, we offer a meticulous packing service for all your personal effects. Thus, your goods will be fully insured and perfectly protected during transport and handling.<\/p>\n<p>For your peace of mind and because an accident can happen, we offer you an insurance certificate that protects all of your goods during handling and transport. Our insurance covers:<\/p>\n<p><strong>5 million in civil liability \/ 1 million for cargo<\/strong><\/p>\n<p>You have 48 hours after your move to make a claim and you will have a deductible of $125 plus taxes for any request. With Brault D\u00e9m\u00e9nagement, rest assured that your move to Laval and the North Shore will take place without hassle or damage.[\/vc_column_text][mk_padding_divider size=&#8221;45&#8243;][\/vc_column_inner][\/vc_row_inner][\/vc_column][\/mk_page_section][mk_page_section bg_color=&#8221;#ffffff&#8221; sidebar=&#8221;sidebar-1&#8243;][vc_column][mk_padding_divider size=&#8221;90&#8243;][vc_row_inner][vc_column_inner width=&#8221;2\/3&#8243;][vc_column_text align=&#8221;center&#8221; css=&#8221;.vc_custom_1691510590920{margin-bottom: 0px !important;}&#8221;]\n<h2 style=\"color: #404040;\">ALL ABOUT THE NORTH SHORE<\/h2>\n<p style=\"color: #808080;\">The North Shore is the name commonly given to the territory north of the Montreal metropolitan area. The North Shore includes the Laurentides and Lanaudi\u00e8re regions from north of the Rivi\u00e8re des Mille \u00celes. It has a population of approximately 555,700 inhabitants spread over 20 municipalities.<\/p>\n<p style=\"color: #808080;\">Brault D\u00e9m\u00e9nagement serves all the towns on the North Shore. Do not hesitate to contact us for a move in the following sectors.<\/p>\n<ul>\n<li style=\"color: #808080; text-align: left;\"><a href=\"https:\/\/braultdemenagement.com\/en\/residential-moving\/blainville\/\">Moving Blainville<\/a><\/li>\n<li style=\"color: #808080; text-align: left;\"><a href=\"\/en\/residential-moving\/boisbriand\/\">Moving Boisbriand<\/a><\/li>\n<li style=\"color: #808080; text-align: left;\">Moving Bois-des-Filion<\/li>\n<li style=\"color: #808080; text-align: left;\">Moving Charlemagne<\/li>\n<li style=\"color: #808080; text-align: left;\">Moving Deux-Montagnes<\/li>\n<li style=\"color: #808080; text-align: left;\">Moving L&#8217;Assomption<\/li>\n<li style=\"color: #808080; text-align: left;\">Moving Lorraine<\/li>\n<li style=\"color: #808080; text-align: left;\"><a href=\"https:\/\/braultdemenagement.com\/en\/residential-moving\/mascouche\/\">Moving Mascouche<\/a><\/li>\n<li style=\"color: #808080; text-align: left;\"><a href=\"https:\/\/braultdemenagement.com\/en\/residential-moving\/mirabel\/\">Moving Mirabel<\/a><\/li>\n<li style=\"color: #808080; text-align: left;\">Moving Oka<\/li>\n<li style=\"color: #808080; text-align: left;\">Moving Pointe-Calumet<\/li>\n<li style=\"color: #808080; text-align: left;\"><a href=\"https:\/\/braultdemenagement.com\/en\/residential-moving\/repentigny\/\">Moving Repentigny<\/a><\/li>\n<li style=\"color: #808080; text-align: left;\"><a href=\"\/en\/residential-moving\/rosemere\/\">Moving Rosemere<\/a><\/li>\n<li style=\"color: #808080; text-align: left;\"><a href=\"https:\/\/braultdemenagement.com\/en\/residential-moving\/st-eustache\/\">Moving Saint-Eustache<\/a><\/li>\n<li style=\"color: #808080; text-align: left;\"><a href=\"https:\/\/braultdemenagement.com\/en\/residential-moving\/st-jerome\/\">Moving Saint-J\u00e9r\u00f4me<\/a><\/li>\n<li style=\"color: #808080; text-align: left;\">Moving Saint-Joseph-du-Lac<\/li>\n<li style=\"color: #808080; text-align: left;\">Moving Saint-Sulpice<\/li>\n<li style=\"color: #808080; text-align: left;\">Moving Sainte-Anne-des-Plaines<\/li>\n<li style=\"color: #808080; text-align: left;\">Moving Sainte-Marthe-sur-le-Lac<\/li>\n<li style=\"color: #808080; text-align: left;\"><a href=\"\/en\/residential-moving\/ste-therese\/\">Moving Sainte-Th\u00e9r\u00e8se<\/a><\/li>\n<li style=\"color: #808080; text-align: left;\"><a href=\"https:\/\/braultdemenagement.com\/en\/residential-moving\/terrebonne\/\">Moving Terrebonne<\/a><\/li>\n<\/ul>\n[\/vc_column_text][\/vc_column_inner][vc_column_inner width=&#8221;1\/3&#8243;][vc_single_image image=&#8221;5990&#8243; img_size=&#8221;full&#8221; add_caption=&#8221;yes&#8221;][\/vc_column_inner][\/vc_row_inner][mk_padding_divider size=&#8221;90&#8243;][\/vc_column][\/mk_page_section][mk_page_section bg_color=&#8221;#f1f1f1&#8243; padding_top=&#8221;90&#8243; padding_bottom=&#8221;90&#8243; sidebar=&#8221;sidebar-1&#8243;][vc_column][vc_column_text align=&#8221;center&#8221; css=&#8221;.vc_custom_1689940612121{margin-bottom: 0px !important;}&#8221;]\n<p style=\"text-align: center;\"><span style=\"font-weight: 400;\">We also offer moving services <a href=\"https:\/\/braultdemenagement.com\/en\/residential-moving\/laurentians\/\">in the Laurentians<\/a>, <a href=\"https:\/\/braultdemenagement.com\/en\/residential-moving\/montreal\/\">moving to Montreal<\/a> and Laval.<\/span><\/p>\n[\/vc_column_text][mk_button dimension=&#8221;flat&#8221; size=&#8221;x-large&#8221; url=&#8221;\/en\/residential-commercial-moving-services-laval-contact-us\/&#8221; align=&#8221;center&#8221; margin_top=&#8221;15&#8243; margin_bottom=&#8221;0&#8243; margin_right=&#8221;0&#8243; bg_color=&#8221;#a39161&#8243; btn_hover_bg=&#8221;#ba9a51&#8243;]Contact us[\/mk_button][\/vc_column][\/mk_page_section]\n<\/div>","protected":false},"excerpt":{"rendered":"<p>[vc_row fullwidth=&#8221;true&#8221; fullwidth_content=&#8221;false&#8221; css=&#8221;.vc_custom_1651605885189{background-color: #f7f7f7 !important;}&#8221; el_class=&#8221;bjm-bc&#8221;][vc_column css=&#8221;.vc_custom_1651601447636{padding-top: 18px !important;padding-bottom: 9px !important;}&#8221;][vc_column_text css=&#8221;.vc_custom_1651600806659{margin-bottom: 0px !important;}&#8221;][\/vc_column_text][\/vc_column][\/vc_row][mk_page_section bg_image=&#8221;https:\/\/braultdemenagement.com\/wp-content\/uploads\/2022\/12\/demenager-a-repentigny.jpg&#8221; bg_color=&#8221;#ffffff&#8221; bg_position=&#8221;center center&#8221; bg_repeat=&#8221;no-repeat&#8221; bg_stretch=&#8221;true&#8221; enable_3d=&#8221;true&#8221; video_color_mask=&#8221;#000000&#8243; video_opacity=&#8221;0.3&#8243; min_height=&#8221;650&#8243; full_width=&#8221;true&#8221; el_class=&#8221;bjm-estimate-form&#8221; sidebar=&#8221;sidebar-1&#8243;][vc_column width=&#8221;1\/12&#8243;][\/vc_column][vc_column width=&#8221;7\/12&#8243;][mk_padding_divider size=&#8221;120&#8243; visibility=&#8221;hidden-sm&#8221;][mk_padding_divider size=&#8221;60&#8243;][vc_column_text el_class=&#8221;bjm-h2-title&#8221; css=&#8221;.vc_custom_1689794385962{margin-bottom: 0px !important;}&#8221;] MAKE YOUR MOVE TO THE NORTH SHORE A SUCCESS! [\/vc_column_text][mk_button dimension=&#8221;flat&#8221; size=&#8221;large&#8221; url=&#8221;\/en\/residential-commercial-moving-services-laval-contact-us\/&#8221;]Get more information [\/mk_button][mk_padding_divider size=&#8221;60&#8243;][\/vc_column][vc_column width=&#8221;1\/3&#8243;][\/vc_column][\/mk_page_section][mk_page_section [&hellip;]<\/p>\n","protected":false},"author":4,"featured_media":5236,"parent":332,"menu_order":0,"comment_status":"closed","ping_status":"closed","template":"","meta":{"footnotes":""},"class_list":["post-5989","page","type-page","status-publish","has-post-thumbnail","hentry"],"_links":{"self":[{"href":"https:\/\/braultdemenagement.com\/en\/wp-json\/wp\/v2\/pages\/5989","targetHints":{"allow":["GET"]}}],"collection":[{"href":"https:\/\/braultdemenagement.com\/en\/wp-json\/wp\/v2\/pages"}],"about":[{"href":"https:\/\/braultdemenagement.com\/en\/wp-json\/wp\/v2\/types\/page"}],"author":[{"embeddable":true,"href":"https:\/\/braultdemenagement.com\/en\/wp-json\/wp\/v2\/users\/4"}],"replies":[{"embeddable":true,"href":"https:\/\/braultdemenagement.com\/en\/wp-json\/wp\/v2\/comments?post=5989"}],"version-history":[{"count":8,"href":"https:\/\/braultdemenagement.com\/en\/wp-json\/wp\/v2\/pages\/5989\/revisions"}],"predecessor-version":[{"id":7723,"href":"https:\/\/braultdemenagement.com\/en\/wp-json\/wp\/v2\/pages\/5989\/revisions\/7723"}],"up":[{"embeddable":true,"href":"https:\/\/braultdemenagement.com\/en\/wp-json\/wp\/v2\/pages\/332"}],"wp:featuredmedia":[{"embeddable":true,"href":"https:\/\/braultdemenagement.com\/en\/wp-json\/wp\/v2\/media\/5236"}],"wp:attachment":[{"href":"https:\/\/braultdemenagement.com\/en\/wp-json\/wp\/v2\/media?parent=5989"}],"curies":[{"name":"wp","href":"https:\/\/api.w.org\/{rel}","templated":true}]}}