{"id":6046,"date":"2023-07-19T15:49:36","date_gmt":"2023-07-19T19:49:36","guid":{"rendered":"https:\/\/braultdemenagement.com\/?page_id=6046"},"modified":"2024-11-04T11:27:18","modified_gmt":"2024-11-04T16:27:18","slug":"lanaudiere","status":"publish","type":"page","link":"https:\/\/braultdemenagement.com\/en\/residential-moving\/lanaudiere\/","title":{"rendered":"Lanaudi\u00e8re Moving"},"content":{"rendered":"<div class=\"wpb-content-wrapper\">[vc_row fullwidth=&#8221;true&#8221; fullwidth_content=&#8221;false&#8221; css=&#8221;.vc_custom_1651605640694{background-color: #f7f7f7 !important;}&#8221; el_class=&#8221;bjm-bc&#8221;][vc_column css=&#8221;.vc_custom_1651601447636{padding-top: 18px !important;padding-bottom: 9px !important;}&#8221;][vc_column_text css=&#8221;.vc_custom_1651600806659{margin-bottom: 0px !important;}&#8221;]<span><span><a href=\"https:\/\/braultdemenagement.com\/en\/\">Home<\/a><\/span><\/span>[\/vc_column_text][\/vc_column][\/vc_row][mk_page_section bg_image=&#8221;https:\/\/braultdemenagement.com\/wp-content\/uploads\/2023\/07\/demenagement-lanaudiere.jpg&#8221; bg_color=&#8221;#ffffff&#8221; bg_position=&#8221;center center&#8221; bg_repeat=&#8221;no-repeat&#8221; bg_stretch=&#8221;true&#8221; enable_3d=&#8221;true&#8221; video_color_mask=&#8221;#000000&#8243; video_opacity=&#8221;0.3&#8243; min_height=&#8221;650&#8243; full_width=&#8221;true&#8221; el_class=&#8221;bjm-estimate-form&#8221; sidebar=&#8221;sidebar-1&#8243;][vc_column width=&#8221;1\/12&#8243;][\/vc_column][vc_column width=&#8221;7\/12&#8243;][mk_padding_divider size=&#8221;120&#8243; visibility=&#8221;hidden-sm&#8221;][mk_padding_divider size=&#8221;60&#8243;][vc_column_text el_class=&#8221;bjm-h2-title&#8221; css=&#8221;.vc_custom_1689795586002{margin-bottom: 0px !important;}&#8221;]\n<h2><b>MOVING TO LANAUDI\u00c8RE WITH COMPLETE PEACE OF MIND<\/b><\/h2>\n[\/vc_column_text][mk_button dimension=&#8221;flat&#8221; size=&#8221;large&#8221; url=&#8221;\/en\/residential-commercial-moving-services-laval-contact-us\/&#8221;]Request more information<br \/>\n[\/mk_button][mk_padding_divider size=&#8221;60&#8243;][\/vc_column][vc_column width=&#8221;1\/3&#8243;]\n<div class=\"wpcf7 no-js\" id=\"wpcf7-f1663-o1\" lang=\"fr-FR\" dir=\"ltr\" data-wpcf7-id=\"1663\">\n<div class=\"screen-reader-response\"><p role=\"status\" aria-live=\"polite\" aria-atomic=\"true\"><\/p> <ul><\/ul><\/div>\n<form action=\"\/en\/wp-json\/wp\/v2\/pages\/6046#wpcf7-f1663-o1\" method=\"post\" class=\"wpcf7-form init\" aria-label=\"Formulaire de contact\" novalidate=\"novalidate\" data-status=\"init\">\n<fieldset class=\"hidden-fields-container\"><input type=\"hidden\" name=\"_wpcf7\" value=\"1663\" \/><input type=\"hidden\" name=\"_wpcf7_version\" value=\"6.1.5\" \/><input type=\"hidden\" name=\"_wpcf7_locale\" value=\"fr_FR\" \/><input type=\"hidden\" name=\"_wpcf7_unit_tag\" value=\"wpcf7-f1663-o1\" \/><input type=\"hidden\" name=\"_wpcf7_container_post\" value=\"0\" \/><input type=\"hidden\" name=\"_wpcf7_posted_data_hash\" value=\"\" \/><input type=\"hidden\" name=\"_wpcf7_recaptcha_response\" value=\"\" \/>\n<\/fieldset>\n<div class=\"bjm-estimation-form\">\n\t<h3>Information request\n\t<\/h3>\n\t<p><span class=\"wpcf7-form-control-wrap\" data-name=\"your-name\"><input size=\"40\" maxlength=\"400\" class=\"wpcf7-form-control wpcf7-text wpcf7-validates-as-required\" autocomplete=\"off\" aria-required=\"true\" aria-invalid=\"false\" placeholder=\"Full name*\" value=\"\" type=\"text\" name=\"your-name\" \/><\/span><br \/>\n<span class=\"wpcf7-form-control-wrap\" data-name=\"your-tel\"><input size=\"40\" maxlength=\"400\" class=\"wpcf7-form-control wpcf7-tel wpcf7-validates-as-required wpcf7-text wpcf7-validates-as-tel\" autocomplete=\"off\" aria-required=\"true\" aria-invalid=\"false\" placeholder=\"Phone*\" value=\"\" type=\"tel\" name=\"your-tel\" \/><\/span><br \/>\n<span class=\"wpcf7-form-control-wrap\" data-name=\"your-email\"><input size=\"40\" maxlength=\"400\" class=\"wpcf7-form-control wpcf7-email wpcf7-validates-as-required wpcf7-text wpcf7-validates-as-email\" autocomplete=\"off\" aria-required=\"true\" aria-invalid=\"false\" placeholder=\"Email*\" value=\"\" type=\"email\" name=\"your-email\" \/><\/span><br \/>\n<span class=\"wpcf7-form-control-wrap\" data-name=\"your-res-com\"><span class=\"wpcf7-form-control wpcf7-radio\"><span class=\"wpcf7-list-item first\"><label><input type=\"radio\" name=\"your-res-com\" value=\"Residential\" checked=\"checked\" \/><span class=\"wpcf7-list-item-label\">Residential<\/span><\/label><\/span><span class=\"wpcf7-list-item last\"><label><input type=\"radio\" name=\"your-res-com\" value=\"Commercial\" \/><span class=\"wpcf7-list-item-label\">Commercial<\/span><\/label><\/span><\/span><\/span>\n\t<\/p>\n\t<div style=\"height:5px\">\n\t<\/div>\n\t<p><span class=\"bjm-slider-form-field\">Moving date*<\/span><br \/>\n<span class=\"wpcf7-form-control-wrap\" data-name=\"your-date\"><input size=\"40\" maxlength=\"400\" class=\"wpcf7-form-control wpcf7-text wpcf7-validates-as-required\" autocomplete=\"off\" aria-required=\"true\" aria-invalid=\"false\" placeholder=\"dd\/mm\/yyyy\" value=\"\" type=\"text\" name=\"your-date\" \/><\/span><br \/>\n<span class=\"wpcf7-form-control-wrap\" data-name=\"city-start\"><input size=\"40\" maxlength=\"400\" class=\"wpcf7-form-control wpcf7-text wpcf7-validates-as-required\" autocomplete=\"off\" aria-required=\"true\" aria-invalid=\"false\" placeholder=\"From (city)*\" value=\"\" type=\"text\" name=\"city-start\" \/><\/span><br \/>\n<span class=\"wpcf7-form-control-wrap\" data-name=\"city-end\"><input size=\"40\" maxlength=\"400\" class=\"wpcf7-form-control wpcf7-text wpcf7-validates-as-required\" autocomplete=\"off\" aria-required=\"true\" aria-invalid=\"false\" placeholder=\"To (city)*\" value=\"\" type=\"text\" name=\"city-end\" \/><\/span><br \/>\n<input class=\"wpcf7-form-control wpcf7-submit has-spinner\" type=\"submit\" value=\"Send\" \/><br \/>\n<script>\ndocument.addEventListener( 'wpcf7mailsent', function( event ) {\n location = 'https:\/\/braultdemenagement.com\/en\/thank-you\/';\n}, false );\n<\/script>\n\t<\/p>\n<\/div><div class=\"wpcf7-response-output\" aria-hidden=\"true\"><\/div>\n<\/form>\n<\/div>\n[\/vc_column][\/mk_page_section][mk_page_section sidebar=&#8221;sidebar-1&#8243;][vc_column][mk_padding_divider size=&#8221;90&#8243;][vc_row_inner][vc_column_inner][vc_column_text align=&#8221;center&#8221; css=&#8221;.vc_custom_1723745464461{margin-bottom: 0px !important;}&#8221;]\n<h1>MAKE YOUR MOVE TO LANAUDI\u00c8RE A SUCCESS!<\/h1>\n<p>Are you moving to Lanaudi\u00e8re or leaving this region and looking for the best mover in Lanaudi\u00e8re? To transport and deliver all of your goods efficiently, quickly and without hassle, you can count on the professional team of Lanaudi\u00e8re movers from Brault D\u00e9m\u00e9nagement. Indeed, since 1956, Brault D\u00e9m\u00e9nagement has been providing <a href=\"https:\/\/braultdemenagement.com\/en\/residential-moving\/\">residential moving <\/a> and de <a href=\"https:\/\/braultdemenagement.com\/en\/commercial-moving\/\">commercial moving<\/a> services in Lanaudi\u00e8re, the Laurentians, the North Shore and Montreal.<\/p>\n<p>Whether for a small move in Lanaudi\u00e8re, a <a href=\"https:\/\/braultdemenagement.com\/en\/residential-moving\/long-distance-move\/\">long distance move <\/a> or a few kilometers, trust our experienced movers. We offer you an impeccable and complete moving service at a competitive price. For your peace of mind, our Lanaudi\u00e8re movers pack, move, dismantle, transport, unpack, reassemble and place your furniture and your belongings with care and professionalism.[\/vc_column_text][\/vc_column_inner][\/vc_row_inner][mk_padding_divider size=&#8221;90&#8243;][\/vc_column][\/mk_page_section][mk_page_section bg_image=&#8221;https:\/\/braultdemenagement.com\/wp-content\/uploads\/2020\/08\/transport-demenagement.jpg&#8221; bg_color=&#8221;#1b5270&#8243; video_color_mask=&#8221;#1b5270&#8243; video_opacity=&#8221;0.7&#8243; padding_top=&#8221;90&#8243; padding_bottom=&#8221;90&#8243; el_class=&#8221;bjm-allwhite&#8221; sidebar=&#8221;sidebar-1&#8243;][vc_column][vc_row_inner][vc_column_inner width=&#8221;1\/12&#8243; css=&#8221;.vc_custom_1494593645880{padding-right: 60px !important;}&#8221;][\/vc_column_inner][vc_column_inner width=&#8221;10\/12&#8243;][vc_column_text align=&#8221;center&#8221; css=&#8221;.vc_custom_1689951542309{margin-bottom: 0px !important;}&#8221;]\n<h2 style=\"font-size: 2em;\">MOVER #1 IN LANAUDI\u00c8RE<\/h2>\n<p>Thanks to our expertise and our experience, we support you in all stages of your move to Lanaudi\u00e8re. In addition, to facilitate the movement of your goods, our movers in Lanaudi\u00e8re are available 7 days a week, including holidays. Thus, we offer you a completely personalized moving service that meets your needs. In addition, in order to guarantee you a damage-free move of all your belongings, whether fragile, bulky or heavy, we offer you all the packing <a href=\"\/en\/packing-unpacking\/#packages\">material necessary for your move, such as cardboard boxes <\/a> for dishes or wardrobes, custom-made wooden boxes for large objects, carpets and protective packaging and others.<\/p>\n<p>You have an unforeseen event and you need to store your goods? No stress! We also offer you a <a href=\"https:\/\/braultdemenagement.com\/en\/storage-laval\/\">storage service during your move<\/a>, for a short or long period. We have a large choice of storage space to meet all your needs in our heated, clean, camera-monitored warehouses that are easy to access at all times.[\/vc_column_text][mk_padding_divider size=&#8221;90&#8243;][vc_separator el_width=&#8221;50&#8243; css=&#8221;.vc_custom_1494593680800{padding-top: 15px !important;padding-bottom: 15px !important;}&#8221;][mk_padding_divider size=&#8221;60&#8243;][vc_column_text align=&#8221;center&#8221; css=&#8221;.vc_custom_1730737629700{margin-bottom: 0px !important;}&#8221;]\n<h2 style=\"font-size: 1.9em;\">OUR INSURANCE TO ENSURE A STRESS-FREE MOVE TO LANAUDI\u00c8RE<\/h2>\n<p>At Brault D\u00e9m\u00e9nagement, we take every precaution to avoid damaging your property, residences or offices. For this, we use carpets to protect the floors, blankets to wrap your furniture and your most fragile belongings as well as plastic covers for the mattresses. In addition, so that your goods are fully insured and perfectly protected during transport and handling, we offer you a meticulous packing service for all your goods in our adapted cardboard boxes.<\/p>\n<p>Because an accident can happen despite all the precautions we take, we offer you an insurance certificate that protects your goods during handling and transport*. Our insurance covers 5 million in civil liability and 1 million for cargo. You have 48 hours after your move to make a claim and a deductible of $125 plus taxes will be applied to any claim.<\/p>\n<p><strong><a href=\"\/en\/residential-commercial-moving-services-laval-contact-us\/\">Contact us for more information<\/a><\/strong>[\/vc_column_text][mk_padding_divider size=&#8221;45&#8243;][\/vc_column_inner][vc_column_inner width=&#8221;1\/12&#8243;][\/vc_column_inner][\/vc_row_inner][\/vc_column][\/mk_page_section][mk_page_section bg_color=&#8221;#ffffff&#8221; sidebar=&#8221;sidebar-1&#8243;][vc_column][mk_padding_divider size=&#8221;90&#8243;][vc_row_inner][vc_column_inner width=&#8221;2\/3&#8243;][vc_column_text align=&#8221;center&#8221; css=&#8221;.vc_custom_1689795906511{margin-bottom: 0px !important;}&#8221;]\n<h2 style=\"color: #404040;\">LEARN MORE ABOUT THE LANAUDI\u00c8RE REGION<\/h2>\n<p style=\"color: #808080;\">Located along the St. Lawrence, about 30 km, or 25 minutes northeast of Montreal, <a href=\"https:\/\/fr.wikipedia.org\/wiki\/Lanaudi%C3%A8re\" target=\"_blank\" rel=\"noopener\">Lanaudi\u00e8re<\/a> is an administrative region of Quebec that includes the valleys of the L&#8217;Assomption and Ouareau rivers. It is a colorful region that has 58 towns, the largest of which are <a href=\"https:\/\/braultdemenagement.com\/en\/residential-moving\/terrebonne\/\">Terrebonne<\/a>, <a href=\"https:\/\/braultdemenagement.com\/en\/residential-moving\/repentigny\/\">Repentigny<\/a>, <a href=\"https:\/\/braultdemenagement.com\/en\/residential-moving\/mascouche\/\">Mascouche<\/a>, Saint-Lin\u2013Laurentides, L&#8217;Assomption and Joliette, grouped into six regional county municipalities (RCMs). It extends over 13,515 km2, of which 12,308 km2 are terrestrial for approximately 528,000 inhabitants.<\/p>\n<p style=\"color: #808080;\">In Lanaudi\u00e8re, you can enjoy a pleasant living environment, in contact with nature, but also welcoming urban centers. With its vast virgin and wild spaces, its 10,000 lakes and rivers, its falls and its cascades, its plains and its mountains and its many beaches, the region is an outdoor paradise. Indeed, many activities are offered in summer (hiking, biking, fishing, canoeing, camping, major events, festivals, etc.) and in winter (downhill skiing, snowmobiling, snowshoeing, skating, etc.). Lanaudi\u00e8re also offers many cultural activities including art galleries and museums as well as a great historical heritage including several heritage buildings, historic sites and many mills.<\/p>\n[\/vc_column_text][\/vc_column_inner][vc_column_inner width=&#8221;1\/3&#8243;][vc_single_image image=&#8221;6050&#8243; img_size=&#8221;full&#8221;][\/vc_column_inner][\/vc_row_inner][mk_padding_divider size=&#8221;90&#8243;][\/vc_column][\/mk_page_section][mk_page_section bg_color=&#8221;#e1e1e1&#8243; padding_top=&#8221;90&#8243; padding_bottom=&#8221;90&#8243; sidebar=&#8221;sidebar-1&#8243;][vc_column][vc_column_text align=&#8221;center&#8221; css=&#8221;.vc_custom_1689951692291{margin-bottom: 0px !important;}&#8221;]<span style=\"font-weight: 400;\">We also offer <a href=\"https:\/\/braultdemenagement.com\/en\/residential-moving\/laurentians\/\">moving services in the Laurentians<\/a>, <a href=\"https:\/\/braultdemenagement.com\/en\/residential-moving\/laval\/\">Laval<\/a>, <a href=\"https:\/\/braultdemenagement.com\/en\/residential-moving\/st-jerome\/\">Saint-J\u00e9r\u00f4me<\/a>, <a href=\"https:\/\/braultdemenagement.com\/en\/residential-moving\/blainville\/\">Blainville<\/a>, <a href=\"https:\/\/braultdemenagement.com\/en\/residential-moving\/boisbriand\/\">Boisbriand<\/a>, <a href=\"https:\/\/braultdemenagement.com\/en\/residential-moving\/mirabel\/\">Mirabel<\/a>, <a href=\"https:\/\/braultdemenagement.com\/en\/residential-moving\/st-eustache\/\">Saint-Eustache<\/a> and <a href=\"https:\/\/braultdemenagement.com\/en\/residential-moving\/montreal\/\">Montreal<\/a>.<\/span>[\/vc_column_text][mk_button dimension=&#8221;flat&#8221; size=&#8221;x-large&#8221; url=&#8221;\/en\/residential-commercial-moving-services-laval-contact-us\/&#8221; align=&#8221;center&#8221; margin_top=&#8221;15&#8243; margin_bottom=&#8221;0&#8243; margin_right=&#8221;0&#8243; bg_color=&#8221;#a39161&#8243; btn_hover_bg=&#8221;#ba9a51&#8243;]Contact us[\/mk_button][mk_padding_divider size=&#8221;30&#8243;][vc_column_text align=&#8221;center&#8221; css=&#8221;.vc_custom_1689796116007{margin-bottom: 0px !important;}&#8221;]<small>*Certain conditions apply<\/small>[\/vc_column_text][\/vc_column][\/mk_page_section]\n<\/div>","protected":false},"excerpt":{"rendered":"<p>[vc_row fullwidth=&#8221;true&#8221; fullwidth_content=&#8221;false&#8221; css=&#8221;.vc_custom_1651605640694{background-color: #f7f7f7 !important;}&#8221; el_class=&#8221;bjm-bc&#8221;][vc_column css=&#8221;.vc_custom_1651601447636{padding-top: 18px !important;padding-bottom: 9px !important;}&#8221;][vc_column_text css=&#8221;.vc_custom_1651600806659{margin-bottom: 0px !important;}&#8221;][\/vc_column_text][\/vc_column][\/vc_row][mk_page_section bg_image=&#8221;https:\/\/braultdemenagement.com\/wp-content\/uploads\/2023\/07\/demenagement-lanaudiere.jpg&#8221; bg_color=&#8221;#ffffff&#8221; bg_position=&#8221;center center&#8221; bg_repeat=&#8221;no-repeat&#8221; bg_stretch=&#8221;true&#8221; enable_3d=&#8221;true&#8221; video_color_mask=&#8221;#000000&#8243; video_opacity=&#8221;0.3&#8243; min_height=&#8221;650&#8243; full_width=&#8221;true&#8221; el_class=&#8221;bjm-estimate-form&#8221; sidebar=&#8221;sidebar-1&#8243;][vc_column width=&#8221;1\/12&#8243;][\/vc_column][vc_column width=&#8221;7\/12&#8243;][mk_padding_divider size=&#8221;120&#8243; visibility=&#8221;hidden-sm&#8221;][mk_padding_divider size=&#8221;60&#8243;][vc_column_text el_class=&#8221;bjm-h2-title&#8221; css=&#8221;.vc_custom_1689795586002{margin-bottom: 0px !important;}&#8221;] MOVING TO LANAUDI\u00c8RE WITH COMPLETE PEACE OF MIND [\/vc_column_text][mk_button dimension=&#8221;flat&#8221; size=&#8221;large&#8221; url=&#8221;\/en\/residential-commercial-moving-services-laval-contact-us\/&#8221;]Request more information [\/mk_button][mk_padding_divider size=&#8221;60&#8243;][\/vc_column][vc_column width=&#8221;1\/3&#8243;][\/vc_column][\/mk_page_section][mk_page_section sidebar=&#8221;sidebar-1&#8243;][vc_column][mk_padding_divider [&hellip;]<\/p>\n","protected":false},"author":4,"featured_media":6051,"parent":332,"menu_order":0,"comment_status":"closed","ping_status":"closed","template":"","meta":{"footnotes":""},"class_list":["post-6046","page","type-page","status-publish","has-post-thumbnail","hentry"],"_links":{"self":[{"href":"https:\/\/braultdemenagement.com\/en\/wp-json\/wp\/v2\/pages\/6046","targetHints":{"allow":["GET"]}}],"collection":[{"href":"https:\/\/braultdemenagement.com\/en\/wp-json\/wp\/v2\/pages"}],"about":[{"href":"https:\/\/braultdemenagement.com\/en\/wp-json\/wp\/v2\/types\/page"}],"author":[{"embeddable":true,"href":"https:\/\/braultdemenagement.com\/en\/wp-json\/wp\/v2\/users\/4"}],"replies":[{"embeddable":true,"href":"https:\/\/braultdemenagement.com\/en\/wp-json\/wp\/v2\/comments?post=6046"}],"version-history":[{"count":9,"href":"https:\/\/braultdemenagement.com\/en\/wp-json\/wp\/v2\/pages\/6046\/revisions"}],"predecessor-version":[{"id":7716,"href":"https:\/\/braultdemenagement.com\/en\/wp-json\/wp\/v2\/pages\/6046\/revisions\/7716"}],"up":[{"embeddable":true,"href":"https:\/\/braultdemenagement.com\/en\/wp-json\/wp\/v2\/pages\/332"}],"wp:featuredmedia":[{"embeddable":true,"href":"https:\/\/braultdemenagement.com\/en\/wp-json\/wp\/v2\/media\/6051"}],"wp:attachment":[{"href":"https:\/\/braultdemenagement.com\/en\/wp-json\/wp\/v2\/media?parent=6046"}],"curies":[{"name":"wp","href":"https:\/\/api.w.org\/{rel}","templated":true}]}}