{"id":6176,"date":"2023-08-08T10:03:07","date_gmt":"2023-08-08T14:03:07","guid":{"rendered":"https:\/\/braultdemenagement.com\/?page_id=6176"},"modified":"2024-11-04T11:35:55","modified_gmt":"2024-11-04T16:35:55","slug":"ste-therese","status":"publish","type":"page","link":"https:\/\/braultdemenagement.com\/en\/residential-moving\/ste-therese\/","title":{"rendered":"Ste-Th\u00e9r\u00e8se Moving"},"content":{"rendered":"<div class=\"wpb-content-wrapper\">[vc_row fullwidth=&#8221;true&#8221; fullwidth_content=&#8221;false&#8221; css=&#8221;.vc_custom_1651605885189{background-color: #f7f7f7 !important;}&#8221; el_class=&#8221;bjm-bc&#8221;][vc_column css=&#8221;.vc_custom_1651601447636{padding-top: 18px !important;padding-bottom: 9px !important;}&#8221;][vc_column_text css=&#8221;.vc_custom_1651600806659{margin-bottom: 0px !important;}&#8221;]<span><span><a href=\"https:\/\/braultdemenagement.com\/en\/\">Home<\/a><\/span><\/span>[\/vc_column_text][\/vc_column][\/vc_row][mk_page_section bg_image=&#8221;https:\/\/braultdemenagement.com\/wp-content\/uploads\/2023\/08\/equipe-brault-demenagement.jpg&#8221; bg_color=&#8221;#ffffff&#8221; bg_position=&#8221;center center&#8221; bg_repeat=&#8221;no-repeat&#8221; bg_stretch=&#8221;true&#8221; enable_3d=&#8221;true&#8221; video_color_mask=&#8221;#000000&#8243; video_opacity=&#8221;0.3&#8243; min_height=&#8221;650&#8243; full_width=&#8221;true&#8221; el_class=&#8221;bjm-estimate-form&#8221; sidebar=&#8221;sidebar-1&#8243;][vc_column width=&#8221;1\/12&#8243;][\/vc_column][vc_column width=&#8221;7\/12&#8243;][mk_padding_divider size=&#8221;120&#8243; visibility=&#8221;hidden-sm&#8221;][mk_padding_divider size=&#8221;60&#8243;][vc_column_text el_class=&#8221;bjm-h2-title&#8221; css=&#8221;.vc_custom_1691503480416{margin-bottom: 0px !important;}&#8221;]\n<h2><b>Moving professionals<br \/>\nin Ste-Th\u00e9r\u00e8se and surrounding areas<\/b><\/h2>\n[\/vc_column_text][mk_button dimension=&#8221;flat&#8221; size=&#8221;large&#8221; url=&#8221;\/en\/residential-commercial-moving-services-laval-contact-us\/&#8221;]Information request[\/mk_button][mk_padding_divider size=&#8221;60&#8243;][\/vc_column][vc_column width=&#8221;1\/3&#8243;]\n<div class=\"wpcf7 no-js\" id=\"wpcf7-f1663-o1\" lang=\"fr-FR\" dir=\"ltr\" data-wpcf7-id=\"1663\">\n<div class=\"screen-reader-response\"><p role=\"status\" aria-live=\"polite\" aria-atomic=\"true\"><\/p> <ul><\/ul><\/div>\n<form action=\"\/en\/wp-json\/wp\/v2\/pages\/6176#wpcf7-f1663-o1\" method=\"post\" class=\"wpcf7-form init\" aria-label=\"Formulaire de contact\" novalidate=\"novalidate\" data-status=\"init\">\n<fieldset class=\"hidden-fields-container\"><input type=\"hidden\" name=\"_wpcf7\" value=\"1663\" \/><input type=\"hidden\" name=\"_wpcf7_version\" value=\"6.1.5\" \/><input type=\"hidden\" name=\"_wpcf7_locale\" value=\"fr_FR\" \/><input type=\"hidden\" name=\"_wpcf7_unit_tag\" value=\"wpcf7-f1663-o1\" \/><input type=\"hidden\" name=\"_wpcf7_container_post\" value=\"0\" \/><input type=\"hidden\" name=\"_wpcf7_posted_data_hash\" value=\"\" \/><input type=\"hidden\" name=\"_wpcf7_recaptcha_response\" value=\"\" \/>\n<\/fieldset>\n<div class=\"bjm-estimation-form\">\n\t<h3>Information request\n\t<\/h3>\n\t<p><span class=\"wpcf7-form-control-wrap\" data-name=\"your-name\"><input size=\"40\" maxlength=\"400\" class=\"wpcf7-form-control wpcf7-text wpcf7-validates-as-required\" autocomplete=\"off\" aria-required=\"true\" aria-invalid=\"false\" placeholder=\"Full name*\" value=\"\" type=\"text\" name=\"your-name\" \/><\/span><br \/>\n<span class=\"wpcf7-form-control-wrap\" data-name=\"your-tel\"><input size=\"40\" maxlength=\"400\" class=\"wpcf7-form-control wpcf7-tel wpcf7-validates-as-required wpcf7-text wpcf7-validates-as-tel\" autocomplete=\"off\" aria-required=\"true\" aria-invalid=\"false\" placeholder=\"Phone*\" value=\"\" type=\"tel\" name=\"your-tel\" \/><\/span><br \/>\n<span class=\"wpcf7-form-control-wrap\" data-name=\"your-email\"><input size=\"40\" maxlength=\"400\" class=\"wpcf7-form-control wpcf7-email wpcf7-validates-as-required wpcf7-text wpcf7-validates-as-email\" autocomplete=\"off\" aria-required=\"true\" aria-invalid=\"false\" placeholder=\"Email*\" value=\"\" type=\"email\" name=\"your-email\" \/><\/span><br \/>\n<span class=\"wpcf7-form-control-wrap\" data-name=\"your-res-com\"><span class=\"wpcf7-form-control wpcf7-radio\"><span class=\"wpcf7-list-item first\"><label><input type=\"radio\" name=\"your-res-com\" value=\"Residential\" checked=\"checked\" \/><span class=\"wpcf7-list-item-label\">Residential<\/span><\/label><\/span><span class=\"wpcf7-list-item last\"><label><input type=\"radio\" name=\"your-res-com\" value=\"Commercial\" \/><span class=\"wpcf7-list-item-label\">Commercial<\/span><\/label><\/span><\/span><\/span>\n\t<\/p>\n\t<div style=\"height:5px\">\n\t<\/div>\n\t<p><span class=\"bjm-slider-form-field\">Moving date*<\/span><br \/>\n<span class=\"wpcf7-form-control-wrap\" data-name=\"your-date\"><input size=\"40\" maxlength=\"400\" class=\"wpcf7-form-control wpcf7-text wpcf7-validates-as-required\" autocomplete=\"off\" aria-required=\"true\" aria-invalid=\"false\" placeholder=\"dd\/mm\/yyyy\" value=\"\" type=\"text\" name=\"your-date\" \/><\/span><br \/>\n<span class=\"wpcf7-form-control-wrap\" data-name=\"city-start\"><input size=\"40\" maxlength=\"400\" class=\"wpcf7-form-control wpcf7-text wpcf7-validates-as-required\" autocomplete=\"off\" aria-required=\"true\" aria-invalid=\"false\" placeholder=\"From (city)*\" value=\"\" type=\"text\" name=\"city-start\" \/><\/span><br \/>\n<span class=\"wpcf7-form-control-wrap\" data-name=\"city-end\"><input size=\"40\" maxlength=\"400\" class=\"wpcf7-form-control wpcf7-text wpcf7-validates-as-required\" autocomplete=\"off\" aria-required=\"true\" aria-invalid=\"false\" placeholder=\"To (city)*\" value=\"\" type=\"text\" name=\"city-end\" \/><\/span><br \/>\n<input class=\"wpcf7-form-control wpcf7-submit has-spinner\" type=\"submit\" value=\"Send\" \/><br \/>\n<script>\ndocument.addEventListener( 'wpcf7mailsent', function( event ) {\n location = 'https:\/\/braultdemenagement.com\/en\/thank-you\/';\n}, false );\n<\/script>\n\t<\/p>\n<\/div><div class=\"wpcf7-response-output\" aria-hidden=\"true\"><\/div>\n<\/form>\n<\/div>\n[\/vc_column][\/mk_page_section][mk_page_section sidebar=&#8221;sidebar-1&#8243;][vc_column][mk_padding_divider size=&#8221;90&#8243;][vc_row_inner][vc_column_inner][vc_column_text align=&#8221;center&#8221; css=&#8221;.vc_custom_1730738153633{margin-bottom: 0px !important;}&#8221;]\n<h1>Make your move to Sainte-Th\u00e9r\u00e8se a happy event!<\/h1>\n<p>Brault D\u00e9m\u00e9nagement has been offering, since 1956, a <a href=\"https:\/\/braultdemenagement.com\/en\/residential-moving\/\">residential moving service<\/a> and <a href=\"https:\/\/braultdemenagement. com\/en\/commercial-moving\/\">commercial moving<\/a> in Ste-Th\u00e9r\u00e8se, Laval, Montreal, on the North Shore, in Lanaudi\u00e8re and the Laurentians. Thanks to our experience, our professionalism and our great knowledge of the geographical area, we guarantee you a flawless, worry-free and safe move to Ste-Th\u00e9r\u00e8se. We carry out with the same standard of quality small, local or long distance moves. Our teams of movers are responsible for transporting and delivering all your goods efficiently and quickly. We offer you a complete and personalized moving service in Sainte-Th\u00e9r\u00e8se at a competitive price. To get an estimate for your moving project, do not hesitate to <a href=\"\/en\/residential-commercial-moving-services-laval-contact-us\/\">contact us<\/a>.<\/p>\n<p>We also offer a <a href=\"https:\/\/braultdemenagement.com\/en\/storage-laval\/\">storage service for your belongings<\/a> for a short or long period. In order to meet all your needs, we have a wide choice of storage space in our clean, heated warehouses, easy to access at all times and monitored by camera.[\/vc_column_text][\/vc_column_inner][\/vc_row_inner][mk_padding_divider size=&#8221;90&#8243;][\/vc_column][\/mk_page_section][mk_page_section bg_image=&#8221;https:\/\/braultdemenagement.com\/wp-content\/uploads\/2020\/08\/transport-demenagement.jpg&#8221; bg_color=&#8221;#1b5270&#8243; video_color_mask=&#8221;#1b5270&#8243; video_opacity=&#8221;0.7&#8243; padding_top=&#8221;90&#8243; padding_bottom=&#8221;90&#8243; el_class=&#8221;bjm-allwhite&#8221; sidebar=&#8221;sidebar-1&#8243;][vc_column][vc_row_inner][vc_column_inner width=&#8221;1\/12&#8243; css=&#8221;.vc_custom_1494593645880{padding-right: 60px !important;}&#8221;][\/vc_column_inner][vc_column_inner width=&#8221;10\/12&#8243;][vc_column_text align=&#8221;center&#8221; css=&#8221;.vc_custom_1691502802876{margin-bottom: 0px !important;}&#8221;]\n<h2 style=\"font-size: 2em;\">The #1 mover in Ste-Th\u00e9r\u00e8se<\/h2>\n<p>At Brault D\u00e9m\u00e9nagement, our teams of movers are available 7 days a week, including holidays, to offer you a complete and personalized service according to your needs. For your peace of mind, our Ste-Th\u00e9r\u00e8se movers will accompany you in all stages of your move to ensure professional, efficient, fast, impeccable and thorough service. Indeed, thanks to their expertise and know-how, our Ste-Th\u00e9r\u00e8se movers dismantle, pack, move, transport, reassemble, unpack all of your belongings with care and meticulousness. In addition, we place your furniture in the place you want. We also provide you with all the necessary equipment to secure your personal belongings, such as cardboard boxes for crockery or wardrobes, custom-made wooden boxes for large objects, mats and protective covers, etc.<\/p>\n<p>Our movers are trained and qualified to transport your heavy, bulky, fragile or non-standard objects with care and method and even for\u00a0<a href=\"https:\/\/braultdemenagement.com\/en\/residential-moving\/piano-moving\/\">piano moving<\/a>.[\/vc_column_text][mk_padding_divider][vc_separator el_width=&#8221;50&#8243; css=&#8221;.vc_custom_1494593680800{padding-top: 15px !important;padding-bottom: 15px !important;}&#8221;][mk_padding_divider size=&#8221;30&#8243;][vc_column_text align=&#8221;center&#8221; css=&#8221;.vc_custom_1691503088080{margin-bottom: 0px !important;}&#8221;]<strong>At Brault D\u00e9m\u00e9nagement, we offer a moving service in Sainte-Th\u00e9r\u00e8se, but we also serve <a href=\"https:\/\/braultdemenagement.com\/en\/residential-moving\/montreal\/\">Montreal<\/a>, <a href=\"\/en\/residential-moving\/laval\/\">Laval<\/a>, <a href=\"\/en\/residential-moving\/laurentians\/\">the Laurentians<\/a> and <a href=\"https:\/\/braultdemenagement.com\/en\/residential-moving\/lanaudiere\/\">Lanaudi\u00e8re<\/a>. We also carry out <a href=\"\/en\/residential-moving\/long-distance-move\/\">long-distance moves<\/a>, such as Montreal-Quebec or Montreal-Ottawa.<\/strong>[\/vc_column_text][mk_padding_divider size=&#8221;30&#8243;][\/vc_column_inner][vc_column_inner width=&#8221;1\/12&#8243;][\/vc_column_inner][\/vc_row_inner][\/vc_column][\/mk_page_section][mk_page_section sidebar=&#8221;sidebar-1&#8243;][vc_column][mk_padding_divider size=&#8221;90&#8243;][vc_row_inner el_class=&#8221;bjm-color-test&#8221;][vc_column_inner][vc_column_text align=&#8221;center&#8221; margin_bottom=&#8221;10&#8243; css=&#8221;.vc_custom_1691503106678{margin-bottom: 0px !important;}&#8221;]\n<h2>What our customers say about our moving service<\/h2>\n[\/vc_column_text][mk_testimonials skin=&#8221;light&#8221; categories=&#8221;ste-therese&#8221;][\/vc_column_inner][\/vc_row_inner][mk_padding_divider size=&#8221;90&#8243;][\/vc_column][\/mk_page_section][mk_page_section bg_color=&#8221;#ffffff&#8221; sidebar=&#8221;sidebar-1&#8243;][vc_column][mk_padding_divider size=&#8221;90&#8243;][vc_row_inner][vc_column_inner width=&#8221;2\/3&#8243;][vc_column_text align=&#8221;center&#8221; css=&#8221;.vc_custom_1691503260011{margin-bottom: 0px !important;}&#8221;]\n<h2 style=\"color: #404040;\">Before moving to Ste-Th\u00e9r\u00e8se, learn everything about this city<\/h2>\n<p style=\"color: #808080;\">The <a href=\"https:\/\/www.sainte-therese.ca\/\" target=\"_blank\" rel=\"noopener\">city of Sainte-Th\u00e9r\u00e8se<\/a> is located in the <a href=\"https:\/\/mrc-tdb.org\/\" target=\"_blank\" rel=\"noopener\">Regional County Municipality (MRC) of Th\u00e9r\u00e8se-De Blainville<\/a>, in the Laurentians region, about 30 km north of Montreal. The city covers 9.4 km2 and has more than 26,700 inhabitants. Sainte-Th\u00e9r\u00e8se has the slogan <em>\u201cCity of arts, culture and knowledge\u201d<\/em>.<\/p>\n<p style=\"color: #808080;\">Sainte-Th\u00e9r\u00e8se is located at the crossroads of two major highways, the 15 and the 640, so it plays an important commercial role. But it also offers a pleasant and safe living environment for its citizens. Sainte-Th\u00e9r\u00e8se has major artistic and cultural facilities and infrastructures such as a library, a renowned college-level program in theater and music, schools with a musical vocation, the Santa Teresa outdoor music festival, a gallery of art, an internationally renowned choir, a cultural centre, etc. It also has 32 parks and green spaces and offers many sports activities (14.7 km of bike paths including the Route verte, swimming pool, tennis, soccer, skating, walking, etc.) as well as several heritage sites and buildings.<\/p>\n[\/vc_column_text][mk_button dimension=&#8221;flat&#8221; size=&#8221;x-large&#8221; url=&#8221;\/en\/residential-commercial-moving-services-laval-contact-us\/&#8221; align=&#8221;center&#8221; margin_top=&#8221;15&#8243; margin_bottom=&#8221;0&#8243; margin_right=&#8221;0&#8243; bg_color=&#8221;#a39161&#8243; btn_hover_bg=&#8221;#ba9a51&#8243;]Contact us[\/mk_button][\/vc_column_inner][vc_column_inner width=&#8221;1\/3&#8243;][vc_single_image image=&#8221;6177&#8243; img_size=&#8221;full&#8221; add_caption=&#8221;yes&#8221;][vc_column_text css=&#8221;.vc_custom_1691503275910{margin-bottom: 0px !important;}&#8221;]<small style=\"color: #808080;\"><strong style=\"color: #808080;\">Lionel-Groulx College, Sainte-Th\u00e9r\u00e8se<\/strong><br \/>\nBy Khayman &#8211; Own work, CC BY-SA 3.0, <a href=\"https:\/\/commons.wikimedia.org\/w\/index.php?curid=5570491\" target=\"_blank\" rel=\"noopener\">https:\/\/commons.wikimedia.org\/w\/index.php?curid=5570491<\/a><\/small>[\/vc_column_text][\/vc_column_inner][\/vc_row_inner][mk_padding_divider size=&#8221;90&#8243;][\/vc_column][\/mk_page_section]\n<\/div>","protected":false},"excerpt":{"rendered":"<p>[vc_row fullwidth=&#8221;true&#8221; fullwidth_content=&#8221;false&#8221; css=&#8221;.vc_custom_1651605885189{background-color: #f7f7f7 !important;}&#8221; el_class=&#8221;bjm-bc&#8221;][vc_column css=&#8221;.vc_custom_1651601447636{padding-top: 18px !important;padding-bottom: 9px !important;}&#8221;][vc_column_text css=&#8221;.vc_custom_1651600806659{margin-bottom: 0px !important;}&#8221;][\/vc_column_text][\/vc_column][\/vc_row][mk_page_section bg_image=&#8221;https:\/\/braultdemenagement.com\/wp-content\/uploads\/2023\/08\/equipe-brault-demenagement.jpg&#8221; bg_color=&#8221;#ffffff&#8221; bg_position=&#8221;center center&#8221; bg_repeat=&#8221;no-repeat&#8221; bg_stretch=&#8221;true&#8221; enable_3d=&#8221;true&#8221; video_color_mask=&#8221;#000000&#8243; video_opacity=&#8221;0.3&#8243; min_height=&#8221;650&#8243; full_width=&#8221;true&#8221; el_class=&#8221;bjm-estimate-form&#8221; sidebar=&#8221;sidebar-1&#8243;][vc_column width=&#8221;1\/12&#8243;][\/vc_column][vc_column width=&#8221;7\/12&#8243;][mk_padding_divider size=&#8221;120&#8243; visibility=&#8221;hidden-sm&#8221;][mk_padding_divider size=&#8221;60&#8243;][vc_column_text el_class=&#8221;bjm-h2-title&#8221; css=&#8221;.vc_custom_1691503480416{margin-bottom: 0px !important;}&#8221;] Moving professionals in Ste-Th\u00e9r\u00e8se and surrounding areas [\/vc_column_text][mk_button dimension=&#8221;flat&#8221; size=&#8221;large&#8221; url=&#8221;\/en\/residential-commercial-moving-services-laval-contact-us\/&#8221;]Information request[\/mk_button][mk_padding_divider size=&#8221;60&#8243;][\/vc_column][vc_column width=&#8221;1\/3&#8243;][\/vc_column][\/mk_page_section][mk_page_section sidebar=&#8221;sidebar-1&#8243;][vc_column][mk_padding_divider size=&#8221;90&#8243;][vc_row_inner][vc_column_inner][vc_column_text align=&#8221;center&#8221; css=&#8221;.vc_custom_1730738153633{margin-bottom: [&hellip;]<\/p>\n","protected":false},"author":4,"featured_media":6180,"parent":332,"menu_order":0,"comment_status":"closed","ping_status":"closed","template":"","meta":{"footnotes":""},"class_list":["post-6176","page","type-page","status-publish","has-post-thumbnail","hentry"],"_links":{"self":[{"href":"https:\/\/braultdemenagement.com\/en\/wp-json\/wp\/v2\/pages\/6176","targetHints":{"allow":["GET"]}}],"collection":[{"href":"https:\/\/braultdemenagement.com\/en\/wp-json\/wp\/v2\/pages"}],"about":[{"href":"https:\/\/braultdemenagement.com\/en\/wp-json\/wp\/v2\/types\/page"}],"author":[{"embeddable":true,"href":"https:\/\/braultdemenagement.com\/en\/wp-json\/wp\/v2\/users\/4"}],"replies":[{"embeddable":true,"href":"https:\/\/braultdemenagement.com\/en\/wp-json\/wp\/v2\/comments?post=6176"}],"version-history":[{"count":8,"href":"https:\/\/braultdemenagement.com\/en\/wp-json\/wp\/v2\/pages\/6176\/revisions"}],"predecessor-version":[{"id":7727,"href":"https:\/\/braultdemenagement.com\/en\/wp-json\/wp\/v2\/pages\/6176\/revisions\/7727"}],"up":[{"embeddable":true,"href":"https:\/\/braultdemenagement.com\/en\/wp-json\/wp\/v2\/pages\/332"}],"wp:featuredmedia":[{"embeddable":true,"href":"https:\/\/braultdemenagement.com\/en\/wp-json\/wp\/v2\/media\/6180"}],"wp:attachment":[{"href":"https:\/\/braultdemenagement.com\/en\/wp-json\/wp\/v2\/media?parent=6176"}],"curies":[{"name":"wp","href":"https:\/\/api.w.org\/{rel}","templated":true}]}}