{"id":6250,"date":"2023-08-08T10:58:37","date_gmt":"2023-08-08T14:58:37","guid":{"rendered":"https:\/\/braultdemenagement.com\/?page_id=6250"},"modified":"2024-11-04T11:37:53","modified_gmt":"2024-11-04T16:37:53","slug":"rosemere","status":"publish","type":"page","link":"https:\/\/braultdemenagement.com\/en\/residential-moving\/rosemere\/","title":{"rendered":"Rosem\u00e8re Moving"},"content":{"rendered":"<div class=\"wpb-content-wrapper\">[vc_row fullwidth=&#8221;true&#8221; fullwidth_content=&#8221;false&#8221; css=&#8221;.vc_custom_1651605885189{background-color: #f7f7f7 !important;}&#8221; el_class=&#8221;bjm-bc&#8221;][vc_column css=&#8221;.vc_custom_1651601447636{padding-top: 18px !important;padding-bottom: 9px !important;}&#8221;][vc_column_text css=&#8221;.vc_custom_1651600806659{margin-bottom: 0px !important;}&#8221;]<span><span><a href=\"https:\/\/braultdemenagement.com\/en\/\">Home<\/a><\/span><\/span>[\/vc_column_text][\/vc_column][\/vc_row][mk_page_section bg_image=&#8221;https:\/\/braultdemenagement.com\/wp-content\/uploads\/2023\/08\/demenagement-rosemere.jpg&#8221; bg_color=&#8221;#ffffff&#8221; bg_position=&#8221;center center&#8221; bg_repeat=&#8221;no-repeat&#8221; bg_stretch=&#8221;true&#8221; enable_3d=&#8221;true&#8221; video_color_mask=&#8221;#000000&#8243; video_opacity=&#8221;0.3&#8243; min_height=&#8221;650&#8243; full_width=&#8221;true&#8221; el_class=&#8221;bjm-estimate-form&#8221; sidebar=&#8221;sidebar-1&#8243;][vc_column width=&#8221;1\/12&#8243;][\/vc_column][vc_column width=&#8221;7\/12&#8243;][mk_padding_divider size=&#8221;120&#8243; visibility=&#8221;hidden-sm&#8221;][mk_padding_divider size=&#8221;60&#8243;][vc_column_text el_class=&#8221;bjm-h2-title&#8221; css=&#8221;.vc_custom_1691507203784{margin-bottom: 0px !important;}&#8221;]\n<h2><b>Moving specialists in Rosem\u00e8re and surroundings<\/b><\/h2>\n[\/vc_column_text][mk_button dimension=&#8221;flat&#8221; size=&#8221;large&#8221; url=&#8221;\/en\/residential-commercial-moving-services-laval-contact-us\/&#8221;]Information Request[\/mk_button][mk_padding_divider size=&#8221;60&#8243;][\/vc_column][vc_column width=&#8221;1\/3&#8243;]\n<div class=\"wpcf7 no-js\" id=\"wpcf7-f1663-o1\" lang=\"fr-FR\" dir=\"ltr\" data-wpcf7-id=\"1663\">\n<div class=\"screen-reader-response\"><p role=\"status\" aria-live=\"polite\" aria-atomic=\"true\"><\/p> <ul><\/ul><\/div>\n<form action=\"\/en\/wp-json\/wp\/v2\/pages\/6250#wpcf7-f1663-o1\" method=\"post\" class=\"wpcf7-form init\" aria-label=\"Formulaire de contact\" novalidate=\"novalidate\" data-status=\"init\">\n<fieldset class=\"hidden-fields-container\"><input type=\"hidden\" name=\"_wpcf7\" value=\"1663\" \/><input type=\"hidden\" name=\"_wpcf7_version\" value=\"6.1.5\" \/><input type=\"hidden\" name=\"_wpcf7_locale\" value=\"fr_FR\" \/><input type=\"hidden\" name=\"_wpcf7_unit_tag\" value=\"wpcf7-f1663-o1\" \/><input type=\"hidden\" name=\"_wpcf7_container_post\" value=\"0\" \/><input type=\"hidden\" name=\"_wpcf7_posted_data_hash\" value=\"\" \/><input type=\"hidden\" name=\"_wpcf7_recaptcha_response\" value=\"\" \/>\n<\/fieldset>\n<div class=\"bjm-estimation-form\">\n\t<h3>Information request\n\t<\/h3>\n\t<p><span class=\"wpcf7-form-control-wrap\" data-name=\"your-name\"><input size=\"40\" maxlength=\"400\" class=\"wpcf7-form-control wpcf7-text wpcf7-validates-as-required\" autocomplete=\"off\" aria-required=\"true\" aria-invalid=\"false\" placeholder=\"Full name*\" value=\"\" type=\"text\" name=\"your-name\" \/><\/span><br \/>\n<span class=\"wpcf7-form-control-wrap\" data-name=\"your-tel\"><input size=\"40\" maxlength=\"400\" class=\"wpcf7-form-control wpcf7-tel wpcf7-validates-as-required wpcf7-text wpcf7-validates-as-tel\" autocomplete=\"off\" aria-required=\"true\" aria-invalid=\"false\" placeholder=\"Phone*\" value=\"\" type=\"tel\" name=\"your-tel\" \/><\/span><br \/>\n<span class=\"wpcf7-form-control-wrap\" data-name=\"your-email\"><input size=\"40\" maxlength=\"400\" class=\"wpcf7-form-control wpcf7-email wpcf7-validates-as-required wpcf7-text wpcf7-validates-as-email\" autocomplete=\"off\" aria-required=\"true\" aria-invalid=\"false\" placeholder=\"Email*\" value=\"\" type=\"email\" name=\"your-email\" \/><\/span><br \/>\n<span class=\"wpcf7-form-control-wrap\" data-name=\"your-res-com\"><span class=\"wpcf7-form-control wpcf7-radio\"><span class=\"wpcf7-list-item first\"><label><input type=\"radio\" name=\"your-res-com\" value=\"Residential\" checked=\"checked\" \/><span class=\"wpcf7-list-item-label\">Residential<\/span><\/label><\/span><span class=\"wpcf7-list-item last\"><label><input type=\"radio\" name=\"your-res-com\" value=\"Commercial\" \/><span class=\"wpcf7-list-item-label\">Commercial<\/span><\/label><\/span><\/span><\/span>\n\t<\/p>\n\t<div style=\"height:5px\">\n\t<\/div>\n\t<p><span class=\"bjm-slider-form-field\">Moving date*<\/span><br \/>\n<span class=\"wpcf7-form-control-wrap\" data-name=\"your-date\"><input size=\"40\" maxlength=\"400\" class=\"wpcf7-form-control wpcf7-text wpcf7-validates-as-required\" autocomplete=\"off\" aria-required=\"true\" aria-invalid=\"false\" placeholder=\"dd\/mm\/yyyy\" value=\"\" type=\"text\" name=\"your-date\" \/><\/span><br \/>\n<span class=\"wpcf7-form-control-wrap\" data-name=\"city-start\"><input size=\"40\" maxlength=\"400\" class=\"wpcf7-form-control wpcf7-text wpcf7-validates-as-required\" autocomplete=\"off\" aria-required=\"true\" aria-invalid=\"false\" placeholder=\"From (city)*\" value=\"\" type=\"text\" name=\"city-start\" \/><\/span><br \/>\n<span class=\"wpcf7-form-control-wrap\" data-name=\"city-end\"><input size=\"40\" maxlength=\"400\" class=\"wpcf7-form-control wpcf7-text wpcf7-validates-as-required\" autocomplete=\"off\" aria-required=\"true\" aria-invalid=\"false\" placeholder=\"To (city)*\" value=\"\" type=\"text\" name=\"city-end\" \/><\/span><br \/>\n<input class=\"wpcf7-form-control wpcf7-submit has-spinner\" type=\"submit\" value=\"Send\" \/><br \/>\n<script>\ndocument.addEventListener( 'wpcf7mailsent', function( event ) {\n location = 'https:\/\/braultdemenagement.com\/en\/thank-you\/';\n}, false );\n<\/script>\n\t<\/p>\n<\/div><div class=\"wpcf7-response-output\" aria-hidden=\"true\"><\/div>\n<\/form>\n<\/div>\n[\/vc_column][\/mk_page_section][mk_page_section sidebar=&#8221;sidebar-1&#8243;][vc_column][mk_padding_divider size=&#8221;90&#8243;][vc_row_inner][vc_column_inner][vc_column_text align=&#8221;center&#8221; css=&#8221;.vc_custom_1730738256284{margin-bottom: 0px !important;}&#8221;]\n<h1>Make your move to Rosem\u00e8re a success!<\/h1>\n<p>Since 1956, Brault D\u00e9m\u00e9nagement has provided high quality residential or commercial moving services in Rosem\u00e8re, Laval, Montreal, the North Shore, the Laurentians and Lanaudi\u00e8re. You can therefore count on our experience and our professionalism to carry out your move in Rosem\u00e8re or the surrounding area with flying colors.<\/p>\n<p>Whether you want to make a small move, a change of residence in another region, another province or just a few blocks away, our teams of professional movers in Rosem\u00e8re are responsible for transporting and delivering all of your goods quickly and efficiently. and in a safe manner. Thanks to our expertise, we offer you a personalized, impeccable and complete moving service at a competitive price. To get a free estimate for your moving project in Rosem\u00e8re, do not hesitate to <a href=\"\/en\/residential-commercial-moving-services-laval-contact-us\/\">contact us<\/a>.[\/vc_column_text][\/vc_column_inner][\/vc_row_inner][mk_padding_divider size=&#8221;90&#8243;][\/vc_column][\/mk_page_section][mk_page_section bg_image=&#8221;https:\/\/braultdemenagement.com\/wp-content\/uploads\/2020\/08\/transport-demenagement.jpg&#8221; bg_color=&#8221;#1b5270&#8243; video_color_mask=&#8221;#1b5270&#8243; video_opacity=&#8221;0.7&#8243; padding_top=&#8221;90&#8243; padding_bottom=&#8221;90&#8243; el_class=&#8221;bjm-allwhite&#8221; sidebar=&#8221;sidebar-1&#8243;][vc_column][vc_row_inner][vc_column_inner width=&#8221;1\/12&#8243; css=&#8221;.vc_custom_1494593645880{padding-right: 60px !important;}&#8221;][\/vc_column_inner][vc_column_inner width=&#8221;10\/12&#8243;][vc_column_text align=&#8221;center&#8221; css=&#8221;.vc_custom_1691508560807{margin-bottom: 0px !important;}&#8221;]\n<h2>Mover in Rosem\u00e8re: the #1 choice<\/h2>\n<p>Our teams of movers in Rosem\u00e8re support you in all stages of your move. For your peace of mind, our movers are available 7 days a week, including holidays, to offer you a fully personalized service that meets all of your needs. Thanks to our expertise and experience, we are able to guarantee you a worry-free and safe move. Our teams of movers in Rosem\u00e8re take care of all your belongings efficiently and meticulously, whether they are heavy, fragile or bulky, such as <a href=\"https:\/\/braultdemenagement.com\/en\/residential-moving\/piano-moving\/\">piano<\/a>. Indeed, we pack, move, transport, unpack, dismantle, reassemble and place your furniture as well as your personal effects with care and meticulousness. In addition, we provide you with all the necessary equipment such as <a href=\"https:\/\/braultdemenagement.com\/en\/packing-unpacking\/#packing-package\">cardboard boxes<\/a> for the dishes or wardrobes, custom-made wooden boxes for large items, protective mats, covers, etc.<\/p>\n<p>Because the unexpected can happen during a move, at Brault D\u00e9m\u00e9nagement, we provide you with a <a href=\"https:\/\/braultdemenagement.com\/en\/storage-laval\/\">storage service<\/a> of high quality for a short or long period. In fact, to meet all your needs, we have a wide choice of storage space in our warehouses that are easy to access at all times, heated, clean and monitored by camera.[\/vc_column_text][mk_padding_divider][vc_separator el_width=&#8221;50&#8243; css=&#8221;.vc_custom_1494593680800{padding-top: 15px !important;padding-bottom: 15px !important;}&#8221;][mk_padding_divider size=&#8221;30&#8243;][vc_column_text align=&#8221;center&#8221; css=&#8221;.vc_custom_1691508524074{margin-bottom: 0px !important;}&#8221;]<strong>At Brault D\u00e9m\u00e9nagement, we offer you a high quality moving service in Rosem\u00e8re, but we also serve <a href=\"https:\/\/braultdemenagement.com\/en\/residential-moving\/montreal\/\">Montr\u00e9al<\/a>, <a href=\"https:\/\/braultdemenagement.com\/en\/residential-moving\/laval\/\">Laval<\/a>, the <a href=\"https:\/\/braultdemenagement.com\/en\/residential-moving\/north-shore-moving\/\">Rive-Nord<\/a>, <a href=\"https:\/\/braultdemenagement.com\/en\/residential-moving\/laurentians\/\">the Laurentians<\/a> and <a href=\"https:\/\/braultdemenagement.com\/en\/residential-moving\/lanaudiere\/\">Lanaudiere<\/a>.<\/strong>[\/vc_column_text][mk_padding_divider size=&#8221;30&#8243;][\/vc_column_inner][vc_column_inner width=&#8221;1\/12&#8243;][\/vc_column_inner][\/vc_row_inner][\/vc_column][\/mk_page_section][mk_page_section sidebar=&#8221;sidebar-1&#8243;][vc_column][mk_padding_divider size=&#8221;90&#8243;][vc_row_inner el_class=&#8221;bjm-color-test&#8221;][vc_column_inner][vc_column_text align=&#8221;center&#8221; margin_bottom=&#8221;10&#8243; css=&#8221;.vc_custom_1691508280943{margin-bottom: 0px !important;}&#8221;]\n<h2><b>The opinions of our customers on our moving service<\/b><\/h2>\n[\/vc_column_text][mk_testimonials skin=&#8221;light&#8221; categories=&#8221;rosemere&#8221;][\/vc_column_inner][\/vc_row_inner][mk_button dimension=&#8221;flat&#8221; size=&#8221;x-large&#8221; url=&#8221;\/avis\/&#8221; align=&#8221;center&#8221; margin_top=&#8221;15&#8243; margin_bottom=&#8221;0&#8243; margin_right=&#8221;0&#8243; bg_color=&#8221;#a39161&#8243; btn_hover_bg=&#8221;#ba9a51&#8243;]See more testimonials[\/mk_button][mk_padding_divider size=&#8221;90&#8243;][\/vc_column][\/mk_page_section][mk_page_section bg_color=&#8221;#ffffff&#8221; sidebar=&#8221;sidebar-1&#8243;][vc_column][mk_padding_divider size=&#8221;90&#8243;][vc_row_inner][vc_column_inner width=&#8221;2\/3&#8243;][vc_column_text align=&#8221;center&#8221; css=&#8221;.vc_custom_1691509588366{margin-bottom: 0px !important;}&#8221;]\n<h2 style=\"color: #404040;\">All about Rosem\u00e8re for a perfect move<\/h2>\n<p style=\"color: #808080;\">The <a href=\"https:\/\/www.ville.rosemere.qc.ca\/home\/\" target=\"_blank\" rel=\"noopener\">town of Rosem\u00e8re<\/a> is located in the <a href=\"https:\/\/mrc-tdb.org\/\" target=\"_blank\" rel=\"noopener\">Regional County Municipality (MRC) of Th\u00e9r\u00e8se-De Blainville<\/a>, in the Laurentians region, about 30 km northwest of Montreal. Rosem\u00e8re runs along the north shore of the Rivi\u00e8re des Mille \u00celes for 4.5 km and covers 12.35 km2. It is one of the few cities in Quebec to have the status of a bilingual French-English municipality. It has more than 14,000 inhabitants.<\/p>\n<p style=\"color: #808080;\">Easily accessible by highways 13, 15 and 640, Rosem\u00e8re plays a major role in the region on a commercial level, but it also offers a pleasant and safe living environment for its citizens. It is a city that has many parks and green spaces and offers many sporting (bicycle lanes, tennis, soccer, etc.) and cultural (outdoor parties, library, exhibitions, choir, etc.) activities as well as than a historical heritage including a few houses. In addition, the city of Rosem\u00e8re is strongly oriented towards the development of its green spaces and the protection of its natural environment. This is why the city has won some fifty prizes and distinctions, over the years, in various competitions in Quebec and Canada for its initiatives in terms of horticultural embellishment, landscaping and urban forestry.<\/p>\n[\/vc_column_text][mk_button dimension=&#8221;flat&#8221; size=&#8221;x-large&#8221; url=&#8221;\/en\/residential-commercial-moving-services-laval-contact-us\/&#8221; align=&#8221;center&#8221; margin_top=&#8221;15&#8243; margin_bottom=&#8221;0&#8243; margin_right=&#8221;0&#8243; bg_color=&#8221;#a39161&#8243; btn_hover_bg=&#8221;#ba9a51&#8243;]Contact us[\/mk_button][\/vc_column_inner][vc_column_inner width=&#8221;1\/3&#8243;][vc_single_image image=&#8221;6253&#8243; img_size=&#8221;full&#8221; add_caption=&#8221;yes&#8221;][vc_column_text css=&#8221;.vc_custom_1691508401941{margin-bottom: 0px !important;}&#8221;]<small style=\"color: #808080;\"><strong style=\"color: #808080;\">Rosem\u00e8re Train Station<\/strong><br \/>\n<a href=\"https:\/\/commons.wikimedia.org\/wiki\/File:Rosem%C3%A8re_(exo)_train_station.jpg\">Ed7789<\/a>, <a href=\"https:\/\/creativecommons.org\/licenses\/by-sa\/4.0\">CC BY-SA 4.0<\/a>, via Wikimedia Commons<\/small>[\/vc_column_text][\/vc_column_inner][\/vc_row_inner][mk_padding_divider size=&#8221;90&#8243;][\/vc_column][\/mk_page_section]\n<\/div>","protected":false},"excerpt":{"rendered":"<p>[vc_row fullwidth=&#8221;true&#8221; fullwidth_content=&#8221;false&#8221; css=&#8221;.vc_custom_1651605885189{background-color: #f7f7f7 !important;}&#8221; el_class=&#8221;bjm-bc&#8221;][vc_column css=&#8221;.vc_custom_1651601447636{padding-top: 18px !important;padding-bottom: 9px !important;}&#8221;][vc_column_text css=&#8221;.vc_custom_1651600806659{margin-bottom: 0px !important;}&#8221;][\/vc_column_text][\/vc_column][\/vc_row][mk_page_section bg_image=&#8221;https:\/\/braultdemenagement.com\/wp-content\/uploads\/2023\/08\/demenagement-rosemere.jpg&#8221; bg_color=&#8221;#ffffff&#8221; bg_position=&#8221;center center&#8221; bg_repeat=&#8221;no-repeat&#8221; bg_stretch=&#8221;true&#8221; enable_3d=&#8221;true&#8221; video_color_mask=&#8221;#000000&#8243; video_opacity=&#8221;0.3&#8243; min_height=&#8221;650&#8243; full_width=&#8221;true&#8221; el_class=&#8221;bjm-estimate-form&#8221; sidebar=&#8221;sidebar-1&#8243;][vc_column width=&#8221;1\/12&#8243;][\/vc_column][vc_column width=&#8221;7\/12&#8243;][mk_padding_divider size=&#8221;120&#8243; visibility=&#8221;hidden-sm&#8221;][mk_padding_divider size=&#8221;60&#8243;][vc_column_text el_class=&#8221;bjm-h2-title&#8221; css=&#8221;.vc_custom_1691507203784{margin-bottom: 0px !important;}&#8221;] Moving specialists in Rosem\u00e8re and surroundings [\/vc_column_text][mk_button dimension=&#8221;flat&#8221; size=&#8221;large&#8221; url=&#8221;\/en\/residential-commercial-moving-services-laval-contact-us\/&#8221;]Information Request[\/mk_button][mk_padding_divider size=&#8221;60&#8243;][\/vc_column][vc_column width=&#8221;1\/3&#8243;][\/vc_column][\/mk_page_section][mk_page_section sidebar=&#8221;sidebar-1&#8243;][vc_column][mk_padding_divider size=&#8221;90&#8243;][vc_row_inner][vc_column_inner][vc_column_text align=&#8221;center&#8221; css=&#8221;.vc_custom_1730738256284{margin-bottom: 0px [&hellip;]<\/p>\n","protected":false},"author":4,"featured_media":6256,"parent":332,"menu_order":0,"comment_status":"closed","ping_status":"closed","template":"","meta":{"footnotes":""},"class_list":["post-6250","page","type-page","status-publish","has-post-thumbnail","hentry"],"_links":{"self":[{"href":"https:\/\/braultdemenagement.com\/en\/wp-json\/wp\/v2\/pages\/6250","targetHints":{"allow":["GET"]}}],"collection":[{"href":"https:\/\/braultdemenagement.com\/en\/wp-json\/wp\/v2\/pages"}],"about":[{"href":"https:\/\/braultdemenagement.com\/en\/wp-json\/wp\/v2\/types\/page"}],"author":[{"embeddable":true,"href":"https:\/\/braultdemenagement.com\/en\/wp-json\/wp\/v2\/users\/4"}],"replies":[{"embeddable":true,"href":"https:\/\/braultdemenagement.com\/en\/wp-json\/wp\/v2\/comments?post=6250"}],"version-history":[{"count":9,"href":"https:\/\/braultdemenagement.com\/en\/wp-json\/wp\/v2\/pages\/6250\/revisions"}],"predecessor-version":[{"id":7730,"href":"https:\/\/braultdemenagement.com\/en\/wp-json\/wp\/v2\/pages\/6250\/revisions\/7730"}],"up":[{"embeddable":true,"href":"https:\/\/braultdemenagement.com\/en\/wp-json\/wp\/v2\/pages\/332"}],"wp:featuredmedia":[{"embeddable":true,"href":"https:\/\/braultdemenagement.com\/en\/wp-json\/wp\/v2\/media\/6256"}],"wp:attachment":[{"href":"https:\/\/braultdemenagement.com\/en\/wp-json\/wp\/v2\/media?parent=6250"}],"curies":[{"name":"wp","href":"https:\/\/api.w.org\/{rel}","templated":true}]}}